{"id":55188,"date":"2026-04-28T11:03:26","date_gmt":"2026-04-28T09:03:26","guid":{"rendered":"https:\/\/techstore.ba\/shop\/?post_type=product&#038;p=55188"},"modified":"2026-04-28T12:01:36","modified_gmt":"2026-04-28T10:01:36","slug":"mobitel-samsung-galaxy-a57-5g-8gb-256gb-awesome-icyblue","status":"publish","type":"product","link":"https:\/\/techstore.ba\/shop\/product\/mobitel-samsung-galaxy-a57-5g-8gb-256gb-awesome-icyblue\/","title":{"rendered":"Mobitel Samsung Galaxy A57 5G 8GB 256GB Awesome Icyblue"},"content":{"rendered":"<h4 class=\"title text-dark pb-2\">Mobitel Samsung Galaxy A57 5G 8GB 256GB Awesome Icyblue<\/h4>\n<p>Samsung Galaxy A57 5G je moderan mid-range telefon sa velikim i vrlo kvalitetnim AMOLED ekranom i dugotrajnom baterijom. Nudi solidne performanse za svakodnevnu upotrebu, multitasking i 5G povezivanje, ali nije namijenjen za zahtjevno gaming kori\u0161tenje. Kamera daje dobre rezultate po danu, dok je ukupno ure\u0111aj pouzdan izbor za korisnike koji \u017eele balans cijene i funkcionalnosti.<\/p>\n","protected":false},"excerpt":{"rendered":"<ul>\n<li data-section-id=\"14kuj3p\" data-start=\"67\" data-end=\"147\">Ekran: 6.7&#8221; Super AMOLED+, FHD+, 120Hz<\/li>\n<li data-section-id=\"1p3no7x\" data-start=\"148\" data-end=\"223\">Procesor: Exynos 1680 (octa-core)<\/li>\n<li data-section-id=\"1eamu17\" data-start=\"224\" data-end=\"305\">RAM \/ memorija: 8GB RAM + 256GB storage<\/li>\n<li data-section-id=\"fhdtlq\" data-start=\"306\" data-end=\"412\">Kamera: 50MP (glavna) + 12MP ultra-wide + 5MP macro, selfie 12MP<\/li>\n<li data-section-id=\"j2e2fq\" data-start=\"413\" data-end=\"492\">Baterija: 5000 mAh, brzo punjenje 45W<\/li>\n<li data-section-id=\"7zwlsr\" data-start=\"493\" data-end=\"557\">OS: Android 16, One UI<\/li>\n<li data-section-id=\"1gq9srn\" data-start=\"558\" data-end=\"633\">Ostalo: 5G, IP68, stereo zvu\u010dnici<\/li>\n<\/ul>\n","protected":false},"featured_media":55187,"template":"","meta":[],"product_cat":[509,560,475],"product_tag":[],"class_list":{"0":"post-55188","1":"product","2":"type-product","3":"status-publish","4":"has-post-thumbnail","6":"product_brand-samsung","7":"product_cat-ct-telefonmob","8":"product_cat-brend-samsung","9":"product_cat-ct-smartphone","11":"first","12":"instock","13":"shipping-taxable","14":"purchasable","15":"product-type-simple"},"_links":{"self":[{"href":"https:\/\/techstore.ba\/shop\/wp-json\/wp\/v2\/product\/55188","targetHints":{"allow":["GET"]}}],"collection":[{"href":"https:\/\/techstore.ba\/shop\/wp-json\/wp\/v2\/product"}],"about":[{"href":"https:\/\/techstore.ba\/shop\/wp-json\/wp\/v2\/types\/product"}],"wp:featuredmedia":[{"embeddable":true,"href":"https:\/\/techstore.ba\/shop\/wp-json\/wp\/v2\/media\/55187"}],"wp:attachment":[{"href":"https:\/\/techstore.ba\/shop\/wp-json\/wp\/v2\/media?parent=55188"}],"wp:term":[{"taxonomy":"product_cat","embeddable":true,"href":"https:\/\/techstore.ba\/shop\/wp-json\/wp\/v2\/product_cat?post=55188"},{"taxonomy":"product_tag","embeddable":true,"href":"https:\/\/techstore.ba\/shop\/wp-json\/wp\/v2\/product_tag?post=55188"}],"curies":[{"name":"wp","href":"https:\/\/api.w.org\/{rel}","templated":true}]}}