{"id":55141,"date":"2026-04-23T16:38:09","date_gmt":"2026-04-23T14:38:09","guid":{"rendered":"https:\/\/techstore.ba\/shop\/?post_type=product&#038;p=55141"},"modified":"2026-04-23T16:38:09","modified_gmt":"2026-04-23T14:38:09","slug":"samsung-galaxy-s25-12-256gb-silver","status":"publish","type":"product","link":"https:\/\/techstore.ba\/shop\/product\/samsung-galaxy-s25-12-256gb-silver\/","title":{"rendered":"SAMSUNG GALAXY S25 12\/256GB Silver"},"content":{"rendered":"","protected":false},"excerpt":{"rendered":"<ul class=\"KsbFXc U6u95\" data-sfc-cb=\"\" data-complete=\"true\" data-processed=\"true\">\n<li class=\"dF3vjf\" data-sfc-cb=\"\" data-hveid=\"CAEIAhAA\" data-complete=\"true\" data-sae=\"\"><span class=\"T286Pc\" data-sfc-cp=\"\" data-sfc-cb=\"\" data-complete=\"true\"><strong class=\"Yjhzub\" data-sfc-cb=\"\" data-complete=\"true\">Ekran:<\/strong>\u00a0Kompaktni\u00a0<strong class=\"Yjhzub\" data-sfc-cb=\"\" data-complete=\"true\">6,2-in\u010dni<\/strong>\u00a0Dynamic AMOLED 2X sa frekvencijom osvje\u017eavanja od 120Hz i izuzetno tankim, simetri\u010dnim okvirima. [2, 6]<\/span><\/li>\n<li class=\"dF3vjf\" data-sfc-cb=\"\" data-hveid=\"CAEIAhAB\" data-complete=\"true\" data-sae=\"\"><span class=\"T286Pc\" data-sfc-cp=\"\" data-sfc-cb=\"\" data-complete=\"true\"><strong class=\"Yjhzub\" data-sfc-cb=\"\" data-complete=\"true\">Memorija:<\/strong>\u00a0Nadogra\u0111enih\u00a0<strong class=\"Yjhzub\" data-sfc-cb=\"\" data-complete=\"true\">12 GB RAM-a<\/strong>\u00a0(pobolj\u0161anje u odnosu na prethodnu generaciju za bolji rad vje\u0161ta\u010dke inteligencije) i\u00a0<strong class=\"Yjhzub\" data-sfc-cb=\"\" data-complete=\"true\">256 GB<\/strong>\u00a0ultra-brze interne memorije. [2, 10]<\/span><\/li>\n<li class=\"dF3vjf\" data-sfc-cb=\"\" data-hveid=\"CAEIAhAC\" data-complete=\"true\" data-sae=\"\"><span class=\"T286Pc\" data-sfc-cp=\"\" data-sfc-cb=\"\" data-complete=\"true\"><strong class=\"Yjhzub\" data-sfc-cb=\"\" data-complete=\"true\">Boja:<\/strong>\u00a0Silver (Siva)\u00a0<\/span><\/li>\n<li class=\"dF3vjf\" data-sfc-cb=\"\" data-hveid=\"CAEIAhAD\" data-complete=\"true\" data-sae=\"\"><span class=\"T286Pc\" data-sfc-cp=\"\" data-sfc-cb=\"\" data-complete=\"true\"><strong class=\"Yjhzub\" data-sfc-cb=\"\" data-complete=\"true\">Softver:<\/strong>\u00a0Pokre\u0107e ga\u00a0<strong class=\"Yjhzub\" data-sfc-cb=\"\" data-complete=\"true\">Android 15<\/strong>\u00a0uz\u00a0<strong class=\"Yjhzub\" data-sfc-cb=\"\" data-complete=\"true\">One UI 7<\/strong>, sa punim pristupom najnovijim\u00a0<strong class=\"Yjhzub\" data-sfc-cb=\"\" data-complete=\"true\">Galaxy AI<\/strong>\u00a0funkcijama. [11]<\/span><\/li>\n<li class=\"dF3vjf\" data-sfc-cb=\"\" data-hveid=\"CAEIAhAE\" data-complete=\"true\" data-sae=\"\"><span class=\"T286Pc\" data-sfc-cp=\"\" data-sfc-cb=\"\" data-complete=\"true\"><strong class=\"Yjhzub\" data-sfc-cb=\"\" data-complete=\"true\">Kamere:<\/strong>\u00a0Trostruki sistem \u2014\u00a0<strong class=\"Yjhzub\" data-sfc-cb=\"\" data-complete=\"true\">50 MP<\/strong>\u00a0(glavna sa OIS) +\u00a0<strong class=\"Yjhzub\" data-sfc-cb=\"\" data-complete=\"true\">10 MP<\/strong>\u00a0(telefoto sa 3x opti\u010dkim zumom) +\u00a0<strong class=\"Yjhzub\" data-sfc-cb=\"\" data-complete=\"true\">12 MP<\/strong>\u00a0(ultra-\u0161iroka); naprijed\u00a0<strong class=\"Yjhzub\" data-sfc-cb=\"\" data-complete=\"true\">12 MP<\/strong>\u00a0Dual Pixel kamera. [6, 11]<\/span><\/li>\n<li class=\"dF3vjf\" data-sfc-cb=\"\" data-hveid=\"CAEIAhAF\" data-complete=\"true\" data-sae=\"\"><span class=\"T286Pc\" data-sfc-cp=\"\" data-sfc-cb=\"\" data-complete=\"true\"><strong class=\"Yjhzub\" data-sfc-cb=\"\" data-complete=\"true\">Performanse:<\/strong>\u00a0Najnoviji\u00a0<strong class=\"Yjhzub\" data-sfc-cb=\"\" data-complete=\"true\">Snapdragon 8 Elite<\/strong>\u00a0\u010dipset, koji nudi vrhunsku brzinu i znatno bolju energetsku efikasnost. [11]<\/span><\/li>\n<li class=\"dF3vjf\" data-sfc-cb=\"\" data-hveid=\"CAEIAhAG\" data-complete=\"true\" data-sae=\"\"><span class=\"T286Pc\" data-sfc-cp=\"\" data-sfc-cb=\"\" data-complete=\"true\" aria-owns=\"action-menu-parent-container\"><strong class=\"Yjhzub\" data-sfc-cb=\"\" data-complete=\"true\">Dugovje\u010dnost:<\/strong>\u00a0Samsung garantuje\u00a0<strong class=\"Yjhzub\" data-sfc-cb=\"\" data-complete=\"true\">7 godina<\/strong>\u00a0softverskih a\u017euriranja i sigurnosnih zakrpa, uz\u00a0<strong class=\"Yjhzub\" data-sfc-cb=\"\" data-complete=\"true\">IP68<\/strong>\u00a0otpornost na vodu i pra\u0161inu.<\/span><\/li>\n<li data-sfc-cb=\"\" data-hveid=\"CAEIAhAG\" data-complete=\"true\" data-sae=\"\"><strong>Garancija:<\/strong> 2 godine<\/li>\n<\/ul>\n","protected":false},"featured_media":55144,"template":"","meta":[],"product_cat":[509,560,475],"product_tag":[],"class_list":{"0":"post-55141","1":"product","2":"type-product","3":"status-publish","4":"has-post-thumbnail","6":"product_brand-samsung","7":"product_cat-ct-telefonmob","8":"product_cat-brend-samsung","9":"product_cat-ct-smartphone","11":"first","12":"instock","13":"sale","14":"shipping-taxable","15":"purchasable","16":"product-type-simple"},"_links":{"self":[{"href":"https:\/\/techstore.ba\/shop\/wp-json\/wp\/v2\/product\/55141","targetHints":{"allow":["GET"]}}],"collection":[{"href":"https:\/\/techstore.ba\/shop\/wp-json\/wp\/v2\/product"}],"about":[{"href":"https:\/\/techstore.ba\/shop\/wp-json\/wp\/v2\/types\/product"}],"wp:featuredmedia":[{"embeddable":true,"href":"https:\/\/techstore.ba\/shop\/wp-json\/wp\/v2\/media\/55144"}],"wp:attachment":[{"href":"https:\/\/techstore.ba\/shop\/wp-json\/wp\/v2\/media?parent=55141"}],"wp:term":[{"taxonomy":"product_cat","embeddable":true,"href":"https:\/\/techstore.ba\/shop\/wp-json\/wp\/v2\/product_cat?post=55141"},{"taxonomy":"product_tag","embeddable":true,"href":"https:\/\/techstore.ba\/shop\/wp-json\/wp\/v2\/product_tag?post=55141"}],"curies":[{"name":"wp","href":"https:\/\/api.w.org\/{rel}","templated":true}]}}