{"id":55066,"date":"2026-04-18T21:10:21","date_gmt":"2026-04-18T19:10:21","guid":{"rendered":"https:\/\/techstore.ba\/shop\/?post_type=product&#038;p=55066"},"modified":"2026-04-18T21:10:21","modified_gmt":"2026-04-18T19:10:21","slug":"razer-gaming-mis-basilisk-v3-pro-rgb-white-wireless","status":"publish","type":"product","link":"https:\/\/techstore.ba\/shop\/product\/razer-gaming-mis-basilisk-v3-pro-rgb-white-wireless\/","title":{"rendered":"Razer Gaming Mi\u0161 Basilisk V3 Pro RGB White Wireless"},"content":{"rendered":"","protected":false},"excerpt":{"rendered":"<p>Senzor: Focus Pro 30K Optical (izuzetno precizan, radi i na staklu).<br \/>\nPovezivanje: Tri na\u010dina \u2013 HyperSpeed Wireless (2.4GHz), Bluetooth i \u017ei\u010dano (USB-C).<br \/>\nScroll Wheel: HyperScroll Tilt Wheel sa &#8220;Smart-Reel&#8221; modom (automatsko prebacivanje izme\u0111u taktilnog i slobodnog okretanja).<br \/>\nTipke: 11 programabilnih tipki, uklju\u010duju\u0107i bo\u010dni &#8220;trigger&#8221; za palac.<br \/>\nPrekida\u010di: Optical Mouse Switches Gen-3 (brzina 0.2ms, trajanje 90 mil. klikova, bez double-click problema).<br \/>\nOsvjetljenje: 13 zona Razer Chroma RGB (pun podni sjaj \/ underglow).<br \/>\nBaterija: Do 90 sati na 2.4GHz; do 150 sati na Bluetooth-u.<br \/>\nTe\u017eina: 112 grama (ergonomski fokus, nije ultra-light).<br \/>\nPunjenje: Podr\u017eava Qi be\u017ei\u010dno punjenje (uz Mouse Dock Pro ili Wireless Charging Puck koji se kupuju zasebno).<br \/>\nDizajn: Ergonomska forma za desnoruke sa odmori\u0161tem za palac.<\/p>\n","protected":false},"featured_media":55067,"template":"","meta":[],"product_cat":[1016,1015,378],"product_tag":[],"class_list":{"0":"post-55066","1":"product","2":"type-product","3":"status-publish","4":"has-post-thumbnail","6":"product_cat-gaming-misevi","7":"product_cat-gaming-periferija","8":"product_cat-ct-misevi","10":"first","11":"instock","12":"shipping-taxable","13":"purchasable","14":"product-type-simple"},"_links":{"self":[{"href":"https:\/\/techstore.ba\/shop\/wp-json\/wp\/v2\/product\/55066","targetHints":{"allow":["GET"]}}],"collection":[{"href":"https:\/\/techstore.ba\/shop\/wp-json\/wp\/v2\/product"}],"about":[{"href":"https:\/\/techstore.ba\/shop\/wp-json\/wp\/v2\/types\/product"}],"wp:featuredmedia":[{"embeddable":true,"href":"https:\/\/techstore.ba\/shop\/wp-json\/wp\/v2\/media\/55067"}],"wp:attachment":[{"href":"https:\/\/techstore.ba\/shop\/wp-json\/wp\/v2\/media?parent=55066"}],"wp:term":[{"taxonomy":"product_cat","embeddable":true,"href":"https:\/\/techstore.ba\/shop\/wp-json\/wp\/v2\/product_cat?post=55066"},{"taxonomy":"product_tag","embeddable":true,"href":"https:\/\/techstore.ba\/shop\/wp-json\/wp\/v2\/product_tag?post=55066"}],"curies":[{"name":"wp","href":"https:\/\/api.w.org\/{rel}","templated":true}]}}