{"id":55064,"date":"2026-04-18T21:07:29","date_gmt":"2026-04-18T19:07:29","guid":{"rendered":"https:\/\/techstore.ba\/shop\/?post_type=product&#038;p=55064"},"modified":"2026-04-18T21:08:13","modified_gmt":"2026-04-18T19:08:13","slug":"razer-gaming-mis-basilisk-v3-pro-rgb-black-wireless","status":"publish","type":"product","link":"https:\/\/techstore.ba\/shop\/product\/razer-gaming-mis-basilisk-v3-pro-rgb-black-wireless\/","title":{"rendered":"Razer Gaming Mi\u0161 Basilisk V3 Pro RGB Black Wireless"},"content":{"rendered":"","protected":false},"excerpt":{"rendered":"<p>Senzor: Razer Focus Pro 30K opti\u010dki senzor (izuzetno precizan, radi i na staklu).<br \/>\nPovezivanje: 3 na\u010dina \u2013 HyperSpeed Wireless (2.4 GHz), Bluetooth i \u017ei\u010dano (USB-C).<br \/>\nTo\u010dki\u0107 (HyperScroll): 4-smjerni to\u010dki\u0107 sa &#8220;free-spin&#8221; i &#8220;tactile&#8221; modovima (automatsko prebacivanje).<br \/>\nTipke: 11 programabilnih tipki, uklju\u010duju\u0107i legendarni bo\u010dni &#8220;multi-function&#8221; okida\u010d.<br \/>\nPrekida\u010di: Razer Optical Mouse Switches Gen-3 (brzi, bez ka\u0161njenja, trajanje 90 mil. klikova).<br \/>\nOsvjetljenje: 13 zona Razer Chroma RGB (puni &#8220;underglow&#8221; efekt oko cijelog mi\u0161a).<br \/>\nBaterija: Do 90 sati na HyperSpeed wireless-u (do 140h kod novijeg 35K modela).<br \/>\nTe\u017eina: Oko 112 grama (ergonomski dizajn za desnoruke korisnike).<br \/>\nPunjenje: Podr\u017eava be\u017ei\u010dno punjenje putem Razer Mouse Dock Pro (kupuje se zasebno).<br \/>\nMemorija: Mogu\u0107nost pohrane do 5 profila direktno na mi\u0161u.<\/p>\n","protected":false},"featured_media":55065,"template":"","meta":[],"product_cat":[1016,1015,378],"product_tag":[],"class_list":{"0":"post-55064","1":"product","2":"type-product","3":"status-publish","4":"has-post-thumbnail","6":"product_brand-razer","7":"product_cat-gaming-misevi","8":"product_cat-gaming-periferija","9":"product_cat-ct-misevi","11":"first","12":"instock","13":"shipping-taxable","14":"purchasable","15":"product-type-simple"},"_links":{"self":[{"href":"https:\/\/techstore.ba\/shop\/wp-json\/wp\/v2\/product\/55064","targetHints":{"allow":["GET"]}}],"collection":[{"href":"https:\/\/techstore.ba\/shop\/wp-json\/wp\/v2\/product"}],"about":[{"href":"https:\/\/techstore.ba\/shop\/wp-json\/wp\/v2\/types\/product"}],"wp:featuredmedia":[{"embeddable":true,"href":"https:\/\/techstore.ba\/shop\/wp-json\/wp\/v2\/media\/55065"}],"wp:attachment":[{"href":"https:\/\/techstore.ba\/shop\/wp-json\/wp\/v2\/media?parent=55064"}],"wp:term":[{"taxonomy":"product_cat","embeddable":true,"href":"https:\/\/techstore.ba\/shop\/wp-json\/wp\/v2\/product_cat?post=55064"},{"taxonomy":"product_tag","embeddable":true,"href":"https:\/\/techstore.ba\/shop\/wp-json\/wp\/v2\/product_tag?post=55064"}],"curies":[{"name":"wp","href":"https:\/\/api.w.org\/{rel}","templated":true}]}}