{"id":54400,"date":"2026-04-07T21:30:29","date_gmt":"2026-04-07T19:30:29","guid":{"rendered":"https:\/\/techstore.ba\/shop\/?post_type=product&#038;p=54400"},"modified":"2026-04-07T21:30:30","modified_gmt":"2026-04-07T19:30:30","slug":"asus-zenbook-14-oled-laptop-ux3405ca-ql227w","status":"publish","type":"product","link":"https:\/\/techstore.ba\/shop\/product\/asus-zenbook-14-oled-laptop-ux3405ca-ql227w\/","title":{"rendered":"ASUS Zenbook 14 OLED laptop UX3405CA-QL227W"},"content":{"rendered":"<p>Intel Core Ultra 7 255H, 32GB LPDDR5X RAM, 1TB SSD, Intel Arc Graphics, 14&#8221; 1920 x 1200 WUXGA OLED Touchscreen display, Webcam FHD camera with IR function, Wi-Fi 7, Bluetooth 5.4, HDMI 2.1, USB 3.2 Type-A, 2x USB Type-C Thunderbolt 4, audio\/microphone combo, Battery: 75Wh, Ku\u0107i\u0161te Aluminium, Tastatura: BiH sa osvjetljenjem, Te\u017eina: 1.28kg, Boja: Siva, Windows 11 Home<\/p>\n","protected":false},"excerpt":{"rendered":"<p>Intel Core Ultra 7 255H, 32GB LPDDR5X RAM, 1TB SSD, Intel Arc Graphics, 14&#8221; 1920 x 1200 WUXGA OLED Touchscreen display, Webcam FHD camera with IR function, Wi-Fi 7, Bluetooth 5.4, HDMI 2.1, USB 3.2 Type-A, 2x USB Type-C Thunderbolt 4, audio\/microphone combo, Battery: 75Wh, Ku\u0107i\u0161te Aluminium, Tastatura: BiH sa osvjetljenjem, Te\u017eina: 1.28kg, Boja: Siva, [&hellip;]<\/p>\n","protected":false},"featured_media":54401,"template":"","meta":[],"product_cat":[582,409,1011],"product_tag":[],"class_list":{"0":"post-54400","1":"product","2":"type-product","3":"status-publish","4":"has-post-thumbnail","6":"product_cat-brend-asus","7":"product_cat-ct-notebooks","8":"product_cat-poslovni-laptopi-14","10":"first","11":"instock","12":"shipping-taxable","13":"purchasable","14":"product-type-simple"},"_links":{"self":[{"href":"https:\/\/techstore.ba\/shop\/wp-json\/wp\/v2\/product\/54400","targetHints":{"allow":["GET"]}}],"collection":[{"href":"https:\/\/techstore.ba\/shop\/wp-json\/wp\/v2\/product"}],"about":[{"href":"https:\/\/techstore.ba\/shop\/wp-json\/wp\/v2\/types\/product"}],"wp:featuredmedia":[{"embeddable":true,"href":"https:\/\/techstore.ba\/shop\/wp-json\/wp\/v2\/media\/54401"}],"wp:attachment":[{"href":"https:\/\/techstore.ba\/shop\/wp-json\/wp\/v2\/media?parent=54400"}],"wp:term":[{"taxonomy":"product_cat","embeddable":true,"href":"https:\/\/techstore.ba\/shop\/wp-json\/wp\/v2\/product_cat?post=54400"},{"taxonomy":"product_tag","embeddable":true,"href":"https:\/\/techstore.ba\/shop\/wp-json\/wp\/v2\/product_tag?post=54400"}],"curies":[{"name":"wp","href":"https:\/\/api.w.org\/{rel}","templated":true}]}}