{"id":54357,"date":"2026-04-06T19:53:45","date_gmt":"2026-04-06T17:53:45","guid":{"rendered":"https:\/\/techstore.ba\/shop\/?post_type=product&#038;p=54357"},"modified":"2026-04-06T19:53:46","modified_gmt":"2026-04-06T17:53:46","slug":"ms-energy-e-romobil-flare","status":"publish","type":"product","link":"https:\/\/techstore.ba\/shop\/product\/ms-energy-e-romobil-flare\/","title":{"rendered":"MS ENERGY E-ROMOBIL FLARE"},"content":{"rendered":"<p data-start=\"357\" data-end=\"600\"><strong data-start=\"357\" data-end=\"398\"><span class=\"hover:entity-accent entity-underline inline cursor-pointer align-baseline\"><span class=\"whitespace-normal\">MS Energy eRomobil FLARE<\/span><\/span><\/strong> je moderan gradski elektri\u010dni romobil koji nudi odli\u010dan balans izme\u0111u snage, udobnosti i sigurnosti. Dizajniran je za svakodnevnu vo\u017enju, bilo da idete na posao, fakultet ili u kratke gradske relacije.<\/p>\n<ul data-start=\"602\" data-end=\"1396\">\n<li data-section-id=\"tcqc\" data-start=\"602\" data-end=\"756\">Sna\u017ean motor od 600 W pru\u017ea visok obrtni moment i stabilne performanse, uz mogu\u0107nost savladavanja uspona do 22%.<\/li>\n<li data-section-id=\"1nv6c57\" data-start=\"757\" data-end=\"921\">Baterija kapaciteta 48V \/ 15 Ah omogu\u0107ava domet do 60 km, \u0161to ga \u010dini idealnim za du\u017ee gradske vo\u017enje bez \u010destog punjenja.<\/li>\n<li data-section-id=\"1vr3cnc\" data-start=\"922\" data-end=\"1067\">10-in\u010dne gume otporne na probijanje pru\u017eaju dodatnu sigurnost i udobnost na razli\u010ditim vrstama podloge.<\/li>\n<li data-section-id=\"11wvvds\" data-start=\"1068\" data-end=\"1210\">Dvostruki prednji i stra\u017enji ovjes osiguravaju glatku vo\u017enju \u010dak i na neravninama i lo\u0161ijim cestama.<\/li>\n<li data-section-id=\"kwj96d\" data-start=\"1211\" data-end=\"1396\">Napredni sistemi poput elektronske regenerativne ko\u010dnice, LCD zaslona i LED osvjetljenja omogu\u0107avaju potpunu kontrolu i sigurnost tokom vo\u017enje.<\/li>\n<\/ul>\n<p data-start=\"1398\" data-end=\"1545\">Ovaj model je odli\u010dan izbor za korisnike koji \u017eele pouzdan, sna\u017ean i udoban romobil za svakodnevnu upotrebu, uz napredne funkcije i moderan dizajn.<\/p>\n","protected":false},"excerpt":{"rendered":"<p><strong data-start=\"77\" data-end=\"97\">Ime proizvo\u0111a\u010da:<\/strong> MS Energy<br data-start=\"107\" data-end=\"110\" \/><strong data-start=\"110\" data-end=\"124\">Garancija:<\/strong> 12M<br data-start=\"128\" data-end=\"131\" \/><strong data-start=\"131\" data-end=\"153\">Maksimalna kila\u017ea:<\/strong> 120 kg<br data-start=\"160\" data-end=\"163\" \/><strong data-start=\"163\" data-end=\"184\">Maksimalni domet:<\/strong> 60 km<br data-start=\"190\" data-end=\"193\" \/><strong data-start=\"193\" data-end=\"211\" data-is-only-node=\"\">Ugao penjanja:<\/strong> do 22%<br data-start=\"218\" data-end=\"221\" \/><strong data-start=\"221\" data-end=\"239\">Vrsta to\u010dkova:<\/strong> 10\u201d tubeless (anti-puncture)<br data-start=\"268\" data-end=\"271\" \/><strong data-start=\"271\" data-end=\"289\">Izlazna snaga:<\/strong> 600 W<br data-start=\"295\" data-end=\"298\" \/><strong data-start=\"298\" data-end=\"320\">Maksimalna brzina:<\/strong> 25 km\/h<\/p>\n","protected":false},"featured_media":54358,"template":"","meta":[],"product_cat":[458,1242,457],"product_tag":[],"class_list":{"0":"post-54357","1":"product","2":"type-product","3":"status-publish","4":"has-post-thumbnail","6":"product_brand-ms-energy","7":"product_cat-ct-scooterel","8":"product_cat-ms-energy","9":"product_cat-ct-scooter","11":"first","12":"instock","13":"shipping-taxable","14":"purchasable","15":"product-type-simple"},"_links":{"self":[{"href":"https:\/\/techstore.ba\/shop\/wp-json\/wp\/v2\/product\/54357","targetHints":{"allow":["GET"]}}],"collection":[{"href":"https:\/\/techstore.ba\/shop\/wp-json\/wp\/v2\/product"}],"about":[{"href":"https:\/\/techstore.ba\/shop\/wp-json\/wp\/v2\/types\/product"}],"wp:featuredmedia":[{"embeddable":true,"href":"https:\/\/techstore.ba\/shop\/wp-json\/wp\/v2\/media\/54358"}],"wp:attachment":[{"href":"https:\/\/techstore.ba\/shop\/wp-json\/wp\/v2\/media?parent=54357"}],"wp:term":[{"taxonomy":"product_cat","embeddable":true,"href":"https:\/\/techstore.ba\/shop\/wp-json\/wp\/v2\/product_cat?post=54357"},{"taxonomy":"product_tag","embeddable":true,"href":"https:\/\/techstore.ba\/shop\/wp-json\/wp\/v2\/product_tag?post=54357"}],"curies":[{"name":"wp","href":"https:\/\/api.w.org\/{rel}","templated":true}]}}