{"id":54355,"date":"2026-04-06T19:46:23","date_gmt":"2026-04-06T17:46:23","guid":{"rendered":"https:\/\/techstore.ba\/shop\/?post_type=product&#038;p=54355"},"modified":"2026-04-06T19:54:15","modified_gmt":"2026-04-06T17:54:15","slug":"ms-energy-e-romobil-flare-x","status":"publish","type":"product","link":"https:\/\/techstore.ba\/shop\/product\/ms-energy-e-romobil-flare-x\/","title":{"rendered":"MS ENERGY E-ROMOBIL FLARE X"},"content":{"rendered":"<p data-start=\"345\" data-end=\"628\"><strong data-start=\"345\" data-end=\"386\"><span class=\"hover:entity-accent entity-underline inline cursor-pointer align-baseline\"><span class=\"whitespace-normal\">MS Energy eRomobil FLARE X<\/span><\/span><\/strong> je sna\u017ean elektri\u010dni romobil iz \u201cextreme\u201d klase, dizajniran za korisnike koji tra\u017ee maksimalne performanse, stabilnost i udobnost u vo\u017enji. Sa dva motora i naprednim sistemima upravljanja, idealan je i za gradske vo\u017enje i zahtjevnije terene.<\/p>\n<ul data-start=\"630\" data-end=\"1476\">\n<li data-section-id=\"fj8uw3\" data-start=\"630\" data-end=\"799\">Dva motora od po 800 W pru\u017eaju ukupnu snagu od 1600 W, \u0161to omogu\u0107ava izuzetno ubrzanje i savladavanje uspona do 35% bez napora.<\/li>\n<li data-section-id=\"1si85pz\" data-start=\"800\" data-end=\"966\">Baterija kapaciteta 52V \/ 18Ah omogu\u0107ava domet do 70 km, \u0161to ga \u010dini odli\u010dnim izborom za du\u017ee vo\u017enje i svakodnevnu upotrebu.<\/li>\n<li data-section-id=\"1n5yqqz\" data-start=\"967\" data-end=\"1112\">10-in\u010dne tubeless gume otporne na probijanje pru\u017eaju sigurnu i stabilnu vo\u017enju na razli\u010ditim podlogama.<\/li>\n<li data-section-id=\"1r7qcmq\" data-start=\"1113\" data-end=\"1290\">Napredni sistem ovjesa (prednji i stra\u017enji) i hidrauli\u010dne\/elektronske ko\u010dnice osiguravaju maksimalnu udobnost i sigurnost tokom vo\u017enje.<\/li>\n<li data-section-id=\"6vw6f0\" data-start=\"1291\" data-end=\"1476\">Pametni BMS sistem, LCD ekran i LED osvjetljenje (prednje, zadnje i pokaziva\u010di smjera) omogu\u0107avaju potpunu kontrolu i moderan do\u017eivljaj vo\u017enje.<\/li>\n<\/ul>\n","protected":false},"excerpt":{"rendered":"<p><strong data-start=\"68\" data-end=\"88\">Ime proizvo\u0111a\u010da:<\/strong> MS Energy<br data-start=\"98\" data-end=\"101\" \/><strong data-start=\"101\" data-end=\"115\">Garancija:<\/strong> 12M<br data-start=\"119\" data-end=\"122\" \/><strong data-start=\"122\" data-end=\"144\">Maksimalna kila\u017ea:<\/strong> 120 kg<br data-start=\"151\" data-end=\"154\" \/><strong data-start=\"154\" data-end=\"175\">Maksimalni domet:<\/strong> 70 km<br data-start=\"181\" data-end=\"184\" \/><strong data-start=\"184\" data-end=\"202\" data-is-only-node=\"\">Ugao penjanja:<\/strong> do 35%<br data-start=\"209\" data-end=\"212\" \/><strong data-start=\"212\" data-end=\"230\">Vrsta to\u010dkova:<\/strong> 10\u201d tubeless<br data-start=\"243\" data-end=\"246\" \/><strong data-start=\"246\" data-end=\"264\">Izlazna snaga:<\/strong> 1600 W (2 \u00d7 800 W)<br data-start=\"283\" data-end=\"286\" \/><strong data-start=\"286\" data-end=\"308\">Maksimalna brzina:<\/strong> 25 km\/h<\/p>\n","protected":false},"featured_media":54356,"template":"","meta":[],"product_cat":[458,1242,457],"product_tag":[],"class_list":{"0":"post-54355","1":"product","2":"type-product","3":"status-publish","4":"has-post-thumbnail","6":"product_brand-ms-energy","7":"product_cat-ct-scooterel","8":"product_cat-ms-energy","9":"product_cat-ct-scooter","11":"first","12":"instock","13":"shipping-taxable","14":"purchasable","15":"product-type-simple"},"_links":{"self":[{"href":"https:\/\/techstore.ba\/shop\/wp-json\/wp\/v2\/product\/54355","targetHints":{"allow":["GET"]}}],"collection":[{"href":"https:\/\/techstore.ba\/shop\/wp-json\/wp\/v2\/product"}],"about":[{"href":"https:\/\/techstore.ba\/shop\/wp-json\/wp\/v2\/types\/product"}],"wp:featuredmedia":[{"embeddable":true,"href":"https:\/\/techstore.ba\/shop\/wp-json\/wp\/v2\/media\/54356"}],"wp:attachment":[{"href":"https:\/\/techstore.ba\/shop\/wp-json\/wp\/v2\/media?parent=54355"}],"wp:term":[{"taxonomy":"product_cat","embeddable":true,"href":"https:\/\/techstore.ba\/shop\/wp-json\/wp\/v2\/product_cat?post=54355"},{"taxonomy":"product_tag","embeddable":true,"href":"https:\/\/techstore.ba\/shop\/wp-json\/wp\/v2\/product_tag?post=54355"}],"curies":[{"name":"wp","href":"https:\/\/api.w.org\/{rel}","templated":true}]}}