{"id":54234,"date":"2026-04-04T11:44:53","date_gmt":"2026-04-04T09:44:53","guid":{"rendered":"https:\/\/techstore.ba\/shop\/product\/philips-tae2146bk-slusaliceusb-c-prikljucak-umetanje-u-uspogonske-jedinice-od-10-mm-mikrofon\/"},"modified":"2026-04-06T15:21:07","modified_gmt":"2026-04-06T13:21:07","slug":"philips-tae2146bk-slusaliceusb-c-prikljucak-umetanje-u-uspogonske-jedinice-od-10-mm-mikrofon","status":"publish","type":"product","link":"https:\/\/techstore.ba\/shop\/product\/philips-tae2146bk-slusaliceusb-c-prikljucak-umetanje-u-uspogonske-jedinice-od-10-mm-mikrofon\/","title":{"rendered":"Philips TAE2146BK slu\u0161aliceUSB-C priklju\u010dak umetanje u u\u0161Pogonske jedinice od 10 mm; mikrofon"},"content":{"rendered":"","protected":false},"excerpt":{"rendered":"","protected":false},"featured_media":54348,"template":"","meta":[],"product_cat":[471],"product_tag":[],"class_list":{"0":"post-54234","1":"product","2":"type-product","3":"status-publish","4":"has-post-thumbnail","6":"product_cat-ct-slusalice","8":"first","9":"outofstock","10":"shipping-taxable","11":"purchasable","12":"product-type-simple"},"_links":{"self":[{"href":"https:\/\/techstore.ba\/shop\/wp-json\/wp\/v2\/product\/54234","targetHints":{"allow":["GET"]}}],"collection":[{"href":"https:\/\/techstore.ba\/shop\/wp-json\/wp\/v2\/product"}],"about":[{"href":"https:\/\/techstore.ba\/shop\/wp-json\/wp\/v2\/types\/product"}],"wp:featuredmedia":[{"embeddable":true,"href":"https:\/\/techstore.ba\/shop\/wp-json\/wp\/v2\/media\/54348"}],"wp:attachment":[{"href":"https:\/\/techstore.ba\/shop\/wp-json\/wp\/v2\/media?parent=54234"}],"wp:term":[{"taxonomy":"product_cat","embeddable":true,"href":"https:\/\/techstore.ba\/shop\/wp-json\/wp\/v2\/product_cat?post=54234"},{"taxonomy":"product_tag","embeddable":true,"href":"https:\/\/techstore.ba\/shop\/wp-json\/wp\/v2\/product_tag?post=54234"}],"curies":[{"name":"wp","href":"https:\/\/api.w.org\/{rel}","templated":true}]}}