{"id":54229,"date":"2026-04-04T11:39:15","date_gmt":"2026-04-04T09:39:15","guid":{"rendered":"https:\/\/techstore.ba\/shop\/product\/xiaomi-skuter-5-max-60km-domet-10-tubeless-gume-400w-motor-uspon-do-22\/"},"modified":"2026-04-06T19:25:29","modified_gmt":"2026-04-06T17:25:29","slug":"xiaomi-skuter-5-max-60km-domet-10-tubeless-gume-400w-motor-uspon-do-22","status":"publish","type":"product","link":"https:\/\/techstore.ba\/shop\/product\/xiaomi-skuter-5-max-60km-domet-10-tubeless-gume-400w-motor-uspon-do-22\/","title":{"rendered":"Xiaomi skuter 5 Max 60km domet, 10&#8221; tubeless gume 400W motor, uspon do 22%"},"content":{"rendered":"<p data-start=\"352\" data-end=\"581\"><strong data-start=\"352\" data-end=\"376\">Xiaomi Scooter 5 Max<\/strong> je moderan i pouzdan elektri\u010dni romobil dizajniran za udobnu i efikasnu gradsku vo\u017enju. Kombinuje dug domet, kvalitetnu izradu i napredne performanse, \u0161to ga \u010dini odli\u010dnim izborom za svakodnevnu upotrebu.<\/p>\n<ul data-start=\"583\" data-end=\"1140\">\n<li data-section-id=\"3q720a\" data-start=\"583\" data-end=\"711\">Motor snage 400 W omogu\u0107ava glatko ubrzanje i savladavanje uspona do 22%, pru\u017eaju\u0107i stabilne performanse u urbanim uslovima.<\/li>\n<li data-section-id=\"1or9ipe\" data-start=\"712\" data-end=\"819\">Domet do 60 km omogu\u0107ava du\u017ee vo\u017enje bez \u010destog punjenja, idealno za posao, \u0161kolu ili rekreativne rute.<\/li>\n<li data-section-id=\"gbqlk8\" data-start=\"820\" data-end=\"938\">10-in\u010dne tubeless gume nude bolju otpornost na bu\u0161enje i ve\u0107u udobnost tokom vo\u017enje, \u010dak i na neravnim povr\u0161inama.<\/li>\n<li data-section-id=\"1uiowxd\" data-start=\"939\" data-end=\"1044\">Maksimalna brzina od 25 km\/h osigurava optimalan balans izme\u0111u brzine i sigurnosti u gradskoj vo\u017enji.<\/li>\n<li data-section-id=\"evnquu\" data-start=\"1045\" data-end=\"1140\">Robusna konstrukcija i moderan dizajn pru\u017eaju pouzdanost, dugotrajnost i atraktivan izgled.<\/li>\n<\/ul>\n","protected":false},"excerpt":{"rendered":"<p><strong data-start=\"51\" data-end=\"71\">Ime proizvo\u0111a\u010da:<\/strong> Xiaomi<br data-start=\"78\" data-end=\"81\" \/><strong data-start=\"81\" data-end=\"95\">Garancija:<\/strong> 12M<br data-start=\"99\" data-end=\"102\" \/><strong data-start=\"102\" data-end=\"124\">Maksimalna kila\u017ea:<\/strong> 120 kg <em data-start=\"132\" data-end=\"171\">(tipi\u010dno za ovu klasu, mo\u017ee varirati)<\/em><br data-start=\"171\" data-end=\"174\" \/><strong data-start=\"174\" data-end=\"195\">Maksimalni domet:<\/strong> 60 km<br data-start=\"201\" data-end=\"204\" \/><strong data-start=\"204\" data-end=\"222\">Ugao penjanja:<\/strong> do 22%<br data-start=\"229\" data-end=\"232\" \/><strong data-start=\"232\" data-end=\"250\">Vrsta to\u010dkova:<\/strong> 10\u201d tubeless<br data-start=\"263\" data-end=\"266\" \/><strong data-start=\"266\" data-end=\"284\">Izlazna snaga:<\/strong> 400 W<br data-start=\"290\" data-end=\"293\" \/><strong data-start=\"293\" data-end=\"315\">Maksimalna brzina:<\/strong> 25 km\/h<\/p>\n","protected":false},"featured_media":54354,"template":"","meta":[],"product_cat":[458],"product_tag":[],"class_list":{"0":"post-54229","1":"product","2":"type-product","3":"status-publish","4":"has-post-thumbnail","6":"product_cat-ct-scooterel","8":"first","9":"instock","10":"shipping-taxable","11":"purchasable","12":"product-type-simple"},"_links":{"self":[{"href":"https:\/\/techstore.ba\/shop\/wp-json\/wp\/v2\/product\/54229","targetHints":{"allow":["GET"]}}],"collection":[{"href":"https:\/\/techstore.ba\/shop\/wp-json\/wp\/v2\/product"}],"about":[{"href":"https:\/\/techstore.ba\/shop\/wp-json\/wp\/v2\/types\/product"}],"wp:featuredmedia":[{"embeddable":true,"href":"https:\/\/techstore.ba\/shop\/wp-json\/wp\/v2\/media\/54354"}],"wp:attachment":[{"href":"https:\/\/techstore.ba\/shop\/wp-json\/wp\/v2\/media?parent=54229"}],"wp:term":[{"taxonomy":"product_cat","embeddable":true,"href":"https:\/\/techstore.ba\/shop\/wp-json\/wp\/v2\/product_cat?post=54229"},{"taxonomy":"product_tag","embeddable":true,"href":"https:\/\/techstore.ba\/shop\/wp-json\/wp\/v2\/product_tag?post=54229"}],"curies":[{"name":"wp","href":"https:\/\/api.w.org\/{rel}","templated":true}]}}