{"id":54017,"date":"2026-03-26T20:56:37","date_gmt":"2026-03-26T19:56:37","guid":{"rendered":"https:\/\/techstore.ba\/shop\/?post_type=product&#038;p=54017"},"modified":"2026-03-26T20:59:40","modified_gmt":"2026-03-26T19:59:40","slug":"rhode-torbica-with-lipstick-puder","status":"publish","type":"product","link":"https:\/\/techstore.ba\/shop\/product\/rhode-torbica-with-lipstick-puder\/","title":{"rendered":"Rhode torbica with lipstick puder"},"content":{"rendered":"<p>Rhode torbica u nje\u017enoj puder boji savr\u0161eno spaja estetiku i funkcionalnost. Uz torbicu dolazi i ru\u017e za usne, idealan za brze popravke makeupa tokom dana. Kompaktna veli\u010dina omogu\u0107ava da je lako nosite u torbi ili ruci, dok minimalisti\u010dki dizajn doprinosi njenom sofisticiranom izgledu. Ovaj set je odli\u010dan izbor za sve koji vole jednostavnost uz dozu elegancije.<\/p>\n","protected":false},"excerpt":{"rendered":"<p>Rhode torbica u elegantnoj puder nijansi s dodatkom ru\u017ea za usne \u2013 prakti\u010dan i stylish dodatak za svaki dan.<\/p>\n","protected":false},"featured_media":54018,"template":"","meta":[],"product_cat":[1246],"product_tag":[],"class_list":{"0":"post-54017","1":"product","2":"type-product","3":"status-publish","4":"has-post-thumbnail","6":"product_brand-rhode","7":"product_cat-ct-maskice","9":"first","10":"instock","11":"shipping-taxable","12":"purchasable","13":"product-type-simple"},"_links":{"self":[{"href":"https:\/\/techstore.ba\/shop\/wp-json\/wp\/v2\/product\/54017","targetHints":{"allow":["GET"]}}],"collection":[{"href":"https:\/\/techstore.ba\/shop\/wp-json\/wp\/v2\/product"}],"about":[{"href":"https:\/\/techstore.ba\/shop\/wp-json\/wp\/v2\/types\/product"}],"wp:featuredmedia":[{"embeddable":true,"href":"https:\/\/techstore.ba\/shop\/wp-json\/wp\/v2\/media\/54018"}],"wp:attachment":[{"href":"https:\/\/techstore.ba\/shop\/wp-json\/wp\/v2\/media?parent=54017"}],"wp:term":[{"taxonomy":"product_cat","embeddable":true,"href":"https:\/\/techstore.ba\/shop\/wp-json\/wp\/v2\/product_cat?post=54017"},{"taxonomy":"product_tag","embeddable":true,"href":"https:\/\/techstore.ba\/shop\/wp-json\/wp\/v2\/product_tag?post=54017"}],"curies":[{"name":"wp","href":"https:\/\/api.w.org\/{rel}","templated":true}]}}