{"id":53865,"date":"2026-03-19T15:10:43","date_gmt":"2026-03-19T14:10:43","guid":{"rendered":"https:\/\/techstore.ba\/shop\/product\/segway-kickscooter-zt3-pro16-130-kg-domet-70-km-25-km-h-25-11-1600-w\/"},"modified":"2026-04-09T11:07:58","modified_gmt":"2026-04-09T09:07:58","slug":"segway-kickscooter-zt3-pro16-130-kg-domet-70-km-25-km-h-25-11-1600-w","status":"publish","type":"product","link":"https:\/\/techstore.ba\/shop\/product\/segway-kickscooter-zt3-pro16-130-kg-domet-70-km-25-km-h-25-11-1600-w\/","title":{"rendered":"Segway KickScooter ZT3 PRO16+, 130 kg, domet 70 km, 25 km\/h, 25%, 11&#8221;, 1600 W"},"content":{"rendered":"<p data-start=\"333\" data-end=\"580\"><strong data-start=\"333\" data-end=\"366\">Segway KickScooter ZT3 PRO16+<\/strong> predstavlja sna\u017ean i pouzdan elektri\u010dni romobil dizajniran za svakodnevnu vo\u017enju i du\u017ee gradske relacije. Sa modernim dizajnom i robusnom konstrukcijom, pru\u017ea stabilnost i sigurnost \u010dak i na zahtjevnijim terenima.<\/p>\n<ul data-start=\"582\" data-end=\"1214\">\n<li data-section-id=\"n1ds6x\" data-start=\"582\" data-end=\"719\">Sna\u017ean motor od 1600 W omogu\u0107ava brzo ubrzanje i bezbri\u017eno savladavanje uspona do 25%, \u0161to ga \u010dini idealnim za brdovite gradske zone.<\/li>\n<li data-section-id=\"1yyjw4w\" data-start=\"720\" data-end=\"862\">Veliki 11-in\u010dni to\u010dkovi obezbje\u0111uju odli\u010dnu amortizaciju i stabilnu vo\u017enju na razli\u010ditim podlogama, uklju\u010duju\u0107i asfalt i neravne povr\u0161ine.<\/li>\n<li data-section-id=\"swi44k\" data-start=\"863\" data-end=\"999\">Domet do 70 km omogu\u0107ava du\u017ee vo\u017enje bez potrebe za \u010destim punjenjem, \u0161to je savr\u0161eno za svakodnevne obaveze ili rekreativnu vo\u017enju.<\/li>\n<li data-section-id=\"15hxeef\" data-start=\"1000\" data-end=\"1113\">Maksimalna nosivost od 130 kg \u010dini ga pogodnim za \u0161irok raspon korisnika, uz zadr\u017eavanje visokih performansi.<\/li>\n<li data-section-id=\"aymh01\" data-start=\"1114\" data-end=\"1214\">Ograni\u010denje brzine na 25 km\/h osigurava sigurnu i zakonski uskla\u0111enu vo\u017enju u urbanim sredinama.<\/li>\n<\/ul>\n","protected":false},"excerpt":{"rendered":"<p data-start=\"80\" data-end=\"306\"><strong data-start=\"80\" data-end=\"100\">Ime proizvo\u0111a\u010da:<\/strong> Segway<br data-start=\"107\" data-end=\"110\" \/><strong data-start=\"110\" data-end=\"124\">Garancija:<\/strong> 12M<br data-start=\"128\" data-end=\"131\" \/><strong data-start=\"131\" data-end=\"153\">Maksimalna kila\u017ea:<\/strong> 130 kg<br data-start=\"160\" data-end=\"163\" \/><strong data-start=\"163\" data-end=\"184\">Maksimalni domet:<\/strong> 70 km<br data-start=\"190\" data-end=\"193\" data-is-only-node=\"\" \/><strong data-start=\"193\" data-end=\"211\">Ugao penjanja:<\/strong> do 25%<br data-start=\"218\" data-end=\"221\" \/><strong data-start=\"221\" data-end=\"239\">Vrsta to\u010dkova:<\/strong> 11\u201d<br data-start=\"243\" data-end=\"246\" \/><strong data-start=\"246\" data-end=\"264\">Izlazna snaga:<\/strong> 1600 W<br data-start=\"271\" data-end=\"274\" \/><strong data-start=\"274\" data-end=\"296\">Maksimalna brzina:<\/strong> 25 km\/h<\/p>\n","protected":false},"featured_media":54351,"template":"","meta":[],"product_cat":[458],"product_tag":[],"class_list":{"0":"post-53865","1":"product","2":"type-product","3":"status-publish","4":"has-post-thumbnail","6":"product_cat-ct-scooterel","8":"first","9":"instock","10":"sale","11":"shipping-taxable","12":"purchasable","13":"product-type-simple"},"_links":{"self":[{"href":"https:\/\/techstore.ba\/shop\/wp-json\/wp\/v2\/product\/53865","targetHints":{"allow":["GET"]}}],"collection":[{"href":"https:\/\/techstore.ba\/shop\/wp-json\/wp\/v2\/product"}],"about":[{"href":"https:\/\/techstore.ba\/shop\/wp-json\/wp\/v2\/types\/product"}],"wp:featuredmedia":[{"embeddable":true,"href":"https:\/\/techstore.ba\/shop\/wp-json\/wp\/v2\/media\/54351"}],"wp:attachment":[{"href":"https:\/\/techstore.ba\/shop\/wp-json\/wp\/v2\/media?parent=53865"}],"wp:term":[{"taxonomy":"product_cat","embeddable":true,"href":"https:\/\/techstore.ba\/shop\/wp-json\/wp\/v2\/product_cat?post=53865"},{"taxonomy":"product_tag","embeddable":true,"href":"https:\/\/techstore.ba\/shop\/wp-json\/wp\/v2\/product_tag?post=53865"}],"curies":[{"name":"wp","href":"https:\/\/api.w.org\/{rel}","templated":true}]}}