{"id":53704,"date":"2026-03-19T14:41:07","date_gmt":"2026-03-19T13:41:07","guid":{"rendered":"https:\/\/techstore.ba\/shop\/?post_type=product&#038;p=53704"},"modified":"2026-03-19T14:44:36","modified_gmt":"2026-03-19T13:44:36","slug":"ms-energy-flare-x-pro-225-ah","status":"publish","type":"product","link":"https:\/\/techstore.ba\/shop\/product\/ms-energy-flare-x-pro-225-ah\/","title":{"rendered":"MS ENERGY FLARE X Pro 22,5 Ah"},"content":{"rendered":"<p>FLARE X Pro 22,5 Ah &#8211; Konstruiran s dvostrukim motorima nominalne snage od 1200 W, ovaj eScooter visokih performansi pru\u017ea naelektriziranu vo\u017enju koja se bez napora mo\u017ee uhvatiti u ko\u0161tac s bilo kojim terenom. Klizite gradskim ulicama s neusporedivim samopouzdanjem, zahvaljuju\u0107i potpunom sustavu prednjeg i stra\u017enjeg ovjesa, osiguravaju\u0107i da je svako putovanje glatko i udobno. S baterijom opremljenom pametnim sustavom upravljanja baterijom (BMS), Extreme eScooter obe\u0107ava dugotrajnu snagu i inteligentno upravljanje energijom za produ\u017eene, pouzdane avanture. Do\u017eivite fuziju snage, naprednog ovjesa i vrhunske tehnologije s na\u0161im Extreme eScooterom \u2013 gdje svako putovanje na posao postaje izvanredna vo\u017enja.<\/p>\n","protected":false},"excerpt":{"rendered":"<p><strong data-start=\"119\" data-end=\"139\">Ime proizvo\u0111a\u010da:<\/strong> MS Energy<br data-start=\"149\" data-end=\"152\" \/><strong data-start=\"152\" data-end=\"166\">Garancija:<\/strong> 12M<br data-start=\"210\" data-end=\"213\" \/><strong data-start=\"213\" data-end=\"235\">Maksimalna kila\u017ea:<\/strong> 130 kg <br data-start=\"280\" data-end=\"283\" \/><strong data-start=\"283\" data-end=\"304\">Maksimalni domet:<\/strong> 100 km <br data-start=\"349\" data-end=\"352\" \/><strong data-start=\"352\" data-end=\"370\">Ugao penjanja:<\/strong> do 35% <br data-start=\"415\" data-end=\"418\" \/><strong data-start=\"418\" data-end=\"436\">Vrsta to\u010dkova:<\/strong> 11\u201d <br data-start=\"478\" data-end=\"481\" \/><strong data-start=\"481\" data-end=\"499\">Izlazna snaga:<\/strong> 2400 W (2 \u00d7 1200 W) <br data-start=\"557\" data-end=\"560\" \/><strong data-start=\"560\" data-end=\"582\">Maksimalna brzina:<\/strong> 25 km\/h<\/p>\n","protected":false},"featured_media":53712,"template":"","meta":[],"product_cat":[458,1242,457],"product_tag":[],"class_list":{"0":"post-53704","1":"product","2":"type-product","3":"status-publish","4":"has-post-thumbnail","6":"product_brand-ms-energy","7":"product_cat-ct-scooterel","8":"product_cat-ms-energy","9":"product_cat-ct-scooter","11":"first","12":"instock","13":"shipping-taxable","14":"purchasable","15":"product-type-simple"},"_links":{"self":[{"href":"https:\/\/techstore.ba\/shop\/wp-json\/wp\/v2\/product\/53704","targetHints":{"allow":["GET"]}}],"collection":[{"href":"https:\/\/techstore.ba\/shop\/wp-json\/wp\/v2\/product"}],"about":[{"href":"https:\/\/techstore.ba\/shop\/wp-json\/wp\/v2\/types\/product"}],"wp:featuredmedia":[{"embeddable":true,"href":"https:\/\/techstore.ba\/shop\/wp-json\/wp\/v2\/media\/53712"}],"wp:attachment":[{"href":"https:\/\/techstore.ba\/shop\/wp-json\/wp\/v2\/media?parent=53704"}],"wp:term":[{"taxonomy":"product_cat","embeddable":true,"href":"https:\/\/techstore.ba\/shop\/wp-json\/wp\/v2\/product_cat?post=53704"},{"taxonomy":"product_tag","embeddable":true,"href":"https:\/\/techstore.ba\/shop\/wp-json\/wp\/v2\/product_tag?post=53704"}],"curies":[{"name":"wp","href":"https:\/\/api.w.org\/{rel}","templated":true}]}}