{"id":53668,"date":"2026-03-19T14:24:01","date_gmt":"2026-03-19T13:24:01","guid":{"rendered":"https:\/\/techstore.ba\/shop\/product\/xiaomi-masina-za-sisanje-2-19-podesavanja-duzine-2-brzine\/"},"modified":"2026-04-04T10:55:00","modified_gmt":"2026-04-04T08:55:00","slug":"xiaomi-masina-za-sisanje-2-19-podesavanja-duzine-2-brzine","status":"publish","type":"product","link":"https:\/\/techstore.ba\/shop\/product\/xiaomi-masina-za-sisanje-2-19-podesavanja-duzine-2-brzine\/","title":{"rendered":"Xiaomi ma\u0161ina za \u0161i\u0161anje 2 19 pode\u0161avanja du\u017eine 2 brzine"},"content":{"rendered":"","protected":false},"excerpt":{"rendered":"","protected":false},"featured_media":0,"template":"","meta":[],"product_cat":[774],"product_tag":[],"class_list":{"0":"post-53668","1":"product","2":"type-product","3":"status-publish","5":"product_cat-ct-brijac","7":"first","8":"outofstock","9":"shipping-taxable","10":"purchasable","11":"product-type-simple"},"_links":{"self":[{"href":"https:\/\/techstore.ba\/shop\/wp-json\/wp\/v2\/product\/53668","targetHints":{"allow":["GET"]}}],"collection":[{"href":"https:\/\/techstore.ba\/shop\/wp-json\/wp\/v2\/product"}],"about":[{"href":"https:\/\/techstore.ba\/shop\/wp-json\/wp\/v2\/types\/product"}],"wp:attachment":[{"href":"https:\/\/techstore.ba\/shop\/wp-json\/wp\/v2\/media?parent=53668"}],"wp:term":[{"taxonomy":"product_cat","embeddable":true,"href":"https:\/\/techstore.ba\/shop\/wp-json\/wp\/v2\/product_cat?post=53668"},{"taxonomy":"product_tag","embeddable":true,"href":"https:\/\/techstore.ba\/shop\/wp-json\/wp\/v2\/product_tag?post=53668"}],"curies":[{"name":"wp","href":"https:\/\/api.w.org\/{rel}","templated":true}]}}