{"id":53662,"date":"2026-03-19T14:20:10","date_gmt":"2026-03-19T13:20:10","guid":{"rendered":"https:\/\/techstore.ba\/shop\/product\/xiaomi-filter-za-preciscivac-6\/"},"modified":"2026-04-04T10:51:58","modified_gmt":"2026-04-04T08:51:58","slug":"xiaomi-filter-za-preciscivac-6","status":"publish","type":"product","link":"https:\/\/techstore.ba\/shop\/product\/xiaomi-filter-za-preciscivac-6\/","title":{"rendered":"Xiaomi filter za pre\u010di\u0161\u0107iva\u010d 6"},"content":{"rendered":"","protected":false},"excerpt":{"rendered":"","protected":false},"featured_media":0,"template":"","meta":[],"product_cat":[644],"product_tag":[],"class_list":{"0":"post-53662","1":"product","2":"type-product","3":"status-publish","5":"product_cat-ct-airpurifop","7":"first","8":"outofstock","9":"shipping-taxable","10":"purchasable","11":"product-type-simple"},"_links":{"self":[{"href":"https:\/\/techstore.ba\/shop\/wp-json\/wp\/v2\/product\/53662","targetHints":{"allow":["GET"]}}],"collection":[{"href":"https:\/\/techstore.ba\/shop\/wp-json\/wp\/v2\/product"}],"about":[{"href":"https:\/\/techstore.ba\/shop\/wp-json\/wp\/v2\/types\/product"}],"wp:attachment":[{"href":"https:\/\/techstore.ba\/shop\/wp-json\/wp\/v2\/media?parent=53662"}],"wp:term":[{"taxonomy":"product_cat","embeddable":true,"href":"https:\/\/techstore.ba\/shop\/wp-json\/wp\/v2\/product_cat?post=53662"},{"taxonomy":"product_tag","embeddable":true,"href":"https:\/\/techstore.ba\/shop\/wp-json\/wp\/v2\/product_tag?post=53662"}],"curies":[{"name":"wp","href":"https:\/\/api.w.org\/{rel}","templated":true}]}}