{"id":53661,"date":"2026-03-19T14:20:02","date_gmt":"2026-03-19T13:20:02","guid":{"rendered":"https:\/\/techstore.ba\/shop\/product\/mi-preciscivac-vazduha-4-lite-cadr-360m3-h-25-43-m2\/"},"modified":"2026-04-04T10:51:45","modified_gmt":"2026-04-04T08:51:45","slug":"mi-preciscivac-vazduha-4-lite-cadr-360m3-h-25-43-m2","status":"publish","type":"product","link":"https:\/\/techstore.ba\/shop\/product\/mi-preciscivac-vazduha-4-lite-cadr-360m3-h-25-43-m2\/","title":{"rendered":"Mi pre\u010di\u0161\u0107iva\u010d vazduha 4 Lite CADR 360m3\/h, 25-43 m2"},"content":{"rendered":"","protected":false},"excerpt":{"rendered":"","protected":false},"featured_media":0,"template":"","meta":[],"product_cat":[643],"product_tag":[],"class_list":{"0":"post-53661","1":"product","2":"type-product","3":"status-publish","5":"product_cat-ct-airpurif","7":"first","8":"instock","9":"shipping-taxable","10":"purchasable","11":"product-type-simple"},"_links":{"self":[{"href":"https:\/\/techstore.ba\/shop\/wp-json\/wp\/v2\/product\/53661","targetHints":{"allow":["GET"]}}],"collection":[{"href":"https:\/\/techstore.ba\/shop\/wp-json\/wp\/v2\/product"}],"about":[{"href":"https:\/\/techstore.ba\/shop\/wp-json\/wp\/v2\/types\/product"}],"wp:attachment":[{"href":"https:\/\/techstore.ba\/shop\/wp-json\/wp\/v2\/media?parent=53661"}],"wp:term":[{"taxonomy":"product_cat","embeddable":true,"href":"https:\/\/techstore.ba\/shop\/wp-json\/wp\/v2\/product_cat?post=53661"},{"taxonomy":"product_tag","embeddable":true,"href":"https:\/\/techstore.ba\/shop\/wp-json\/wp\/v2\/product_tag?post=53661"}],"curies":[{"name":"wp","href":"https:\/\/api.w.org\/{rel}","templated":true}]}}