{"id":53648,"date":"2026-03-19T13:10:02","date_gmt":"2026-03-19T12:10:02","guid":{"rendered":"https:\/\/techstore.ba\/shop\/?post_type=product&#038;p=53648"},"modified":"2026-03-19T13:13:13","modified_gmt":"2026-03-19T12:13:13","slug":"ms-energy-urban-x","status":"publish","type":"product","link":"https:\/\/techstore.ba\/shop\/product\/ms-energy-urban-x\/","title":{"rendered":"MS ENERGY URBAN X"},"content":{"rendered":"<p>MS ENERGY URBAN X &#8211; Sa sna\u017enim motorom od 2 x 300 W, jednostavno spaja stil i performanse. Klizite glatko preko bilo kojeg urbanog terena s dvostrukim ovjesom i prvim uli\u010dno legalnim skuterom s dva motora. Pametna BMS baterija osigurava inteligentan i u\u010dinkovit sustav upravljanja en ergijom. Unaprijedite svoju vo\u017enju ovom savr\u0161enom mje\u0161avinom snage, stila i vrhunske tehnologije.<\/p>\n","protected":false},"excerpt":{"rendered":"<p><strong data-start=\"132\" data-end=\"152\">Ime proizvo\u0111a\u010da:<\/strong> MS Energy<br data-start=\"162\" data-end=\"165\" \/><strong data-start=\"165\" data-end=\"179\">Garancija:<\/strong> 12M<br data-start=\"223\" data-end=\"226\" \/><strong data-start=\"226\" data-end=\"248\">Maksimalna kila\u017ea:<\/strong> 120 kg <br data-start=\"293\" data-end=\"296\" \/><strong data-start=\"296\" data-end=\"317\">Maksimalni domet:<\/strong> 60 km <br data-start=\"361\" data-end=\"364\" \/><strong data-start=\"364\" data-end=\"382\">Ugao penjanja:<\/strong> do 25\u00b0<br data-start=\"435\" data-end=\"438\" \/><strong data-start=\"438\" data-end=\"456\">Vrsta to\u010dkova:<\/strong> 10\u201d <br data-start=\"498\" data-end=\"501\" \/><strong data-start=\"501\" data-end=\"519\">Izlazna snaga:<\/strong> 600 W (2 \u00d7 300 W) <br data-start=\"575\" data-end=\"578\" \/><strong data-start=\"578\" data-end=\"600\">Maksimalna brzina:<\/strong> 25 km\/h<\/p>\n","protected":false},"featured_media":53650,"template":"","meta":[],"product_cat":[458,1242,15],"product_tag":[],"class_list":{"0":"post-53648","1":"product","2":"type-product","3":"status-publish","4":"has-post-thumbnail","6":"product_brand-ms-energy","7":"product_cat-ct-scooterel","8":"product_cat-ms-energy","9":"product_cat-uncategorized","11":"first","12":"instock","13":"shipping-taxable","14":"purchasable","15":"product-type-simple"},"_links":{"self":[{"href":"https:\/\/techstore.ba\/shop\/wp-json\/wp\/v2\/product\/53648","targetHints":{"allow":["GET"]}}],"collection":[{"href":"https:\/\/techstore.ba\/shop\/wp-json\/wp\/v2\/product"}],"about":[{"href":"https:\/\/techstore.ba\/shop\/wp-json\/wp\/v2\/types\/product"}],"wp:featuredmedia":[{"embeddable":true,"href":"https:\/\/techstore.ba\/shop\/wp-json\/wp\/v2\/media\/53650"}],"wp:attachment":[{"href":"https:\/\/techstore.ba\/shop\/wp-json\/wp\/v2\/media?parent=53648"}],"wp:term":[{"taxonomy":"product_cat","embeddable":true,"href":"https:\/\/techstore.ba\/shop\/wp-json\/wp\/v2\/product_cat?post=53648"},{"taxonomy":"product_tag","embeddable":true,"href":"https:\/\/techstore.ba\/shop\/wp-json\/wp\/v2\/product_tag?post=53648"}],"curies":[{"name":"wp","href":"https:\/\/api.w.org\/{rel}","templated":true}]}}