{"id":53645,"date":"2026-03-19T12:55:07","date_gmt":"2026-03-19T11:55:07","guid":{"rendered":"https:\/\/techstore.ba\/shop\/?post_type=product&#038;p=53645"},"modified":"2026-04-06T19:40:12","modified_gmt":"2026-04-06T17:40:12","slug":"ms-energy-e-romobil-urban-500","status":"publish","type":"product","link":"https:\/\/techstore.ba\/shop\/product\/ms-energy-e-romobil-urban-500\/","title":{"rendered":"MS ENERGY URBAN 500"},"content":{"rendered":"<p>MS Energy Urban 500 pru\u017ea vrhunsku kombinaciju performansi, sigurnosti i udobnosti. Opremljen sna\u017enom baterijom od 36V i 13 Ah, motorom od 500 W te 10-in\u010dnim kota\u010dima, ovaj romobil je idealan za razli\u010dite terene. Tubeless gume s gelom protiv bu\u0161enja osiguravaju sigurnu vo\u017enju, dok prednja suspenzija dodatno pobolj\u0161ava udobnost. Romobil ima nosivost od 120 kg, a Smart BMS sustav pru\u017ea pametno upravljanje baterijom. Varijabilna regenerativna ko\u010dnica dodatno pove\u0107ava kontrolu tijekom vo\u017enje, pru\u017eaju\u0107i stabilnost i udobnost.<\/p>\n","protected":false},"excerpt":{"rendered":"<p><strong data-start=\"41\" data-end=\"61\">Ime proizvo\u0111a\u010da:<\/strong> MS Energy<br data-start=\"71\" data-end=\"74\" \/><strong data-start=\"74\" data-end=\"88\" data-is-only-node=\"\">Garancija:<\/strong> 12M<br data-start=\"92\" data-end=\"95\" \/><strong data-start=\"95\" data-end=\"113\">Starosno doba:<\/strong> 16+<br data-start=\"117\" data-end=\"120\" \/><strong data-start=\"120\" data-end=\"142\">Maksimalna kila\u017ea:<\/strong> 120 kg<br data-start=\"149\" data-end=\"152\" \/><strong data-start=\"152\" data-end=\"173\">Maksimalni domet:<\/strong> 50 km<br data-start=\"179\" data-end=\"182\" \/><strong data-start=\"182\" data-end=\"200\">Ugao penjanja:<\/strong> 20%<br data-start=\"204\" data-end=\"207\" \/><strong data-start=\"207\" data-end=\"225\">Vrsta to\u010dkova:<\/strong> 10\u201d<br data-start=\"229\" data-end=\"232\" \/><strong data-start=\"232\" data-end=\"250\">Izlazna snaga:<\/strong> 500 W<br data-start=\"256\" data-end=\"259\" \/><strong data-start=\"259\" data-end=\"281\">Maksimalna brzina:<\/strong> 25 km\/h<\/p>\n","protected":false},"featured_media":53646,"template":"","meta":[],"product_cat":[458,1242],"product_tag":[],"class_list":{"0":"post-53645","1":"product","2":"type-product","3":"status-publish","4":"has-post-thumbnail","6":"product_brand-ms-energy","7":"product_cat-ct-scooterel","8":"product_cat-ms-energy","10":"first","11":"instock","12":"shipping-taxable","13":"purchasable","14":"product-type-simple"},"_links":{"self":[{"href":"https:\/\/techstore.ba\/shop\/wp-json\/wp\/v2\/product\/53645","targetHints":{"allow":["GET"]}}],"collection":[{"href":"https:\/\/techstore.ba\/shop\/wp-json\/wp\/v2\/product"}],"about":[{"href":"https:\/\/techstore.ba\/shop\/wp-json\/wp\/v2\/types\/product"}],"wp:featuredmedia":[{"embeddable":true,"href":"https:\/\/techstore.ba\/shop\/wp-json\/wp\/v2\/media\/53646"}],"wp:attachment":[{"href":"https:\/\/techstore.ba\/shop\/wp-json\/wp\/v2\/media?parent=53645"}],"wp:term":[{"taxonomy":"product_cat","embeddable":true,"href":"https:\/\/techstore.ba\/shop\/wp-json\/wp\/v2\/product_cat?post=53645"},{"taxonomy":"product_tag","embeddable":true,"href":"https:\/\/techstore.ba\/shop\/wp-json\/wp\/v2\/product_tag?post=53645"}],"curies":[{"name":"wp","href":"https:\/\/api.w.org\/{rel}","templated":true}]}}