{"id":53632,"date":"2026-03-17T15:36:04","date_gmt":"2026-03-17T14:36:04","guid":{"rendered":"https:\/\/techstore.ba\/shop\/?post_type=product&#038;p=53632"},"modified":"2026-03-17T15:36:04","modified_gmt":"2026-03-17T14:36:04","slug":"raccunar-konfiguracija-professional","status":"publish","type":"product","link":"https:\/\/techstore.ba\/shop\/product\/raccunar-konfiguracija-professional\/","title":{"rendered":"Rac\u010dunar Konfiguracija Professional"},"content":{"rendered":"","protected":false},"excerpt":{"rendered":"<ul class=\"KsbFXc U6u95\" data-sfc-cb=\"\" data-complete=\"true\" data-processed=\"true\">\n<li class=\"dF3vjf\" data-sfc-cb=\"\" data-hveid=\"CAEIAhAA\" data-complete=\"true\" data-sae=\"\"><span class=\"T286Pc\" data-sfc-cp=\"\" data-sfc-cb=\"\" data-complete=\"true\"><strong class=\"Yjhzub\" data-sfc-cb=\"\" data-complete=\"true\">Procesor (CPU):<\/strong>\u00a0Intel Core i7-14700KF (20 jezgri, do 5.60 GHz) \u2013 vrhunske performanse, nema integrisanu grafiku.<\/span><\/li>\n<li class=\"dF3vjf\" data-sfc-cb=\"\" data-hveid=\"CAEIAhAB\" data-complete=\"true\" data-sae=\"\"><span class=\"T286Pc\" data-sfc-cp=\"\" data-sfc-cb=\"\" data-complete=\"true\"><strong class=\"Yjhzub\" data-sfc-cb=\"\" data-complete=\"true\">Grafi\u010dka kartica (GPU):<\/strong>\u00a0MSI RTX 5070 12GB Ventus 2X OC \u2013 najnovija generacija, idealna za 1440p i 4K gaming.<\/span><\/li>\n<li class=\"dF3vjf\" data-sfc-cb=\"\" data-hveid=\"CAEIAhAC\" data-complete=\"true\" data-sae=\"\"><span class=\"T286Pc\" data-sfc-cp=\"\" data-sfc-cb=\"\" data-complete=\"true\"><strong class=\"Yjhzub\" data-sfc-cb=\"\" data-complete=\"true\">Radna memorija (RAM):<\/strong>\u00a0Kingston Fury Beast 32GB DDR5 5600MHz \u2013\u00a0<strong class=\"Yjhzub\" data-sfc-cb=\"\" data-complete=\"true\">nekompatibilno<\/strong>\u00a0sa odabranom mati\u010dnom plo\u010dom.<\/span><\/li>\n<li class=\"dF3vjf\" data-sfc-cb=\"\" data-hveid=\"CAEIAhAD\" data-complete=\"true\" data-sae=\"\"><span class=\"T286Pc\" data-sfc-cp=\"\" data-sfc-cb=\"\" data-complete=\"true\"><strong class=\"Yjhzub\" data-sfc-cb=\"\" data-complete=\"true\">Mati\u010dna plo\u010da:<\/strong>\u00a0Gigabyte B760M H DDR4 \u2013 podr\u017eava samo stariji DDR4 RAM.<\/span><\/li>\n<li class=\"dF3vjf\" data-sfc-cb=\"\" data-hveid=\"CAEIAhAE\" data-complete=\"true\" data-sae=\"\"><span class=\"T286Pc\" data-sfc-cp=\"\" data-sfc-cb=\"\" data-complete=\"true\"><strong class=\"Yjhzub\" data-sfc-cb=\"\" data-complete=\"true\">Hla\u0111enje (Cooler):<\/strong>\u00a0Cooler Master Hyper 212 Black R1 \u2013 osnovni vazdu\u0161ni kuler (mo\u017ee biti &#8220;knap&#8221; za ovaj procesor pod optere\u0107enjem).<\/span><\/li>\n<li class=\"dF3vjf\" data-sfc-cb=\"\" data-hveid=\"CAEIAhAF\" data-complete=\"true\" data-sae=\"\"><span class=\"T286Pc\" data-sfc-cp=\"\" data-sfc-cb=\"\" data-complete=\"true\"><strong class=\"Yjhzub\" data-sfc-cb=\"\" data-complete=\"true\">Skladi\u0161tenje (SSD):<\/strong>\u00a0ADATA 2TB M.2 NVMe Legend 710 \u2013 brz i prostran disk.<\/span><\/li>\n<li class=\"dF3vjf\" data-sfc-cb=\"\" data-hveid=\"CAEIAhAG\" data-complete=\"true\" data-sae=\"\"><span class=\"T286Pc\" data-sfc-cp=\"\" data-sfc-cb=\"\" data-complete=\"true\"><strong class=\"Yjhzub\" data-sfc-cb=\"\" data-complete=\"true\">Ku\u0107i\u0161te:<\/strong>\u00a0MSI MAG Forge M100L \u2013 kompaktno micro-ATX ku\u0107i\u0161te sa dobrim protokom zraka.<\/span><\/li>\n<li class=\"dF3vjf\" data-sfc-cb=\"\" data-hveid=\"CAEIAhAH\" data-complete=\"true\" data-sae=\"\"><span class=\"T286Pc\" data-sfc-cp=\"\" data-sfc-cb=\"\" data-complete=\"true\" aria-owns=\"action-menu-parent-container\"><strong class=\"Yjhzub\" data-sfc-cb=\"\" data-complete=\"true\">Napajanje (PSU):<\/strong>\u00a0Cooler Master MWE Gold V3 850W \u2013 pouzdano i vi\u0161e nego dovoljno snage za ove komponente.<\/span><\/li>\n<li data-sfc-cb=\"\" data-hveid=\"CAEIAhAH\" data-complete=\"true\" data-sae=\"\"><strong>Operativni sistem<\/strong>: Windows + Office(Licencirani)<\/li>\n<\/ul>\n","protected":false},"featured_media":53633,"template":"","meta":[],"product_cat":[1025,420],"product_tag":[],"class_list":{"0":"post-53632","1":"product","2":"type-product","3":"status-publish","4":"has-post-thumbnail","6":"product_cat-gaming-racunari","7":"product_cat-ct-pc","9":"first","10":"instock","11":"shipping-taxable","12":"purchasable","13":"product-type-simple"},"_links":{"self":[{"href":"https:\/\/techstore.ba\/shop\/wp-json\/wp\/v2\/product\/53632","targetHints":{"allow":["GET"]}}],"collection":[{"href":"https:\/\/techstore.ba\/shop\/wp-json\/wp\/v2\/product"}],"about":[{"href":"https:\/\/techstore.ba\/shop\/wp-json\/wp\/v2\/types\/product"}],"wp:featuredmedia":[{"embeddable":true,"href":"https:\/\/techstore.ba\/shop\/wp-json\/wp\/v2\/media\/53633"}],"wp:attachment":[{"href":"https:\/\/techstore.ba\/shop\/wp-json\/wp\/v2\/media?parent=53632"}],"wp:term":[{"taxonomy":"product_cat","embeddable":true,"href":"https:\/\/techstore.ba\/shop\/wp-json\/wp\/v2\/product_cat?post=53632"},{"taxonomy":"product_tag","embeddable":true,"href":"https:\/\/techstore.ba\/shop\/wp-json\/wp\/v2\/product_tag?post=53632"}],"curies":[{"name":"wp","href":"https:\/\/api.w.org\/{rel}","templated":true}]}}