{"id":53604,"date":"2026-03-14T13:23:07","date_gmt":"2026-03-14T12:23:07","guid":{"rendered":"https:\/\/techstore.ba\/shop\/?post_type=product&#038;p=53604"},"modified":"2026-03-14T13:51:34","modified_gmt":"2026-03-14T12:51:34","slug":"techstore-business-pc-amd-ryzen-5-5600g-16gb-ddr4-3200mhz-500gb-ssd","status":"publish","type":"product","link":"https:\/\/techstore.ba\/shop\/product\/techstore-business-pc-amd-ryzen-5-5600g-16gb-ddr4-3200mhz-500gb-ssd\/","title":{"rendered":"TechStore Business PC AMD Ryzen 5 5600G; 16GB DDR4 3200MHz; 500GB SSD"},"content":{"rendered":"<div class=\"flex flex-col text-sm\">\n<article class=\"text-token-text-primary w-full focus:outline-none [--shadow-height:45px] has-data-writing-block:pointer-events-none has-data-writing-block:-mt-(--shadow-height) has-data-writing-block:pt-(--shadow-height) [&amp;:has([data-writing-block])&gt;*]:pointer-events-auto scroll-mt-[calc(var(--header-height)+min(200px,max(70px,20svh)))]\" dir=\"auto\" tabindex=\"-1\" data-turn-id=\"request-WEB:7a5023ee-086a-408e-aa84-59415fa8852b-2\" data-testid=\"conversation-turn-6\" data-scroll-anchor=\"true\" data-turn=\"assistant\">\n<div class=\"text-base my-auto mx-auto pb-10 [--thread-content-margin:var(--thread-content-margin-xs,calc(var(--spacing)*4))] @w-sm\/main:[--thread-content-margin:var(--thread-content-margin-sm,calc(var(--spacing)*6))] @w-lg\/main:[--thread-content-margin:var(--thread-content-margin-lg,calc(var(--spacing)*16))] px-(--thread-content-margin)\">\n<div class=\"[--thread-content-max-width:40rem] @w-lg\/main:[--thread-content-max-width:48rem] mx-auto max-w-(--thread-content-max-width) flex-1 group\/turn-messages focus-visible:outline-hidden relative flex w-full min-w-0 flex-col agent-turn\" tabindex=\"-1\">\n<div class=\"flex max-w-full flex-col gap-4 grow\">\n<div class=\"min-h-8 text-message relative flex w-full flex-col items-end gap-2 text-start break-words whitespace-normal [.text-message+&amp;]:mt-1\" dir=\"auto\" data-message-author-role=\"assistant\" data-message-id=\"e13a4d19-4060-46cc-80a1-d573889506cd\" data-message-model-slug=\"gpt-5-3\">\n<div class=\"flex w-full flex-col gap-1 empty:hidden\">\n<div class=\"markdown prose dark:prose-invert w-full wrap-break-word light markdown-new-styling\">\n<p data-start=\"47\" data-end=\"427\">Brz i pouzdan poslovni ra\u010dunar sa <strong data-start=\"81\" data-end=\"139\">AMD Ryzen 5 5600G procesorom (6 jezgri \/ 12 threadova)<\/strong> i integrisanom <strong data-start=\"155\" data-end=\"181\">Radeon Vega 7 grafikom<\/strong> za stabilan rad bez dodatne grafi\u010dke kartice. Ima <strong data-start=\"232\" data-end=\"263\">16 GB DDR4 RAM-a (3200 MHz)<\/strong> i <strong data-start=\"266\" data-end=\"280\">500 GB SSD<\/strong>, \u0161to omogu\u0107ava brz rad i multitasking. Idealan je za <strong data-start=\"334\" data-end=\"388\">kancelariju, \u0161kolu, internet i svakodnevne zadatke<\/strong>.<\/p>\n<\/div>\n<\/div>\n<\/div>\n<\/div>\n<div class=\"z-0 flex min-h-[46px] justify-start\"><\/div>\n<\/div>\n<\/div>\n<\/article>\n<\/div>\n<div class=\"pointer-events-none h-px w-px absolute bottom-0\" aria-hidden=\"true\" data-edge=\"true\"><\/div>\n","protected":false},"excerpt":{"rendered":"<p>Brz i pouzdan poslovni ra\u010dunar sa AMD Ryzen 5 5600G procesorom (6 jezgri \/ 12 threadova) i integrisanom Radeon Vega 7 grafikom za stabilan rad bez dodatne grafi\u010dke kartice. Ima 16 GB DDR4 RAM-a (3200 MHz) i 500 GB SSD, \u0161to omogu\u0107ava brz rad i multitasking. Idealan je za kancelariju, \u0161kolu, internet i svakodnevne zadatke.<\/p>\n","protected":false},"featured_media":53615,"template":"","meta":[],"product_cat":[1029,420],"product_tag":[],"class_list":{"0":"post-53604","1":"product","2":"type-product","3":"status-publish","4":"has-post-thumbnail","6":"product_brand-amd-ryzen","7":"product_cat-poslovni-racunari","8":"product_cat-ct-pc","10":"first","11":"instock","12":"shipping-taxable","13":"purchasable","14":"product-type-simple"},"_links":{"self":[{"href":"https:\/\/techstore.ba\/shop\/wp-json\/wp\/v2\/product\/53604","targetHints":{"allow":["GET"]}}],"collection":[{"href":"https:\/\/techstore.ba\/shop\/wp-json\/wp\/v2\/product"}],"about":[{"href":"https:\/\/techstore.ba\/shop\/wp-json\/wp\/v2\/types\/product"}],"wp:featuredmedia":[{"embeddable":true,"href":"https:\/\/techstore.ba\/shop\/wp-json\/wp\/v2\/media\/53615"}],"wp:attachment":[{"href":"https:\/\/techstore.ba\/shop\/wp-json\/wp\/v2\/media?parent=53604"}],"wp:term":[{"taxonomy":"product_cat","embeddable":true,"href":"https:\/\/techstore.ba\/shop\/wp-json\/wp\/v2\/product_cat?post=53604"},{"taxonomy":"product_tag","embeddable":true,"href":"https:\/\/techstore.ba\/shop\/wp-json\/wp\/v2\/product_tag?post=53604"}],"curies":[{"name":"wp","href":"https:\/\/api.w.org\/{rel}","templated":true}]}}