{"id":53586,"date":"2026-03-14T11:20:06","date_gmt":"2026-03-14T10:20:06","guid":{"rendered":"https:\/\/techstore.ba\/shop\/?post_type=product&#038;p=53586"},"modified":"2026-03-14T13:20:09","modified_gmt":"2026-03-14T12:20:09","slug":"techstore-business-pc-amd-ryzen-3-3200g-8gb-ddr4-3200mhz-500gb-ssd-windows-11-office","status":"publish","type":"product","link":"https:\/\/techstore.ba\/shop\/product\/techstore-business-pc-amd-ryzen-3-3200g-8gb-ddr4-3200mhz-500gb-ssd-windows-11-office\/","title":{"rendered":"TechStore Business PC AMD Ryzen 3 3200G; 8GB DDR4 3200MHz; 500GB SSD (Windows 11 + Office)"},"content":{"rendered":"<p data-start=\"47\" data-end=\"499\">Poslovni desktop ra\u010dunar namijenjen za svakodnevni rad u kancelariji, \u0161kolu i ku\u0107nu upotrebu. Opremljen je procesorom <span class=\"hover:entity-accent entity-underline inline cursor-pointer align-baseline\"><span class=\"whitespace-normal\">AMD Ryzen 3 3200G<\/span><\/span> sa 4 jezgre i radnim taktom do 4.0 GHz, koji pru\u017ea stabilne performanse za rad u programima kao \u0161to su Office, internet preglednici i multimedija. Procesor ima integrisanu grafiku Radeon Vega 8, pa nije potrebna dodatna grafi\u010dka kartica za osnovne zadatke.<\/p>\n<p data-start=\"501\" data-end=\"750\">Ra\u010dunar dolazi sa <strong data-start=\"519\" data-end=\"549\">8 GB DDR4 RAM-a (3200 MHz)<\/strong> koji omogu\u0107ava ugodan multitasking, te <strong data-start=\"589\" data-end=\"610\">500 GB SSD diskom<\/strong> koji osigurava brzo pokretanje sistema i programa. Instaliran je <strong data-start=\"676\" data-end=\"708\">Windows 11 sa Office paketom<\/strong>, tako da je ra\u010dunar odmah spreman za rad.<\/p>\n<p data-start=\"752\" data-end=\"837\">Idealan je za <strong data-start=\"766\" data-end=\"834\">kancelarijski posao, \u0161kolu, internet, filmove i osnovne programe<\/strong>.<\/p>\n","protected":false},"excerpt":{"rendered":"<p>Poslovni desktop ra\u010dunar namijenjen za svakodnevni rad u kancelariji, \u0161kolu i ku\u0107nu upotrebu. Opremljen je procesorom AMD Ryzen 3 3200G sa 4 jezgre i radnim taktom do 4.0 GHz, koji pru\u017ea stabilne performanse za rad u programima kao \u0161to su Office, internet preglednici i multimedija. Procesor ima integrisanu grafiku Radeon Vega 8, pa nije potrebna [&hellip;]<\/p>\n","protected":false},"featured_media":53588,"template":"","meta":[],"product_cat":[1029,420],"product_tag":[],"class_list":{"0":"post-53586","1":"product","2":"type-product","3":"status-publish","4":"has-post-thumbnail","6":"product_brand-amd-ryzen","7":"product_cat-poslovni-racunari","8":"product_cat-ct-pc","10":"first","11":"instock","12":"shipping-taxable","13":"purchasable","14":"product-type-simple"},"_links":{"self":[{"href":"https:\/\/techstore.ba\/shop\/wp-json\/wp\/v2\/product\/53586","targetHints":{"allow":["GET"]}}],"collection":[{"href":"https:\/\/techstore.ba\/shop\/wp-json\/wp\/v2\/product"}],"about":[{"href":"https:\/\/techstore.ba\/shop\/wp-json\/wp\/v2\/types\/product"}],"wp:featuredmedia":[{"embeddable":true,"href":"https:\/\/techstore.ba\/shop\/wp-json\/wp\/v2\/media\/53588"}],"wp:attachment":[{"href":"https:\/\/techstore.ba\/shop\/wp-json\/wp\/v2\/media?parent=53586"}],"wp:term":[{"taxonomy":"product_cat","embeddable":true,"href":"https:\/\/techstore.ba\/shop\/wp-json\/wp\/v2\/product_cat?post=53586"},{"taxonomy":"product_tag","embeddable":true,"href":"https:\/\/techstore.ba\/shop\/wp-json\/wp\/v2\/product_tag?post=53586"}],"curies":[{"name":"wp","href":"https:\/\/api.w.org\/{rel}","templated":true}]}}