{"id":53518,"date":"2026-03-12T13:55:36","date_gmt":"2026-03-12T12:55:36","guid":{"rendered":"https:\/\/techstore.ba\/shop\/?post_type=product&#038;p=53518"},"modified":"2026-03-12T13:55:36","modified_gmt":"2026-03-12T12:55:36","slug":"punjac-za-xiaomi-sat-gs3","status":"publish","type":"product","link":"https:\/\/techstore.ba\/shop\/product\/punjac-za-xiaomi-sat-gs3\/","title":{"rendered":"Punja\u010d za xiaomi sat GS3"},"content":{"rendered":"","protected":false},"excerpt":{"rendered":"<ul class=\"KsbFXc U6u95\" data-sfc-cb=\"\" data-processed=\"true\" data-complete=\"true\">\n<li class=\"dF3vjf\" data-sfc-cb=\"\" data-hveid=\"CAYQAA\" data-complete=\"true\" data-sae=\"\"><span class=\"T286Pc\" data-sfc-cp=\"\" data-sfc-cb=\"\" data-complete=\"true\"><strong class=\"Yjhzub\" data-sfc-cb=\"\" data-complete=\"true\">Tip priklju\u010dka<\/strong>: USB-A na magnetnu 2-pin bazu.<\/span><\/li>\n<li class=\"dF3vjf\" data-sfc-cb=\"\" data-hveid=\"CAYQAQ\" data-complete=\"true\" data-sae=\"\"><span class=\"T286Pc\" data-sfc-cp=\"\" data-sfc-cb=\"\" data-complete=\"true\"><strong class=\"Yjhzub\" data-sfc-cb=\"\" data-complete=\"true\">Brzina punjenja<\/strong>: Potpuno punjenje od 0% do 100% traje otprilike 30 do 70 minuta, ovisno o verziji sata (Bluetooth ili eSIM).<\/span><\/li>\n<li class=\"dF3vjf\" data-sfc-cb=\"\" data-hveid=\"CAYQAg\" data-sae=\"\" data-complete=\"true\"><span class=\"T286Pc\" data-sfc-cp=\"\" data-sfc-cb=\"\" data-complete=\"true\"><strong class=\"Yjhzub\" data-sfc-cb=\"\" data-complete=\"true\">Du\u017eina kabla<\/strong>: Standardni originalni kabal je du\u017eine 70 cm.<\/span><\/li>\n<li class=\"dF3vjf\" data-sfc-cb=\"\" data-hveid=\"CAYQAw\" data-complete=\"true\" data-processed=\"true\" data-sae=\"\"><span class=\"T286Pc\" data-sfc-cp=\"\" data-sfc-cb=\"\" data-complete=\"true\"><strong class=\"Yjhzub\" data-sfc-cb=\"\" data-complete=\"true\">Materijali<\/strong>: Prema podacima sa mi.com, ku\u0107i\u0161te je izra\u0111eno od PC plastike, dok je kabal od TPE materijala koji je otporan na savijanje.<\/span><\/li>\n<li class=\"dF3vjf\" data-sfc-cb=\"\" data-hveid=\"CAYQBA\" data-complete=\"true\" data-processed=\"true\" data-sae=\"\"><span class=\"T286Pc\" data-sfc-cp=\"\" data-sfc-cb=\"\" data-complete=\"true\" aria-owns=\"action-menu-parent-container\"><strong class=\"Yjhzub\" data-sfc-cb=\"\" data-complete=\"true\">Kompatibilnost<\/strong>: Isti punja\u010d se \u010desto mo\u017ee koristiti i za modele\u00a0<strong class=\"Yjhzub\" data-sfc-cb=\"\" data-complete=\"true\">Xiaomi Watch S2<\/strong>,\u00a0<strong class=\"Yjhzub\" data-sfc-cb=\"\" data-complete=\"true\">Xiaomi Watch 2 Pro<\/strong>\u00a0i\u00a0<strong class=\"Yjhzub\" data-sfc-cb=\"\" data-complete=\"true\">Xiaomi Watch H1<\/strong>.<\/span><\/li>\n<\/ul>\n","protected":false},"featured_media":53519,"template":"","meta":[],"product_cat":[825],"product_tag":[],"class_list":{"0":"post-53518","1":"product","2":"type-product","3":"status-publish","4":"has-post-thumbnail","6":"product_cat-ct-smartwatac","8":"first","9":"instock","10":"shipping-taxable","11":"purchasable","12":"product-type-simple"},"_links":{"self":[{"href":"https:\/\/techstore.ba\/shop\/wp-json\/wp\/v2\/product\/53518","targetHints":{"allow":["GET"]}}],"collection":[{"href":"https:\/\/techstore.ba\/shop\/wp-json\/wp\/v2\/product"}],"about":[{"href":"https:\/\/techstore.ba\/shop\/wp-json\/wp\/v2\/types\/product"}],"wp:featuredmedia":[{"embeddable":true,"href":"https:\/\/techstore.ba\/shop\/wp-json\/wp\/v2\/media\/53519"}],"wp:attachment":[{"href":"https:\/\/techstore.ba\/shop\/wp-json\/wp\/v2\/media?parent=53518"}],"wp:term":[{"taxonomy":"product_cat","embeddable":true,"href":"https:\/\/techstore.ba\/shop\/wp-json\/wp\/v2\/product_cat?post=53518"},{"taxonomy":"product_tag","embeddable":true,"href":"https:\/\/techstore.ba\/shop\/wp-json\/wp\/v2\/product_tag?post=53518"}],"curies":[{"name":"wp","href":"https:\/\/api.w.org\/{rel}","templated":true}]}}