{"id":53507,"date":"2026-03-12T11:50:23","date_gmt":"2026-03-12T10:50:23","guid":{"rendered":"https:\/\/techstore.ba\/shop\/?post_type=product&#038;p=53507"},"modified":"2026-03-12T11:50:44","modified_gmt":"2026-03-12T10:50:44","slug":"creality-nit-za-3d-printer-hyper-pla-plava","status":"publish","type":"product","link":"https:\/\/techstore.ba\/shop\/product\/creality-nit-za-3d-printer-hyper-pla-plava\/","title":{"rendered":"Creality Nit za 3D Printer Hyper PLA Plava"},"content":{"rendered":"<p>Ova nijansa plave je izuzetno zasi\u0107ena i ne blijedi nakon printanja, \u0161to je \u010dini savr\u0161enom za\u00a0<strong class=\"Yjhzub\" data-sfc-cb=\"\" data-complete=\"true\" data-processed=\"true\">tehni\u010dke prototipove<\/strong>\u00a0(gdje se detalji moraju jasno vidjeti) ili\u00a0<strong class=\"Yjhzub\" data-sfc-cb=\"\" data-complete=\"true\" data-processed=\"true\">dekorativne gadgete<\/strong>\u00a0koji trebaju izgledati profesionalno &#8220;iz prve&#8221;.<\/p>\n","protected":false},"excerpt":{"rendered":"<ul class=\"KsbFXc U6u95\" data-sfc-cb=\"\" data-processed=\"true\" data-complete=\"true\">\n<li class=\"dF3vjf\" data-sfc-cb=\"\" data-hveid=\"CAEIAhAA\" data-complete=\"true\" data-sae=\"\"><span class=\"T286Pc\" data-sfc-cp=\"\" data-sfc-cb=\"\" data-complete=\"true\"><strong class=\"Yjhzub\" data-sfc-cb=\"\" data-complete=\"true\">Ekstremna Brzina (do 600 mm\/s):<\/strong>\u00a0Zahvaljuju\u0107i formuli visoke fluidnosti, omogu\u0107ava i do 10 puta br\u017ee printanje u odnosu na obi\u010dni PLA, bez ugro\u017eavanja kvaliteta detalja.<\/span><\/li>\n<li class=\"dF3vjf\" data-sfc-cb=\"\" data-hveid=\"CAEIAhAB\" data-complete=\"true\" data-sae=\"\"><span class=\"T286Pc\" data-sfc-cp=\"\" data-sfc-cb=\"\" data-complete=\"true\"><strong class=\"Yjhzub\" data-sfc-cb=\"\" data-complete=\"true\">Visoka Preciznost i Stabilnost:<\/strong>\u00a0Odr\u017eava strogu toleranciju promjera od\u00a0<strong class=\"Yjhzub\" data-sfc-cb=\"\" data-complete=\"true\">\u00b1 0.03 mm<\/strong>, \u0161to osigurava ujedna\u010denu ekstruziju i sprje\u010dava zastoje, \u010dak i pri najve\u0107im brzinama.<\/span><\/li>\n<li class=\"dF3vjf\" data-sfc-cb=\"\" data-hveid=\"CAEIAhAC\" data-complete=\"true\" data-sae=\"\"><span class=\"T286Pc\" data-sfc-cp=\"\" data-sfc-cb=\"\" data-complete=\"true\"><strong class=\"Yjhzub\" data-sfc-cb=\"\" data-complete=\"true\">Pobolj\u0161ana \u010cvrsto\u0107a i \u017dilavost:<\/strong>\u00a0Hyper PLA nudi ve\u0107u otpornost na udarce i savijanje od standardnih filamenata, \u010dine\u0107i printane modele dugotrajnijim i pogodnijim za funkcionalne dijelove.<\/span><\/li>\n<li class=\"dF3vjf\" data-sfc-cb=\"\" data-hveid=\"CAEIAhAD\" data-complete=\"true\" data-sae=\"\"><span class=\"T286Pc\" data-sfc-cp=\"\" data-sfc-cb=\"\" data-complete=\"true\"><strong class=\"Yjhzub\" data-sfc-cb=\"\" data-complete=\"true\">Glatka Povr\u0161ina i Estetika:<\/strong>\u00a0Optimizovano hla\u0111enje omogu\u0107ava br\u017ee skru\u0107ivanje materijala, \u010dime se elimini\u0161e &#8220;slivanje&#8221; i posti\u017ee izuzetno glatka zavr\u0161na obrada bez vidljivih slojeva.<\/span><\/li>\n<li class=\"dF3vjf\" data-sfc-cb=\"\" data-hveid=\"CAEIAhAE\" data-complete=\"true\" data-sae=\"\"><span class=\"T286Pc\" data-sfc-cp=\"\" data-sfc-cb=\"\" data-complete=\"true\"><strong class=\"Yjhzub\" data-sfc-cb=\"\" data-complete=\"true\">Optimizovano za K1 i Ender Seriju:<\/strong> Iako je kompatibilan sa svim 1.75 mm FDM printerima.<\/span><\/li>\n<li class=\"dF3vjf\" data-sfc-cb=\"\" data-hveid=\"CAEIAhAF\" data-sae=\"\" data-complete=\"true\"><span class=\"T286Pc\" data-sfc-cp=\"\" data-sfc-cb=\"\" data-complete=\"true\" aria-owns=\"action-menu-parent-container\"><strong class=\"Yjhzub\" data-sfc-cb=\"\" data-complete=\"true\">Intenzivna Plava Boja:<\/strong>\u00a0Pru\u017ea visoku zasi\u0107enost i bogat ton, idealan za vizuelno upe\u010datljive prototipove, tehni\u010dke komponente i dekorativne predmete.<\/span><\/li>\n<\/ul>\n","protected":false},"featured_media":53508,"template":"","meta":[],"product_cat":[158],"product_tag":[],"class_list":{"0":"post-53507","1":"product","2":"type-product","3":"status-publish","4":"has-post-thumbnail","6":"product_cat-3d-printers","8":"first","9":"instock","10":"shipping-taxable","11":"purchasable","12":"product-type-simple"},"_links":{"self":[{"href":"https:\/\/techstore.ba\/shop\/wp-json\/wp\/v2\/product\/53507","targetHints":{"allow":["GET"]}}],"collection":[{"href":"https:\/\/techstore.ba\/shop\/wp-json\/wp\/v2\/product"}],"about":[{"href":"https:\/\/techstore.ba\/shop\/wp-json\/wp\/v2\/types\/product"}],"wp:featuredmedia":[{"embeddable":true,"href":"https:\/\/techstore.ba\/shop\/wp-json\/wp\/v2\/media\/53508"}],"wp:attachment":[{"href":"https:\/\/techstore.ba\/shop\/wp-json\/wp\/v2\/media?parent=53507"}],"wp:term":[{"taxonomy":"product_cat","embeddable":true,"href":"https:\/\/techstore.ba\/shop\/wp-json\/wp\/v2\/product_cat?post=53507"},{"taxonomy":"product_tag","embeddable":true,"href":"https:\/\/techstore.ba\/shop\/wp-json\/wp\/v2\/product_tag?post=53507"}],"curies":[{"name":"wp","href":"https:\/\/api.w.org\/{rel}","templated":true}]}}