{"id":53498,"date":"2026-03-12T10:28:20","date_gmt":"2026-03-12T09:28:20","guid":{"rendered":"https:\/\/techstore.ba\/shop\/?post_type=product&#038;p=53498"},"modified":"2026-03-12T10:28:21","modified_gmt":"2026-03-12T09:28:21","slug":"creality-3d-printer-ender-3-v3-se","status":"publish","type":"product","link":"https:\/\/techstore.ba\/shop\/product\/creality-3d-printer-ender-3-v3-se\/","title":{"rendered":"Creality 3D Printer Ender-3 V3 SE"},"content":{"rendered":"<div class=\"Y3BBE\" data-sfc-cp=\"\" data-sfc-cb=\"\" data-hveid=\"CAEQAA\" data-processed=\"true\" data-complete=\"true\">Ovo je odli\u010dan izbor za po\u010detnike i one koji tra\u017ee pouzdan, ali brz ure\u0111aj.\u00a0<strong class=\"Yjhzub\" data-sfc-cb=\"\" data-processed=\"true\" data-complete=\"true\">Ender-3 V3 SE<\/strong>\u00a0se izdvaja po tome \u0161to nudi moderne funkcije koje su nekada bile rezervisane za skuplje modele, poput automatske nivelacije i &#8220;Sprite&#8221; direktnog ekstrudera.<button class=\"rBl3me\" tabindex=\"0\" data-amic=\"true\" data-icl-uuid=\"29719607-0830-48a7-84b3-6e3cb32dfd66\" aria-label=\"View related links\" data-wiz-attrbind=\"disabled=xr45ld_c\/C5gNJc;aria-label=xr45ld_c\/bOjMyf;class=xr45ld_c\/UpSNec\" data-ved=\"2ahUKEwjHmebZg5qTAxVHbaQEHbhpERAQye0OegQIARAB\" data-hveid=\"CAEQAQ\"><\/button><\/div>\n<div class=\"Y3BBE\" data-sfc-cp=\"\" data-sfc-cb=\"\" data-hveid=\"CAIQAA\" data-complete=\"true\" data-processed=\"true\">Evo nekoliko klju\u010dnih razloga za\u0161to je ovaj model popularan:<button class=\"rBl3me\" tabindex=\"0\" data-amic=\"true\" data-icl-uuid=\"143f5593-db4e-4eef-ab32-62230037d688\" aria-label=\"View related links\" data-wiz-attrbind=\"disabled=xr45ld_g\/C5gNJc;aria-label=xr45ld_g\/bOjMyf;class=xr45ld_g\/UpSNec\" data-ved=\"2ahUKEwjHmebZg5qTAxVHbaQEHbhpERAQye0OegQIAhAB\" data-hveid=\"CAIQAQ\"><\/button><\/div>\n<ul class=\"KsbFXc U6u95\" data-sfc-cb=\"\" data-complete=\"true\" data-processed=\"true\">\n<li class=\"dF3vjf\" data-sfc-cb=\"\" data-hveid=\"CAMQAA\" data-complete=\"true\" data-sae=\"\"><span class=\"T286Pc\" data-sfc-cp=\"\" data-sfc-cb=\"\" data-complete=\"true\"><strong class=\"Yjhzub\" data-sfc-cb=\"\" data-complete=\"true\">Brzina bez muke:<\/strong>\u00a0Iako mu je maksimum 250 mm\/s, stabilno \u0161tampa na oko 180 mm\/s, \u0161to je i dalje znatno br\u017ee od starijih generacija [3, 4].<\/span><\/li>\n<li class=\"dF3vjf\" data-sfc-cb=\"\" data-hveid=\"CAMQAQ\" data-complete=\"true\" data-sae=\"\"><span class=\"T286Pc\" data-sfc-cp=\"\" data-sfc-cb=\"\" data-complete=\"true\"><strong class=\"Yjhzub\" data-sfc-cb=\"\" data-complete=\"true\">Jednostavno postavljanje:<\/strong>\u00a0Dolazi skoro potpuno sastavljen, pa od otpakivanja do prve \u0161tampe obi\u010dno treba manje od 20 minuta [3].<\/span><\/li>\n<li class=\"dF3vjf\" data-sfc-cb=\"\" data-hveid=\"CAMQAg\" data-complete=\"true\" data-sae=\"\"><span class=\"T286Pc\" data-sfc-cp=\"\" data-sfc-cb=\"\" data-complete=\"true\"><strong class=\"Yjhzub\" data-sfc-cb=\"\" data-complete=\"true\">Precizna nivelacija:<\/strong>\u00a0Zahvaljuju\u0107i\u00a0<strong class=\"Yjhzub\" data-sfc-cb=\"\" data-complete=\"true\">CR-Touch<\/strong>\u00a0senzoru i senzoru pritiska (strain sensor), \u0161tampa\u010d sam pode\u0161ava visinu prvog sloja (Z-offset), \u0161to je naj\u010de\u0161\u0107i problem kod 3D \u0161tampe [3].<\/span><\/li>\n<li class=\"dF3vjf\" data-sfc-cb=\"\" data-hveid=\"CAMQAw\" data-complete=\"true\" data-sae=\"\"><span class=\"T286Pc\" data-sfc-cp=\"\" data-sfc-cb=\"\" data-complete=\"true\"><strong class=\"Yjhzub\" data-sfc-cb=\"\" data-complete=\"true\">Direktni ekstruder:<\/strong>\u00a0&#8220;Sprite&#8221; mehanizam omogu\u0107ava lak\u0161i rad sa fleksibilnim materijalima poput\u00a0<strong class=\"Yjhzub\" data-sfc-cb=\"\" data-complete=\"true\">TPU<\/strong>, jer gura filament direktno u mlaznicu [3, 4].<\/span><button class=\"rBl3me\" tabindex=\"0\" data-amic=\"true\" data-icl-uuid=\"77822a6e-ce17-4b61-8a0e-4fb3795330cc\" aria-label=\"View related links\" data-wiz-attrbind=\"disabled=xr45ld_y\/C5gNJc;aria-label=xr45ld_y\/bOjMyf;class=xr45ld_y\/UpSNec\" data-ved=\"2ahUKEwjHmebZg5qTAxVHbaQEHbhpERAQye0OegQIAxAE\" data-hveid=\"CAMQBA\"><\/button><\/li>\n<\/ul>\n<div class=\"Y3BBE\" data-sfc-cp=\"\" data-sfc-cb=\"\" data-hveid=\"CAQQAA\" data-complete=\"true\" data-processed=\"true\" aria-owns=\"action-menu-parent-container\">Ovaj model je idealan ako \u017eelite ure\u0111aj koji &#8220;prosto radi&#8221; bez previ\u0161e ru\u010dnog pode\u0161avanja.<\/div>\n","protected":false},"excerpt":{"rendered":"<ul class=\"KsbFXc U6u95\" data-sfc-cb=\"\" data-complete=\"true\" data-processed=\"true\">\n<li class=\"dF3vjf\" data-sfc-cb=\"\" data-hveid=\"CAEIAhAA\" data-complete=\"true\" data-sae=\"\"><span class=\"T286Pc\" data-sfc-cp=\"\" data-sfc-cb=\"\" data-complete=\"true\"><strong class=\"Yjhzub\" data-sfc-cb=\"\" data-complete=\"true\">Radna zapremina:<\/strong>\u00a0220 x 220 x 250 mm<\/span><\/li>\n<li class=\"dF3vjf\" data-sfc-cb=\"\" data-hveid=\"CAEIAhAB\" data-complete=\"true\" data-sae=\"\"><span class=\"T286Pc\" data-sfc-cp=\"\" data-sfc-cb=\"\" data-complete=\"true\"><strong class=\"Yjhzub\" data-sfc-cb=\"\" data-complete=\"true\">Brzina \u0161tampe:<\/strong>\u00a0Do 250 mm\/s (preporu\u010deno 180 mm\/s)<\/span><\/li>\n<li class=\"dF3vjf\" data-sfc-cb=\"\" data-hveid=\"CAEIAhAC\" data-complete=\"true\" data-sae=\"\"><span class=\"T286Pc\" data-sfc-cp=\"\" data-sfc-cb=\"\" data-complete=\"true\"><strong class=\"Yjhzub\" data-sfc-cb=\"\" data-complete=\"true\">Ekstruder:<\/strong>\u00a0&#8220;Sprite&#8221; Direct Drive (odli\u010dan za TPU)<\/span><\/li>\n<li class=\"dF3vjf\" data-sfc-cb=\"\" data-hveid=\"CAEIAhAD\" data-complete=\"true\" data-sae=\"\"><span class=\"T286Pc\" data-sfc-cp=\"\" data-sfc-cb=\"\" data-complete=\"true\"><strong class=\"Yjhzub\" data-sfc-cb=\"\" data-complete=\"true\">Nivelacija:<\/strong>\u00a0Potpuno automatska (CR-Touch + Strain sensor za Z-offset)<\/span><\/li>\n<li class=\"dF3vjf\" data-sfc-cb=\"\" data-hveid=\"CAEIAhAE\" data-complete=\"true\" data-sae=\"\"><span class=\"T286Pc\" data-sfc-cp=\"\" data-sfc-cb=\"\" data-complete=\"true\"><strong class=\"Yjhzub\" data-sfc-cb=\"\" data-complete=\"true\">Temperatura:<\/strong>\u00a0Mlaznica do 260\u00b0C, podloga do 100\u00b0C<\/span><\/li>\n<li class=\"dF3vjf\" data-sfc-cb=\"\" data-hveid=\"CAEIAhAF\" data-complete=\"true\" data-sae=\"\"><span class=\"T286Pc\" data-sfc-cp=\"\" data-sfc-cb=\"\" data-complete=\"true\"><strong class=\"Yjhzub\" data-sfc-cb=\"\" data-complete=\"true\">Filamenti:<\/strong>\u00a0PLA, PETG, TPU (95A)<\/span><\/li>\n<li class=\"dF3vjf\" data-sfc-cb=\"\" data-hveid=\"CAEIAhAG\" data-complete=\"true\" data-sae=\"\"><span class=\"T286Pc\" data-sfc-cp=\"\" data-sfc-cb=\"\" data-complete=\"true\"><strong class=\"Yjhzub\" data-sfc-cb=\"\" data-complete=\"true\">Ekran:<\/strong>\u00a03.2&#8221; u boji sa to\u010dki\u0107em<\/span><\/li>\n<li class=\"dF3vjf\" data-sfc-cb=\"\" data-hveid=\"CAEIAhAH\" data-complete=\"true\" data-sae=\"\"><span class=\"T286Pc\" data-sfc-cp=\"\" data-sfc-cb=\"\" data-complete=\"true\"><strong class=\"Yjhzub\" data-sfc-cb=\"\" data-complete=\"true\">Te\u017eina ure\u0111aja:<\/strong>\u00a07.34 kg<\/span><\/li>\n<li class=\"dF3vjf\" data-sfc-cb=\"\" data-hveid=\"CAEIAhAI\" data-complete=\"true\" data-sae=\"\"><span class=\"T286Pc\" data-sfc-cp=\"\" data-sfc-cb=\"\" data-complete=\"true\" aria-owns=\"action-menu-parent-container\"><strong class=\"Yjhzub\" data-sfc-cb=\"\" data-complete=\"true\">Snaga:<\/strong>\u00a0350W<\/span><\/li>\n<\/ul>\n","protected":false},"featured_media":53499,"template":"","meta":[],"product_cat":[158],"product_tag":[],"class_list":{"0":"post-53498","1":"product","2":"type-product","3":"status-publish","4":"has-post-thumbnail","6":"product_cat-3d-printers","8":"first","9":"instock","10":"shipping-taxable","11":"purchasable","12":"product-type-simple"},"_links":{"self":[{"href":"https:\/\/techstore.ba\/shop\/wp-json\/wp\/v2\/product\/53498","targetHints":{"allow":["GET"]}}],"collection":[{"href":"https:\/\/techstore.ba\/shop\/wp-json\/wp\/v2\/product"}],"about":[{"href":"https:\/\/techstore.ba\/shop\/wp-json\/wp\/v2\/types\/product"}],"wp:featuredmedia":[{"embeddable":true,"href":"https:\/\/techstore.ba\/shop\/wp-json\/wp\/v2\/media\/53499"}],"wp:attachment":[{"href":"https:\/\/techstore.ba\/shop\/wp-json\/wp\/v2\/media?parent=53498"}],"wp:term":[{"taxonomy":"product_cat","embeddable":true,"href":"https:\/\/techstore.ba\/shop\/wp-json\/wp\/v2\/product_cat?post=53498"},{"taxonomy":"product_tag","embeddable":true,"href":"https:\/\/techstore.ba\/shop\/wp-json\/wp\/v2\/product_tag?post=53498"}],"curies":[{"name":"wp","href":"https:\/\/api.w.org\/{rel}","templated":true}]}}