{"id":53423,"date":"2026-03-09T13:39:35","date_gmt":"2026-03-09T12:39:35","guid":{"rendered":"https:\/\/techstore.ba\/shop\/?post_type=product&#038;p=53423"},"modified":"2026-03-17T15:28:09","modified_gmt":"2026-03-17T14:28:09","slug":"hp-290-g9-pc-c80wwatw","status":"publish","type":"product","link":"https:\/\/techstore.ba\/shop\/product\/hp-290-g9-pc-c80wwatw\/","title":{"rendered":"HP 290 G9 PC C80WWATW"},"content":{"rendered":"","protected":false},"excerpt":{"rendered":"<ul class=\"KsbFXc U6u95\" data-sfc-cb=\"\" data-complete=\"true\" data-processed=\"true\">\n<li class=\"dF3vjf\" data-sfc-cb=\"\" data-hveid=\"CAEIAhAA\" data-complete=\"true\" data-sae=\"\"><span class=\"T286Pc\" data-sfc-cp=\"\" data-sfc-cb=\"\" data-complete=\"true\"><strong class=\"Yjhzub\" data-sfc-cb=\"\" data-complete=\"true\">Procesor:<\/strong>\u00a0Intel Core\u00a0<strong class=\"Yjhzub\" data-sfc-cb=\"\" data-complete=\"true\">i7-14700<\/strong>\u00a0(14. generacija, do 5.40 GHz).<\/span><\/li>\n<li class=\"dF3vjf\" data-sfc-cb=\"\" data-hveid=\"CAEIAhAB\" data-complete=\"true\" data-sae=\"\"><span class=\"T286Pc\" data-sfc-cp=\"\" data-sfc-cb=\"\" data-complete=\"true\"><strong class=\"Yjhzub\" data-sfc-cb=\"\" data-complete=\"true\">Memorija:<\/strong>\u00a0<strong class=\"Yjhzub\" data-sfc-cb=\"\" data-complete=\"true\">16GB DDR4<\/strong>\u00a0RAM (odli\u010dno za multitasking).<\/span><\/li>\n<li class=\"dF3vjf\" data-sfc-cb=\"\" data-hveid=\"CAEIAhAC\" data-complete=\"true\" data-sae=\"\"><span class=\"T286Pc\" data-sfc-cp=\"\" data-sfc-cb=\"\" data-complete=\"true\"><strong class=\"Yjhzub\" data-sfc-cb=\"\" data-complete=\"true\">Skladi\u0161tenje:<\/strong>\u00a0<strong class=\"Yjhzub\" data-sfc-cb=\"\" data-complete=\"true\">1TB SSD<\/strong>\u00a0(brz odziv sistema i dosta prostora).<\/span><\/li>\n<li class=\"dF3vjf\" data-sfc-cb=\"\" data-hveid=\"CAEIAhAD\" data-complete=\"true\" data-sae=\"\"><span class=\"T286Pc\" data-sfc-cp=\"\" data-sfc-cb=\"\" data-complete=\"true\"><strong class=\"Yjhzub\" data-sfc-cb=\"\" data-complete=\"true\">Grafika:<\/strong>\u00a0Integrisana\u00a0<strong class=\"Yjhzub\" data-sfc-cb=\"\" data-complete=\"true\">Intel UHD 770<\/strong>\u00a0(standard za kancelarijski rad).<\/span><\/li>\n<li class=\"dF3vjf\" data-sfc-cb=\"\" data-hveid=\"CAEIAhAE\" data-complete=\"true\" data-sae=\"\"><span class=\"T286Pc\" data-sfc-cp=\"\" data-sfc-cb=\"\" data-complete=\"true\"><strong class=\"Yjhzub\" data-sfc-cb=\"\" data-complete=\"true\">Povezivanje:<\/strong>\u00a0HDMI, DisplayPort i\u00a0<strong class=\"Yjhzub\" data-sfc-cb=\"\" data-complete=\"true\">VGA<\/strong>\u00a0(podr\u0161ka za starije i nove monitore).<\/span><\/li>\n<li class=\"dF3vjf\" data-sfc-cb=\"\" data-hveid=\"CAEIAhAF\" data-complete=\"true\" data-sae=\"\"><span class=\"T286Pc\" data-sfc-cp=\"\" data-sfc-cb=\"\" data-complete=\"true\"><strong class=\"Yjhzub\" data-sfc-cb=\"\" data-complete=\"true\">Portovi:<\/strong>\u00a08x USB ulaza (4x brzi 3.2, 4x standardni 2.0).<\/span><\/li>\n<li class=\"dF3vjf\" data-sfc-cb=\"\" data-hveid=\"CAEIAhAG\" data-complete=\"true\" data-sae=\"\"><span class=\"T286Pc\" data-sfc-cp=\"\" data-sfc-cb=\"\" data-complete=\"true\"><strong class=\"Yjhzub\" data-sfc-cb=\"\" data-complete=\"true\">Dodaci:<\/strong>\u00a0Ugra\u0111en\u00a0<strong class=\"Yjhzub\" data-sfc-cb=\"\" data-complete=\"true\">DVD \u010dita\u010d\/reza\u010d<\/strong>\u00a0i LAN priklju\u010dak.<\/span><\/li>\n<li class=\"dF3vjf\" data-sfc-cb=\"\" data-hveid=\"CAEIAhAH\" data-complete=\"true\" data-sae=\"\"><span class=\"T286Pc\" data-sfc-cp=\"\" data-sfc-cb=\"\" data-complete=\"true\"><strong class=\"Yjhzub\" data-sfc-cb=\"\" data-complete=\"true\">Periferija:<\/strong>\u00a0U kompletu dolaze\u00a0<strong class=\"Yjhzub\" data-sfc-cb=\"\" data-complete=\"true\">HP \u017ei\u010dni mi\u0161 i tastatura<\/strong>.<\/span><\/li>\n<li class=\"dF3vjf\" data-sfc-cb=\"\" data-hveid=\"CAEIAhAI\" data-complete=\"true\" data-sae=\"\"><span class=\"T286Pc\" data-sfc-cp=\"\" data-sfc-cb=\"\" data-complete=\"true\"><strong class=\"Yjhzub\" data-sfc-cb=\"\" data-complete=\"true\">Operativni sistem:<\/strong>\u00a0<strong class=\"Yjhzub\" data-sfc-cb=\"\" data-complete=\"true\">Windows 11 Pro<\/strong> (spreman za poslovnu upotrebu) + Office(Licencirani)<\/span><\/li>\n<li data-sfc-cb=\"\" data-hveid=\"CAEIAhAI\" data-complete=\"true\" data-sae=\"\"><strong>Garancija<\/strong>:12 mjeseci<\/li>\n<\/ul>\n","protected":false},"featured_media":53426,"template":"","meta":[],"product_cat":[1029,420],"product_tag":[],"class_list":{"0":"post-53423","1":"product","2":"type-product","3":"status-publish","4":"has-post-thumbnail","6":"product_cat-poslovni-racunari","7":"product_cat-ct-pc","9":"first","10":"instock","11":"shipping-taxable","12":"purchasable","13":"product-type-simple"},"_links":{"self":[{"href":"https:\/\/techstore.ba\/shop\/wp-json\/wp\/v2\/product\/53423","targetHints":{"allow":["GET"]}}],"collection":[{"href":"https:\/\/techstore.ba\/shop\/wp-json\/wp\/v2\/product"}],"about":[{"href":"https:\/\/techstore.ba\/shop\/wp-json\/wp\/v2\/types\/product"}],"wp:featuredmedia":[{"embeddable":true,"href":"https:\/\/techstore.ba\/shop\/wp-json\/wp\/v2\/media\/53426"}],"wp:attachment":[{"href":"https:\/\/techstore.ba\/shop\/wp-json\/wp\/v2\/media?parent=53423"}],"wp:term":[{"taxonomy":"product_cat","embeddable":true,"href":"https:\/\/techstore.ba\/shop\/wp-json\/wp\/v2\/product_cat?post=53423"},{"taxonomy":"product_tag","embeddable":true,"href":"https:\/\/techstore.ba\/shop\/wp-json\/wp\/v2\/product_tag?post=53423"}],"curies":[{"name":"wp","href":"https:\/\/api.w.org\/{rel}","templated":true}]}}