{"id":53319,"date":"2026-03-07T18:43:52","date_gmt":"2026-03-07T17:43:52","guid":{"rendered":"https:\/\/techstore.ba\/shop\/?post_type=product&#038;p=53319"},"modified":"2026-03-07T18:43:53","modified_gmt":"2026-03-07T17:43:53","slug":"playstation-vr2-horizon-call-of-mountain-vch","status":"publish","type":"product","link":"https:\/\/techstore.ba\/shop\/product\/playstation-vr2-horizon-call-of-mountain-vch\/","title":{"rendered":"PlayStation VR2 + Horizon Call of Mountain VCH"},"content":{"rendered":"<div class=\"otQkpb\" role=\"heading\" aria-level=\"3\" data-animation-nesting=\"\" data-sfc-cp=\"\" data-sfc-cb=\"\" data-complete=\"true\" data-processed=\"true\" data-sae=\"\">Tehni\u010dke karakteristike<button class=\"rBl3me\" tabindex=\"0\" data-amic=\"true\" data-icl-uuid=\"a55e3004-c2cc-4301-be22-8c08205230f0\" aria-label=\"View related links\" data-wiz-attrbind=\"disabled=XhmNy_1m\/C5gNJc;aria-label=XhmNy_1m\/bOjMyf;class=XhmNy_1m\/UpSNec\" data-ved=\"2ahUKEwiZxd2Wqo6TAxWt1wIHHYw9AdMQye0OegYIAQgGEAA\" data-hveid=\"CAEIBhAA\"><\/button><\/div>\n<div class=\"Y3BBE\" data-sfc-cp=\"\" data-sfc-cb=\"\" data-hveid=\"CAEIBxAA\" data-complete=\"true\" data-processed=\"true\">Hardver donosi zna\u010dajna pobolj\u0161anja u odnosu na prvu generaciju, \u0161to potvr\u0111uju specifikacije na\u00a0<strong class=\"Yjhzub\" data-sfc-cb=\"\" data-complete=\"true\" data-processed=\"true\">3dbox.ba<\/strong>:<span class=\"uJ19be notranslate\" data-wiz-uids=\"XhmNy_1s,XhmNy_1t\" data-sfc-cb=\"\" data-complete=\"true\" data-processed=\"true\"><span class=\"vKEkVd\" data-animation-atomic=\"\" data-wiz-attrbind=\"class=XhmNy_1r\/TKHnVd\" data-sae=\"\"><span aria-hidden=\"true\">\u00a0<\/span><button class=\"rBl3me IWyTpf pjvauc\" tabindex=\"0\" data-amic=\"true\" data-icl-uuid=\"7b0f3fb0-7d40-41c4-b9da-f082eb26ad21\" aria-label=\"Moobilux (+1) \u2013 View related links\" data-wiz-attrbind=\"disabled=XhmNy_1r\/C5gNJc;aria-label=XhmNy_1r\/bOjMyf;class=XhmNy_1r\/UpSNec\" data-ved=\"2ahUKEwiZxd2Wqo6TAxWt1wIHHYw9AdMQye0OegYIAQgHEAE\" data-hveid=\"CAEIBxAB\"><\/button><\/span><\/span><\/div>\n<ul class=\"KsbFXc U6u95\" data-sfc-cb=\"\" data-complete=\"true\" data-processed=\"true\">\n<li class=\"dF3vjf\" data-sfc-cb=\"\" data-hveid=\"CAEICBAA\" data-complete=\"true\" data-sae=\"\"><span class=\"T286Pc\" data-sfc-cp=\"\" data-sfc-cb=\"\" data-complete=\"true\"><strong class=\"Yjhzub\" data-sfc-cb=\"\" data-complete=\"true\">Ekran<\/strong>: OLED paneli sa rezolucijom od\u00a0<strong class=\"Yjhzub\" data-sfc-cb=\"\" data-complete=\"true\">2000 x 2040 po oku<\/strong>, \u0161to pru\u017ea 4K HDR vizuelni prikaz.<\/span><\/li>\n<li class=\"dF3vjf\" data-sfc-cb=\"\" data-hveid=\"CAEICBAB\" data-complete=\"true\" data-sae=\"\"><span class=\"T286Pc\" data-sfc-cp=\"\" data-sfc-cb=\"\" data-complete=\"true\"><strong class=\"Yjhzub\" data-sfc-cb=\"\" data-complete=\"true\">Vidno polje<\/strong>: \u0160iroki ugao od pribli\u017eno\u00a0<strong class=\"Yjhzub\" data-sfc-cb=\"\" data-complete=\"true\">110 stepeni<\/strong>, \u0161to poja\u010dava osje\u0107aj prisutnosti u igri.<\/span><\/li>\n<li class=\"dF3vjf\" data-sfc-cb=\"\" data-hveid=\"CAEICBAC\" data-complete=\"true\" data-sae=\"\"><span class=\"T286Pc\" data-sfc-cp=\"\" data-sfc-cb=\"\" data-complete=\"true\"><strong class=\"Yjhzub\" data-sfc-cb=\"\" data-complete=\"true\">Pra\u0107enje o\u010diju (Eye Tracking)<\/strong>: Infracrvene kamere prate kretanje va\u0161ih o\u010diju, omogu\u0107avaju\u0107i intuitivnu interakciju s menijima i preciznije ciljanje lukom.<\/span><\/li>\n<li class=\"dF3vjf\" data-sfc-cb=\"\" data-hveid=\"CAEICBAD\" data-complete=\"true\" data-sae=\"\"><span class=\"T286Pc\" data-sfc-cp=\"\" data-sfc-cb=\"\" data-complete=\"true\"><strong class=\"Yjhzub\" data-sfc-cb=\"\" data-complete=\"true\">Jednostavno povezivanje<\/strong>: Cijeli sistem se povezuje sa PS5 konzolom pomo\u0107u samo jednog\u00a0<strong class=\"Yjhzub\" data-sfc-cb=\"\" data-complete=\"true\">USB-C kabla<\/strong>.<\/span><span class=\"uJ19be notranslate\" data-wiz-uids=\"XhmNy_2e,XhmNy_2f\" data-sfc-cb=\"\" data-complete=\"true\"><span class=\"vKEkVd\" data-animation-atomic=\"\" data-wiz-attrbind=\"class=XhmNy_2d\/TKHnVd\" data-sae=\"\"><span aria-hidden=\"true\">\u00a0<\/span><button class=\"rBl3me IWyTpf pjvauc\" tabindex=\"0\" data-amic=\"true\" data-icl-uuid=\"58cede34-935d-49eb-bcc4-f4fceae77e8a\" aria-label=\"YouTube (+2) \u2013 View related links\" data-wiz-attrbind=\"disabled=XhmNy_2d\/C5gNJc;aria-label=XhmNy_2d\/bOjMyf;class=XhmNy_2d\/UpSNec\" data-ved=\"2ahUKEwiZxd2Wqo6TAxWt1wIHHYw9AdMQye0OegYIAQgIEAQ\" data-hveid=\"CAEICBAE\"><\/button><\/span><\/span><\/li>\n<\/ul>\n<div class=\"otQkpb\" role=\"heading\" aria-level=\"3\" data-animation-nesting=\"\" data-sfc-cp=\"\" data-sfc-cb=\"\" data-complete=\"true\" data-processed=\"true\" data-sae=\"\">Iskustvo igranja Horizon Call of the Mountain<button class=\"rBl3me\" tabindex=\"0\" data-amic=\"true\" data-icl-uuid=\"c27359eb-9d38-4185-8145-4b80cd0e1ab1\" aria-label=\"View related links\" data-wiz-attrbind=\"disabled=XhmNy_3k\/C5gNJc;aria-label=XhmNy_3k\/bOjMyf;class=XhmNy_3k\/UpSNec\" data-ved=\"2ahUKEwiZxd2Wqo6TAxWt1wIHHYw9AdMQye0OegYIAQgKEAA\" data-hveid=\"CAEIChAA\"><\/button><\/div>\n<div class=\"Y3BBE\" data-sfc-cp=\"\" data-sfc-cb=\"\" data-hveid=\"CAEICxAA\" data-complete=\"true\" data-processed=\"true\">Igra je razvijena isklju\u010divo za ovaj sistem kako bi prikazala nove funkcije:<span class=\"uJ19be notranslate\" data-wiz-uids=\"XhmNy_3p,XhmNy_3q\" data-sfc-cb=\"\" data-complete=\"true\" data-processed=\"true\"><span class=\"vKEkVd\" data-animation-atomic=\"\" data-wiz-attrbind=\"class=XhmNy_3o\/TKHnVd\" data-sae=\"\"><span aria-hidden=\"true\">\u00a0<\/span><button class=\"rBl3me IWyTpf pjvauc\" tabindex=\"0\" data-amic=\"true\" data-icl-uuid=\"a01a85fc-35bd-4d9b-a1c4-6d27bd6affe9\" aria-label=\"YouTube (+1) \u2013 View related links\" data-wiz-attrbind=\"disabled=XhmNy_3o\/C5gNJc;aria-label=XhmNy_3o\/bOjMyf;class=XhmNy_3o\/UpSNec\" data-ved=\"2ahUKEwiZxd2Wqo6TAxWt1wIHHYw9AdMQye0OegYIAQgLEAE\" data-hveid=\"CAEICxAB\"><\/button><\/span><\/span><\/div>\n<ul class=\"KsbFXc U6u95\" data-sfc-cb=\"\" data-complete=\"true\" data-processed=\"true\">\n<li class=\"dF3vjf\" data-sfc-cb=\"\" data-hveid=\"CAEIDBAA\" data-complete=\"true\" data-sae=\"\"><span class=\"T286Pc\" data-sfc-cp=\"\" data-sfc-cb=\"\" data-complete=\"true\"><strong class=\"Yjhzub\" data-sfc-cb=\"\" data-complete=\"true\">Mehanika penjanja<\/strong>: Recenzenti na\u00a0<strong class=\"Yjhzub\" data-sfc-cb=\"\" data-complete=\"true\">YouTube<\/strong>\u00a0isti\u010du da penjanje \u010dini oko 70% igre, koriste\u0107i intuitivne pokrete ruku.<\/span><\/li>\n<li class=\"dF3vjf\" data-sfc-cb=\"\" data-hveid=\"CAEIDBAB\" data-complete=\"true\" data-sae=\"\"><span class=\"T286Pc\" data-sfc-cp=\"\" data-sfc-cb=\"\" data-complete=\"true\"><strong class=\"Yjhzub\" data-sfc-cb=\"\" data-complete=\"true\">Borba i zanatstvo<\/strong>: Igra\u010di koriste luk i strijelu za borbu protiv strojeva, a materijale prikupljene u svijetu koriste za izradu opreme.<\/span><\/li>\n<li class=\"dF3vjf\" data-sfc-cb=\"\" data-hveid=\"CAEIDBAC\" data-complete=\"true\" data-sae=\"\"><span class=\"T286Pc\" data-sfc-cp=\"\" data-sfc-cb=\"\" data-complete=\"true\"><strong class=\"Yjhzub\" data-sfc-cb=\"\" data-complete=\"true\">Hapti\u010dki efekti<\/strong>: Osjetit \u0107ete vibracije u samim nao\u010dalama prilikom udaraca, padova ili prolaska velikih strojeva u va\u0161oj blizini.<\/span><\/li>\n<\/ul>\n","protected":false},"excerpt":{"rendered":"<div class=\"Y3BBE\" data-sfc-cp=\"\" data-sfc-cb=\"\" data-hveid=\"CAEIBBAA\" data-complete=\"true\" data-processed=\"true\">Prema informacijama sa\u00a0<strong class=\"Yjhzub\" data-sfc-cb=\"\" data-complete=\"true\" data-processed=\"true\">ekupi.ba<\/strong>\u00a0i\u00a0<strong class=\"Yjhzub\" data-sfc-cb=\"\" data-complete=\"true\" data-processed=\"true\">YouTube<\/strong>\u00a0unboxing videa, u kutiji se nalazi:<span class=\"uJ19be notranslate\" data-wiz-uids=\"XhmNy_x,XhmNy_y\" data-sfc-cb=\"\" data-complete=\"true\" data-processed=\"true\"><span class=\"vKEkVd\" data-animation-atomic=\"\" data-wiz-attrbind=\"class=XhmNy_w\/TKHnVd\" data-sae=\"\"><span aria-hidden=\"true\">\u00a0<\/span><button class=\"rBl3me IWyTpf pjvauc\" tabindex=\"0\" data-amic=\"true\" data-icl-uuid=\"b0407dfa-9495-495f-9fe0-f26aa0a9aca8\" aria-label=\"eKupi (+1) \u2013 View related links\" data-wiz-attrbind=\"disabled=XhmNy_w\/C5gNJc;aria-label=XhmNy_w\/bOjMyf;class=XhmNy_w\/UpSNec\" data-ved=\"2ahUKEwiZxd2Wqo6TAxWt1wIHHYw9AdMQye0OegYIAQgEEAE\" data-hveid=\"CAEIBBAB\"><\/button><\/span><\/span><\/div>\n<ul class=\"KsbFXc U6u95\" data-sfc-cb=\"\" data-complete=\"true\" data-processed=\"true\">\n<li class=\"dF3vjf\" data-sfc-cb=\"\" data-hveid=\"CAEIBRAA\" data-complete=\"true\" data-sae=\"\"><span class=\"T286Pc\" data-sfc-cp=\"\" data-sfc-cb=\"\" data-complete=\"true\"><strong class=\"Yjhzub\" data-sfc-cb=\"\" data-complete=\"true\">PS VR2 nao\u010dale (Headset)<\/strong>: Ure\u0111aj sa ugra\u0111enim kamerama za pra\u0107enje pokreta i vibracijama za hapti\u010dki odziv.<\/span><\/li>\n<li class=\"dF3vjf\" data-sfc-cb=\"\" data-hveid=\"CAEIBRAB\" data-complete=\"true\" data-sae=\"\"><span class=\"T286Pc\" data-sfc-cp=\"\" data-sfc-cb=\"\" data-complete=\"true\"><strong class=\"Yjhzub\" data-sfc-cb=\"\" data-complete=\"true\">Dva PS VR2 Sense kontrolera<\/strong>: Lijevi i desni kontroler sa kai\u0161evima, koji podr\u017eavaju adaptivne okida\u010de i detekciju dodira prstiju.<\/span><\/li>\n<li class=\"dF3vjf\" data-sfc-cb=\"\" data-hveid=\"CAEIBRAC\" data-complete=\"true\" data-sae=\"\"><span class=\"T286Pc\" data-sfc-cp=\"\" data-sfc-cb=\"\" data-complete=\"true\"><strong class=\"Yjhzub\" data-sfc-cb=\"\" data-complete=\"true\">K\u00f4d za igru Horizon Call of the Mountain<\/strong>: Digitalni vau\u010der za preuzimanje pune verzije igre sa PlayStation Store-a.<\/span><\/li>\n<li class=\"dF3vjf\" data-sfc-cb=\"\" data-hveid=\"CAEIBRAD\" data-complete=\"true\" data-sae=\"\"><span class=\"T286Pc\" data-sfc-cp=\"\" data-sfc-cb=\"\" data-complete=\"true\" aria-owns=\"action-menu-parent-container\"><strong class=\"Yjhzub\" data-sfc-cb=\"\" data-complete=\"true\">Prate\u0107a oprema<\/strong>: USB kabal za punjenje kontrolera, stereo slu\u0161alice sa tri para gumica razli\u010ditih veli\u010dina i uputstvo za upotrebu.<\/span><\/li>\n<\/ul>\n","protected":false},"featured_media":53320,"template":"","meta":[],"product_cat":[353,1237],"product_tag":[],"class_list":{"0":"post-53319","1":"product","2":"type-product","3":"status-publish","4":"has-post-thumbnail","6":"product_cat-ct-joystick","7":"product_cat-playstation-oprema","9":"first","10":"instock","11":"shipping-taxable","12":"purchasable","13":"product-type-simple"},"_links":{"self":[{"href":"https:\/\/techstore.ba\/shop\/wp-json\/wp\/v2\/product\/53319","targetHints":{"allow":["GET"]}}],"collection":[{"href":"https:\/\/techstore.ba\/shop\/wp-json\/wp\/v2\/product"}],"about":[{"href":"https:\/\/techstore.ba\/shop\/wp-json\/wp\/v2\/types\/product"}],"wp:featuredmedia":[{"embeddable":true,"href":"https:\/\/techstore.ba\/shop\/wp-json\/wp\/v2\/media\/53320"}],"wp:attachment":[{"href":"https:\/\/techstore.ba\/shop\/wp-json\/wp\/v2\/media?parent=53319"}],"wp:term":[{"taxonomy":"product_cat","embeddable":true,"href":"https:\/\/techstore.ba\/shop\/wp-json\/wp\/v2\/product_cat?post=53319"},{"taxonomy":"product_tag","embeddable":true,"href":"https:\/\/techstore.ba\/shop\/wp-json\/wp\/v2\/product_tag?post=53319"}],"curies":[{"name":"wp","href":"https:\/\/api.w.org\/{rel}","templated":true}]}}