{"id":53314,"date":"2026-03-07T16:25:24","date_gmt":"2026-03-07T15:25:24","guid":{"rendered":"https:\/\/techstore.ba\/shop\/?post_type=product&#038;p=53314"},"modified":"2026-03-07T16:37:48","modified_gmt":"2026-03-07T15:37:48","slug":"printer-epson-ecotank-mfp-l14150-a3","status":"publish","type":"product","link":"https:\/\/techstore.ba\/shop\/product\/printer-epson-ecotank-mfp-l14150-a3\/","title":{"rendered":"Printer EPSON EcoTank MFP L14150 A3"},"content":{"rendered":"<div class=\"otQkpb\" role=\"heading\" aria-level=\"3\" data-animation-nesting=\"\" data-sfc-cp=\"\" data-sfc-cb=\"\" data-complete=\"true\" data-processed=\"true\" data-sae=\"\">Funkcionalnosti:<button class=\"rBl3me\" tabindex=\"0\" data-amic=\"true\" data-icl-uuid=\"10546a8e-57d5-40f0-9c23-ee2d2847ff82\" aria-label=\"View related links\" data-wiz-attrbind=\"disabled=sYOjt_18\/C5gNJc;aria-label=sYOjt_18\/bOjMyf;class=sYOjt_18\/UpSNec\" data-ved=\"2ahUKEwjWiPaBjY6TAxUx1QIHHRGsGAgQye0OegYIAQgEEAA\" data-hveid=\"CAEIBBAA\"><\/button><\/div>\n<ul class=\"KsbFXc U6u95\" data-sfc-cb=\"\" data-complete=\"true\" data-processed=\"true\">\n<li class=\"dF3vjf\" data-sfc-cb=\"\" data-hveid=\"CAEIBRAA\" data-complete=\"true\" data-sae=\"\"><span class=\"T286Pc\" data-sfc-cp=\"\" data-sfc-cb=\"\" data-complete=\"true\"><strong class=\"Yjhzub\" data-sfc-cb=\"\" data-complete=\"true\">Duplex:<\/strong>\u00a0Automatsko obostrano \u0161tampanje (samo za A4 format).<\/span><\/li>\n<li class=\"dF3vjf\" data-sfc-cb=\"\" data-hveid=\"CAEIBRAB\" data-complete=\"true\" data-sae=\"\"><span class=\"T286Pc\" data-sfc-cp=\"\" data-sfc-cb=\"\" data-complete=\"true\"><strong class=\"Yjhzub\" data-sfc-cb=\"\" data-complete=\"true\">ADF:<\/strong>\u00a0Automatski uvlaka\u010d dokumenata za 35 listova (olak\u0161ava kopiranje i skeniranje vi\u0161e strana).<\/span><\/li>\n<li class=\"dF3vjf\" data-sfc-cb=\"\" data-hveid=\"CAEIBRAC\" data-complete=\"true\" data-sae=\"\"><span class=\"T286Pc\" data-sfc-cp=\"\" data-sfc-cb=\"\" data-complete=\"true\"><strong class=\"Yjhzub\" data-sfc-cb=\"\" data-complete=\"true\">Skeniranje:<\/strong>\u00a0Va\u017eno je napomenuti da je staklo skenera veli\u010dine\u00a0<strong class=\"Yjhzub\" data-sfc-cb=\"\" data-complete=\"true\">A4\/Legal<\/strong>, pa se A3 dokumenti ne mogu skenirati direktno na staklu.<\/span><button class=\"rBl3me\" tabindex=\"0\" data-amic=\"true\" data-icl-uuid=\"e3979f1e-69a4-42b6-ad62-7f01b2bb2b5c\" aria-label=\"View related links\" data-wiz-attrbind=\"disabled=sYOjt_1m\/C5gNJc;aria-label=sYOjt_1m\/bOjMyf;class=sYOjt_1m\/UpSNec\" data-ved=\"2ahUKEwjWiPaBjY6TAxUx1QIHHRGsGAgQye0OegYIAQgFEAM\" data-hveid=\"CAEIBRAD\"><\/button><\/li>\n<\/ul>\n<div class=\"Y3BBE\" data-sfc-cp=\"\" data-sfc-cb=\"\" data-hveid=\"CAEIBhAA\" data-complete=\"true\" data-processed=\"true\" aria-owns=\"action-menu-parent-container\"><strong class=\"Yjhzub\" data-sfc-cb=\"\" data-complete=\"true\" data-processed=\"true\">Za koga je ovaj model?<\/strong><br data-sfc-pl=\"|[]\" data-sfc-cb=\"\" data-complete=\"true\" data-processed=\"true\" \/>Savr\u0161en je ako vam treba\u00a0<strong class=\"Yjhzub\" data-sfc-cb=\"\" data-complete=\"true\" data-processed=\"true\">jeftina A4 \u0161tampa<\/strong>, ali povremeno imate potrebu da od\u0161tampate\u00a0<strong class=\"Yjhzub\" data-sfc-cb=\"\" data-complete=\"true\" data-processed=\"true\">A3 nacrte, plakate ili tabele<\/strong>.<\/div>\n","protected":false},"excerpt":{"rendered":"<ul class=\"KsbFXc U6u95\" data-sfc-cb=\"\" data-complete=\"true\" data-processed=\"true\">\n<li class=\"dF3vjf\" data-sfc-cb=\"\" data-hveid=\"CAEIAxAA\" data-complete=\"true\" data-sae=\"\"><span class=\"T286Pc\" data-sfc-cp=\"\" data-sfc-cb=\"\" data-complete=\"true\"><strong class=\"Yjhzub\" data-sfc-cb=\"\" data-complete=\"true\">A3+ \u0160tampa:<\/strong>\u00a0Mo\u017ee \u0161tampati na\u00a0<strong class=\"Yjhzub\" data-sfc-cb=\"\" data-complete=\"true\">A3+ formatu<\/strong>\u00a0preko zadnjeg ulaza, dok prednja kaseta prima papir do A4 formata.<\/span><\/li>\n<li class=\"dF3vjf\" data-sfc-cb=\"\" data-hveid=\"CAEIAxAB\" data-complete=\"true\" data-sae=\"\"><span class=\"T286Pc\" data-sfc-cp=\"\" data-sfc-cb=\"\" data-complete=\"true\"><strong class=\"Yjhzub\" data-sfc-cb=\"\" data-complete=\"true\">Ekstremna \u0161tednja:<\/strong>\u00a0Koristi boce s tintom umjesto kertrid\u017ea. Jedan set boca omogu\u0107ava ispis do\u00a0<strong class=\"Yjhzub\" data-sfc-cb=\"\" data-complete=\"true\">7.500 crno-bijelih<\/strong>\u00a0i\u00a0<strong class=\"Yjhzub\" data-sfc-cb=\"\" data-complete=\"true\">6.000 stranica u boji<\/strong>.<\/span><\/li>\n<li class=\"dF3vjf\" data-sfc-cb=\"\" data-hveid=\"CAEIAxAC\" data-complete=\"true\" data-sae=\"\"><span class=\"T286Pc\" data-sfc-cp=\"\" data-sfc-cb=\"\" data-complete=\"true\"><strong class=\"Yjhzub\" data-sfc-cb=\"\" data-complete=\"true\">Brzina:<\/strong>\u00a0Koristi\u00a0<em class=\"eujQNb\" data-sfc-cb=\"\" data-complete=\"true\">PrecisionCore<\/em>\u00a0glavu koja \u0161tampa do\u00a0<strong class=\"Yjhzub\" data-sfc-cb=\"\" data-complete=\"true\">17 slika u minuti<\/strong>\u00a0(crno-bijelo).<\/span><\/li>\n<li class=\"dF3vjf\" data-sfc-cb=\"\" data-hveid=\"CAEIAxAD\" data-complete=\"true\" data-sae=\"\"><span class=\"T286Pc\" data-sfc-cp=\"\" data-sfc-cb=\"\" data-complete=\"true\" aria-owns=\"action-menu-parent-container\"><strong class=\"Yjhzub\" data-sfc-cb=\"\" data-complete=\"true\">Povezivanje:<\/strong>\u00a0Wi-Fi, Wi-Fi Direct i Ethernet. Mo\u017eete \u0161tampati direktno s mobitela preko aplikacije\u00a0<em class=\"eujQNb\" data-sfc-cb=\"\" data-complete=\"true\">Epson Smart Panel<\/em>.<\/span><\/li>\n<\/ul>\n","protected":false},"featured_media":53315,"template":"","meta":[],"product_cat":[440,444],"product_tag":[],"class_list":{"0":"post-53314","1":"product","2":"type-product","3":"status-publish","4":"has-post-thumbnail","6":"product_brand-epson","7":"product_cat-ct-printerij","8":"product_cat-ct-printmfpij","10":"first","11":"instock","12":"sale","13":"shipping-taxable","14":"purchasable","15":"product-type-simple"},"_links":{"self":[{"href":"https:\/\/techstore.ba\/shop\/wp-json\/wp\/v2\/product\/53314","targetHints":{"allow":["GET"]}}],"collection":[{"href":"https:\/\/techstore.ba\/shop\/wp-json\/wp\/v2\/product"}],"about":[{"href":"https:\/\/techstore.ba\/shop\/wp-json\/wp\/v2\/types\/product"}],"wp:featuredmedia":[{"embeddable":true,"href":"https:\/\/techstore.ba\/shop\/wp-json\/wp\/v2\/media\/53315"}],"wp:attachment":[{"href":"https:\/\/techstore.ba\/shop\/wp-json\/wp\/v2\/media?parent=53314"}],"wp:term":[{"taxonomy":"product_cat","embeddable":true,"href":"https:\/\/techstore.ba\/shop\/wp-json\/wp\/v2\/product_cat?post=53314"},{"taxonomy":"product_tag","embeddable":true,"href":"https:\/\/techstore.ba\/shop\/wp-json\/wp\/v2\/product_tag?post=53314"}],"curies":[{"name":"wp","href":"https:\/\/api.w.org\/{rel}","templated":true}]}}