{"id":53296,"date":"2026-03-06T20:01:36","date_gmt":"2026-03-06T19:01:36","guid":{"rendered":"https:\/\/techstore.ba\/shop\/?post_type=product&#038;p=53296"},"modified":"2026-03-06T20:01:37","modified_gmt":"2026-03-06T19:01:37","slug":"pc-msg-gamer-i5-i114","status":"publish","type":"product","link":"https:\/\/techstore.ba\/shop\/product\/pc-msg-gamer-i5-i114\/","title":{"rendered":"PC MSG Gamer i5 i114"},"content":{"rendered":"<p>PC MSG Gamer i5 i114<\/p>\n<p>Procesor:Intel Core i5 14400F 2,50GHz Intel B760<\/p>\n<p>RAM: 2x8GB DDR5 5600MHz<\/p>\n<p>Grafi\u010dka: NVIDIA GeForce RTX 5060 8GB GDDR7<\/p>\n<p>SSD: M.2 SSD 1TB<\/p>\n<p>Internet: 2.5GbLAN<\/p>\n<p>Ku\u010di\u0161te: Midi Tower 650W<\/p>\n<p>Operativni sistem: Windows + Office(Licencirani)<\/p>\n<p>Garancija: 3 godine<\/p>\n","protected":false},"excerpt":{"rendered":"<p>PC MSG Gamer i5 i114 Procesor:Intel Core i5 14400F 2,50GHz Intel B760 RAM: 2x8GB DDR5 5600MHz Grafi\u010dka: NVIDIA GeForce RTX 5060 8GB GDDR7 SSD: M.2 SSD 1TB Internet: 2.5GbLAN Ku\u010di\u0161te: Midi Tower 650W Operativni sistem: Windows + Office(Licencirani) Garancija: 3 godine<\/p>\n","protected":false},"featured_media":53297,"template":"","meta":[],"product_cat":[1025,420],"product_tag":[],"class_list":{"0":"post-53296","1":"product","2":"type-product","3":"status-publish","4":"has-post-thumbnail","6":"product_cat-gaming-racunari","7":"product_cat-ct-pc","9":"first","10":"instock","11":"shipping-taxable","12":"purchasable","13":"product-type-simple"},"_links":{"self":[{"href":"https:\/\/techstore.ba\/shop\/wp-json\/wp\/v2\/product\/53296","targetHints":{"allow":["GET"]}}],"collection":[{"href":"https:\/\/techstore.ba\/shop\/wp-json\/wp\/v2\/product"}],"about":[{"href":"https:\/\/techstore.ba\/shop\/wp-json\/wp\/v2\/types\/product"}],"wp:featuredmedia":[{"embeddable":true,"href":"https:\/\/techstore.ba\/shop\/wp-json\/wp\/v2\/media\/53297"}],"wp:attachment":[{"href":"https:\/\/techstore.ba\/shop\/wp-json\/wp\/v2\/media?parent=53296"}],"wp:term":[{"taxonomy":"product_cat","embeddable":true,"href":"https:\/\/techstore.ba\/shop\/wp-json\/wp\/v2\/product_cat?post=53296"},{"taxonomy":"product_tag","embeddable":true,"href":"https:\/\/techstore.ba\/shop\/wp-json\/wp\/v2\/product_tag?post=53296"}],"curies":[{"name":"wp","href":"https:\/\/api.w.org\/{rel}","templated":true}]}}