{"id":53280,"date":"2026-03-06T19:26:14","date_gmt":"2026-03-06T18:26:14","guid":{"rendered":"https:\/\/techstore.ba\/shop\/?post_type=product&#038;p=53280"},"modified":"2026-03-06T19:26:15","modified_gmt":"2026-03-06T18:26:15","slug":"msgw-gaming-a124","status":"publish","type":"product","link":"https:\/\/techstore.ba\/shop\/product\/msgw-gaming-a124\/","title":{"rendered":"MSGW Gaming A124"},"content":{"rendered":"<p>MBO ASUS PRIME A620M-K<\/p>\n<p>Procesor: CPU AMD RYZEN 5 8400F<\/p>\n<p>RAM: MEM DDR5 16GB 5600MHz<\/p>\n<p>Grafi\u010dka:VGA ASUS DUAL-RTX3050-O6G<\/p>\n<p>SSD: 512GB M.2 NVMe<\/p>\n<p>CAS Mid-Tower ATX ku\u0107i\u0161te<\/p>\n<p>PSU 550W 80 PLUS Bronze<\/p>\n<p>Operativni sistem: Windows + Office (Licencirani)<\/p>\n<p>Garancija: 3 godine<\/p>\n","protected":false},"excerpt":{"rendered":"<p>MBO ASUS PRIME A620M-K Procesor: CPU AMD RYZEN 5 8400F RAM: MEM DDR5 16GB 5600MHz Grafi\u010dka:VGA ASUS DUAL-RTX3050-O6G SSD: 512GB M.2 NVMe CAS Mid-Tower ATX ku\u0107i\u0161te PSU 550W 80 PLUS Bronze Operativni sistem: Windows + Office (Licencirani) Garancija: 3 godine<\/p>\n","protected":false},"featured_media":53281,"template":"","meta":[],"product_cat":[1025,420],"product_tag":[],"class_list":{"0":"post-53280","1":"product","2":"type-product","3":"status-publish","4":"has-post-thumbnail","6":"product_cat-gaming-racunari","7":"product_cat-ct-pc","9":"first","10":"instock","11":"shipping-taxable","12":"purchasable","13":"product-type-simple"},"_links":{"self":[{"href":"https:\/\/techstore.ba\/shop\/wp-json\/wp\/v2\/product\/53280","targetHints":{"allow":["GET"]}}],"collection":[{"href":"https:\/\/techstore.ba\/shop\/wp-json\/wp\/v2\/product"}],"about":[{"href":"https:\/\/techstore.ba\/shop\/wp-json\/wp\/v2\/types\/product"}],"wp:featuredmedia":[{"embeddable":true,"href":"https:\/\/techstore.ba\/shop\/wp-json\/wp\/v2\/media\/53281"}],"wp:attachment":[{"href":"https:\/\/techstore.ba\/shop\/wp-json\/wp\/v2\/media?parent=53280"}],"wp:term":[{"taxonomy":"product_cat","embeddable":true,"href":"https:\/\/techstore.ba\/shop\/wp-json\/wp\/v2\/product_cat?post=53280"},{"taxonomy":"product_tag","embeddable":true,"href":"https:\/\/techstore.ba\/shop\/wp-json\/wp\/v2\/product_tag?post=53280"}],"curies":[{"name":"wp","href":"https:\/\/api.w.org\/{rel}","templated":true}]}}