{"id":53260,"date":"2026-03-06T18:16:39","date_gmt":"2026-03-06T17:16:39","guid":{"rendered":"https:\/\/techstore.ba\/shop\/?post_type=product&#038;p=53260"},"modified":"2026-03-06T18:18:51","modified_gmt":"2026-03-06T17:18:51","slug":"apple-macbook-pro-m5-laptop-mde04ll-a","status":"publish","type":"product","link":"https:\/\/techstore.ba\/shop\/product\/apple-macbook-pro-m5-laptop-mde04ll-a\/","title":{"rendered":"APPLE MacBook Pro M5 laptop MDE04LL\/A"},"content":{"rendered":"","protected":false},"excerpt":{"rendered":"<div class=\"col-md-3 nsbb-item-label\">Ekran: 14.2&#8221; 3024 x 1964px, Liquid Retina XDR, 16:10, 254 ppi, 1000 nits SDR,, 1600 nits peak HDR, 1 000 000:1, 1 billion boja, Wide P3 gama, 120 Hz, True Tone tehnology<\/div>\n<div><\/div>\n<div class=\"col-md-9 nsbb-item-text\">\n<div class=\"col-md-3 nsbb-item-label\">Procesor: Apple M5 (10-core CPU: Performance (4 Cores) Efficiency (6 Cores))<\/div>\n<div><\/div>\n<div class=\"col-md-9 nsbb-item-text\">\n<div class=\"col-md-3 nsbb-item-label\">Memorija: 16GB DDR4<\/div>\n<div><\/div>\n<div class=\"col-md-9 nsbb-item-text\">\n<div class=\"col-md-3 nsbb-item-label\">Hard disk: 512GB<\/div>\n<div><\/div>\n<div class=\"col-md-9 nsbb-item-text\">\n<div class=\"col-md-3 nsbb-item-label\">Grafi\u010dka karta: Apple M5 10 Core GPU, Vrsta: Integrisana<\/div>\n<div><\/div>\n<div class=\"col-md-9 nsbb-item-text\">\n<div class=\"col-md-3 nsbb-item-label\">Operativni sistem: macOS<\/div>\n<div><\/div>\n<div class=\"col-md-9 nsbb-item-text\">\n<div class=\"col-md-3 nsbb-item-label\">Garancija: 12 mjeseci<\/div>\n<div><\/div>\n<div class=\"col-md-9 nsbb-item-text\">\n<div class=\"col-md-3 nsbb-item-label\">Ostalo: WebCam 12 MP FaceTime HD kamera, Wi-Fi 6E, Bluetooth 5.3, 3 \u00d7 Thunderbolt 4 (USB-C), 1 \u00d7 HDMI 2.1, 1 \u00d7 SDXC Card Reader, 1 \u00d7 MagSafe 3, 1 \u00d7 3.5 mm audio jack, Magic Keyboard with Touch ID, Battery: 72.4 Wh,<\/div>\n<\/div>\n<\/div>\n<\/div>\n<\/div>\n<\/div>\n<\/div>\n<\/div>\n","protected":false},"featured_media":53261,"template":"","meta":[],"product_cat":[614,409,1011,808],"product_tag":[],"class_list":{"0":"post-53260","1":"product","2":"type-product","3":"status-publish","4":"has-post-thumbnail","6":"product_brand-apple","7":"product_cat-brend-apple","8":"product_cat-ct-notebooks","9":"product_cat-poslovni-laptopi-14","10":"product_cat-ct-notebookpr","12":"first","13":"instock","14":"shipping-taxable","15":"purchasable","16":"product-type-simple"},"_links":{"self":[{"href":"https:\/\/techstore.ba\/shop\/wp-json\/wp\/v2\/product\/53260","targetHints":{"allow":["GET"]}}],"collection":[{"href":"https:\/\/techstore.ba\/shop\/wp-json\/wp\/v2\/product"}],"about":[{"href":"https:\/\/techstore.ba\/shop\/wp-json\/wp\/v2\/types\/product"}],"wp:featuredmedia":[{"embeddable":true,"href":"https:\/\/techstore.ba\/shop\/wp-json\/wp\/v2\/media\/53261"}],"wp:attachment":[{"href":"https:\/\/techstore.ba\/shop\/wp-json\/wp\/v2\/media?parent=53260"}],"wp:term":[{"taxonomy":"product_cat","embeddable":true,"href":"https:\/\/techstore.ba\/shop\/wp-json\/wp\/v2\/product_cat?post=53260"},{"taxonomy":"product_tag","embeddable":true,"href":"https:\/\/techstore.ba\/shop\/wp-json\/wp\/v2\/product_tag?post=53260"}],"curies":[{"name":"wp","href":"https:\/\/api.w.org\/{rel}","templated":true}]}}