{"id":53083,"date":"2026-03-02T23:26:52","date_gmt":"2026-03-02T22:26:52","guid":{"rendered":"https:\/\/techstore.ba\/shop\/product\/samsung-s2612256gbwhite\/"},"modified":"2026-04-04T11:46:50","modified_gmt":"2026-04-04T09:46:50","slug":"samsung-s2612256gbwhite","status":"publish","type":"product","link":"https:\/\/techstore.ba\/shop\/product\/samsung-s2612256gbwhite\/","title":{"rendered":"Samsung S26,12+256GB,White"},"content":{"rendered":"<div class=\"Y3BBE\" data-sfc-cp=\"\" data-sfc-cb=\"\" data-hveid=\"CAEIAhAA\" data-complete=\"true\" data-processed=\"true\">\n<p><strong class=\"Yjhzub\" data-sfc-cb=\"\" data-complete=\"true\" data-processed=\"true\">Samsung Galaxy S26 12\/256GB u White<\/strong>\u00a0izvedbi je kompaktni premium telefon koji spaja elegantnu estetiku sa najnaprednijim Galaxy AI funkcijama. Ure\u0111aj je dizajniran da bude tanji (7,2 mm) i lak\u0161i (167 g) od prethodnika, pru\u017eaju\u0107i vrhunsko iskustvo u manjem formatu.<span class=\"uJ19be notranslate\" data-wiz-uids=\"N8RPgc_e,N8RPgc_f\" data-sfc-cb=\"\" data-complete=\"true\" data-processed=\"true\"><span class=\"vKEkVd\" data-animation-atomic=\"\" data-wiz-attrbind=\"class=N8RPgc_d\/TKHnVd\" data-sae=\"\"><span aria-hidden=\"true\">\u00a0<\/span><button class=\"rBl3me IWyTpf pjvauc\" tabindex=\"0\" data-amic=\"true\" data-icl-uuid=\"d7f989f5-9948-4094-bceb-1e4b41b602b9\" aria-label=\"Samsung (+3) \u2013 View related links\" data-wiz-attrbind=\"disabled=N8RPgc_d\/C5gNJc;aria-label=N8RPgc_d\/bOjMyf;class=N8RPgc_d\/UpSNec\" data-ved=\"2ahUKEwjhi6GshY6TAxVxzwIHHWm1LIMQye0OegYIAQgCEAE\" data-hveid=\"CAEIAhAB\"><\/button><\/span><\/span><\/p>\n<div class=\"Fwa2Od\" data-animation-skip=\"\" data-sfc-cb=\"\" data-ved=\"2ahUKEwjhi6GshY6TAxVxzwIHHWm1LIMQ3s0SegYIAQgCEAI\" data-complete=\"true\"><\/div>\n<\/div>\n<div class=\"otQkpb\" role=\"heading\" aria-level=\"3\" data-animation-nesting=\"\" data-sfc-cp=\"\" data-sfc-cb=\"\" data-complete=\"true\" data-processed=\"true\" data-sae=\"\">Dizajn i Ekran<button class=\"rBl3me\" tabindex=\"0\" data-amic=\"true\" data-icl-uuid=\"e52981af-b539-4ca7-833d-324f39f32af2\" aria-label=\"View related links\" data-wiz-attrbind=\"disabled=N8RPgc_n\/C5gNJc;aria-label=N8RPgc_n\/bOjMyf;class=N8RPgc_n\/UpSNec\" data-ved=\"2ahUKEwjhi6GshY6TAxVxzwIHHWm1LIMQye0OegYIAQgDEAA\" data-hveid=\"CAEIAxAA\"><\/button><\/div>\n<ul class=\"KsbFXc U6u95\" data-sfc-cb=\"\" data-complete=\"true\" data-processed=\"true\">\n<li class=\"dF3vjf\" data-sfc-cb=\"\" data-hveid=\"CAEIBBAA\" data-complete=\"true\" data-sae=\"\"><span class=\"T286Pc\" data-sfc-cp=\"\" data-sfc-cb=\"\" data-complete=\"true\"><strong class=\"Yjhzub\" data-sfc-cb=\"\" data-complete=\"true\">Boja i Izrada<\/strong>: White varijanta nudi \u010dist, minimalisti\u010dki izgled sa novom &#8220;zaobljenom zakrivljeno\u0161\u0107u&#8221; koja pobolj\u0161ava ergonomiju i stisak.<\/span><\/li>\n<li class=\"dF3vjf\" data-sfc-cb=\"\" data-hveid=\"CAEIBBAB\" data-complete=\"true\" data-sae=\"\"><span class=\"T286Pc\" data-sfc-cp=\"\" data-sfc-cb=\"\" data-complete=\"true\"><strong class=\"Yjhzub\" data-sfc-cb=\"\" data-complete=\"true\">Ekran<\/strong>: Posjeduje\u00a0<strong class=\"Yjhzub\" data-sfc-cb=\"\" data-complete=\"true\">6.3-in\u010dni Dynamic LTPO AMOLED 2X<\/strong>\u00a0panel sa Full HD+ rezolucijom. Podr\u017eava adaptivno osvje\u017eavanje od\u00a0<strong class=\"Yjhzub\" data-sfc-cb=\"\" data-complete=\"true\">1 do 120 Hz<\/strong>, \u0161to osigurava fluidnost uz u\u0161tedu baterije, a za\u0161ti\u0107en je\u00a0<strong class=\"Yjhzub\" data-sfc-cb=\"\" data-complete=\"true\">Gorilla Armor 2<\/strong>\u00a0staklom koje zna\u010dajno smanjuje odsjaj.<\/span><span class=\"uJ19be notranslate\" data-wiz-uids=\"N8RPgc_11,N8RPgc_12\" data-sfc-cb=\"\" data-complete=\"true\"><span class=\"vKEkVd\" data-animation-atomic=\"\" data-wiz-attrbind=\"class=N8RPgc_10\/TKHnVd\" data-sae=\"\"><span aria-hidden=\"true\">\u00a0<\/span><button class=\"rBl3me IWyTpf pjvauc\" tabindex=\"0\" data-amic=\"true\" data-icl-uuid=\"10082a89-54b3-463f-adf0-e2b46ea9ce34\" aria-label=\"samsung.com (+4) \u2013 View related links\" data-wiz-attrbind=\"disabled=N8RPgc_10\/C5gNJc;aria-label=N8RPgc_10\/bOjMyf;class=N8RPgc_10\/UpSNec\" data-ved=\"2ahUKEwjhi6GshY6TAxVxzwIHHWm1LIMQye0OegYIAQgEEAI\" data-hveid=\"CAEIBBAC\"><\/button><\/span><\/span><\/li>\n<\/ul>\n<div class=\"otQkpb\" role=\"heading\" aria-level=\"3\" data-animation-nesting=\"\" data-sfc-cp=\"\" data-sfc-cb=\"\" data-complete=\"true\" data-processed=\"true\" data-sae=\"\">Performanse i Memorija<button class=\"rBl3me\" tabindex=\"0\" data-amic=\"true\" data-icl-uuid=\"d11f6fa1-608b-4a95-8747-0cdd61d6e0ec\" aria-label=\"View related links\" data-wiz-attrbind=\"disabled=N8RPgc_1a\/C5gNJc;aria-label=N8RPgc_1a\/bOjMyf;class=N8RPgc_1a\/UpSNec\" data-ved=\"2ahUKEwjhi6GshY6TAxVxzwIHHWm1LIMQye0OegYIAQgFEAA\" data-hveid=\"CAEIBRAA\"><\/button><\/div>\n<ul class=\"KsbFXc U6u95\" data-sfc-cb=\"\" data-complete=\"true\" data-processed=\"true\">\n<li class=\"dF3vjf\" data-sfc-cb=\"\" data-hveid=\"CAEIBhAA\" data-complete=\"true\" data-sae=\"\"><span class=\"T286Pc\" data-sfc-cp=\"\" data-sfc-cb=\"\" data-complete=\"true\"><strong class=\"Yjhzub\" data-sfc-cb=\"\" data-complete=\"true\">Procesor<\/strong>: U zavisnosti od regije, pokre\u0107e ga\u00a0<strong class=\"Yjhzub\" data-sfc-cb=\"\" data-complete=\"true\">Snapdragon 8 Elite Gen 5<\/strong>\u00a0(za Galaxy) ili\u00a0<strong class=\"Yjhzub\" data-sfc-cb=\"\" data-complete=\"true\">Exynos 2600<\/strong>, oba optimizovana za brzinu bez ka\u0161njenja.<\/span><\/li>\n<li class=\"dF3vjf\" data-sfc-cb=\"\" data-hveid=\"CAEIBhAB\" data-complete=\"true\" data-sae=\"\"><span class=\"T286Pc\" data-sfc-cp=\"\" data-sfc-cb=\"\" data-complete=\"true\"><strong class=\"Yjhzub\" data-sfc-cb=\"\" data-complete=\"true\">Memorija<\/strong>: Model dolazi sa\u00a0<strong class=\"Yjhzub\" data-sfc-cb=\"\" data-complete=\"true\">12 GB RAM-a<\/strong>\u00a0(LPDDR5X) i\u00a0<strong class=\"Yjhzub\" data-sfc-cb=\"\" data-complete=\"true\">256 GB<\/strong>\u00a0ultra-brze UFS 4.0 memorije, \u0161to je sada osnovna konfiguracija za cijelu seriju.<\/span><span class=\"uJ19be notranslate\" data-wiz-uids=\"N8RPgc_1p,N8RPgc_1q\" data-sfc-cb=\"\" data-complete=\"true\"><span class=\"vKEkVd\" data-animation-atomic=\"\" data-wiz-attrbind=\"class=N8RPgc_1o\/TKHnVd\" data-sae=\"\"><span aria-hidden=\"true\">\u00a0<\/span><button class=\"rBl3me IWyTpf pjvauc\" tabindex=\"0\" data-amic=\"true\" data-icl-uuid=\"645e2cae-0c21-4d9f-8dc3-28595a4a9b61\" aria-label=\"YouTube (+4) \u2013 View related links\" data-wiz-attrbind=\"disabled=N8RPgc_1o\/C5gNJc;aria-label=N8RPgc_1o\/bOjMyf;class=N8RPgc_1o\/UpSNec\" data-ved=\"2ahUKEwjhi6GshY6TAxVxzwIHHWm1LIMQye0OegYIAQgGEAI\" data-hveid=\"CAEIBhAC\"><\/button><\/span><\/span>\n<div class=\"Fwa2Od\" data-animation-skip=\"\" data-sfc-cb=\"\" data-ved=\"2ahUKEwjhi6GshY6TAxVxzwIHHWm1LIMQ3s0SegYIAQgGEAM\" data-complete=\"true\"><\/div>\n<\/li>\n<\/ul>\n<div class=\"otQkpb\" role=\"heading\" aria-level=\"3\" data-animation-nesting=\"\" data-sfc-cp=\"\" data-sfc-cb=\"\" data-complete=\"true\" data-processed=\"true\" data-sae=\"\">Sistem Kamera<button class=\"rBl3me\" tabindex=\"0\" data-amic=\"true\" data-icl-uuid=\"144ddb45-30ae-42db-8aba-42f3bd6b864b\" aria-label=\"View related links\" data-wiz-attrbind=\"disabled=N8RPgc_1w\/C5gNJc;aria-label=N8RPgc_1w\/bOjMyf;class=N8RPgc_1w\/UpSNec\" data-ved=\"2ahUKEwjhi6GshY6TAxVxzwIHHWm1LIMQye0OegYIAQgHEAA\" data-hveid=\"CAEIBxAA\"><\/button><\/div>\n<div class=\"Y3BBE\" data-sfc-cp=\"\" data-sfc-cb=\"\" data-hveid=\"CAEICBAA\" data-complete=\"true\" data-processed=\"true\">Trostruka zadnja kamera podr\u017eana je novim\u00a0<strong class=\"Yjhzub\" data-sfc-cb=\"\" data-complete=\"true\" data-processed=\"true\">ProVisual Engine<\/strong>-om za o\u0161trije no\u0107ne snimke:<span class=\"uJ19be notranslate\" data-wiz-uids=\"N8RPgc_22,N8RPgc_23\" data-sfc-cb=\"\" data-complete=\"true\" data-processed=\"true\"><span class=\"vKEkVd\" data-animation-atomic=\"\" data-wiz-attrbind=\"class=N8RPgc_21\/TKHnVd\" data-sae=\"\"><span aria-hidden=\"true\">\u00a0<\/span><button class=\"rBl3me IWyTpf pjvauc\" tabindex=\"0\" data-amic=\"true\" data-icl-uuid=\"f4e8e740-dff1-4b2f-87a9-5331ec01baf5\" aria-label=\"Samsung (+3) \u2013 View related links\" data-wiz-attrbind=\"disabled=N8RPgc_21\/C5gNJc;aria-label=N8RPgc_21\/bOjMyf;class=N8RPgc_21\/UpSNec\" data-ved=\"2ahUKEwjhi6GshY6TAxVxzwIHHWm1LIMQye0OegYIAQgIEAE\" data-hveid=\"CAEICBAB\"><\/button><\/span><\/span><\/div>\n<ul class=\"KsbFXc U6u95\" data-sfc-cb=\"\" data-complete=\"true\" data-processed=\"true\">\n<li class=\"dF3vjf\" data-sfc-cb=\"\" data-hveid=\"CAEICRAA\" data-complete=\"true\" data-sae=\"\"><span class=\"T286Pc\" data-sfc-cp=\"\" data-sfc-cb=\"\" data-complete=\"true\"><strong class=\"Yjhzub\" data-sfc-cb=\"\" data-complete=\"true\">Glavna<\/strong>: 50 MP (f\/1.8) sa opti\u010dkom stabilizacijom slike.<\/span><\/li>\n<li class=\"dF3vjf\" data-sfc-cb=\"\" data-hveid=\"CAEICRAB\" data-complete=\"true\" data-sae=\"\"><span class=\"T286Pc\" data-sfc-cp=\"\" data-sfc-cb=\"\" data-complete=\"true\"><strong class=\"Yjhzub\" data-sfc-cb=\"\" data-complete=\"true\">Ultra\u0161iroka<\/strong>: 12 MP (f\/2.2) za pejza\u017ee.<\/span><\/li>\n<li class=\"dF3vjf\" data-sfc-cb=\"\" data-hveid=\"CAEICRAC\" data-complete=\"true\" data-sae=\"\"><span class=\"T286Pc\" data-sfc-cp=\"\" data-sfc-cb=\"\" data-complete=\"true\"><strong class=\"Yjhzub\" data-sfc-cb=\"\" data-complete=\"true\">Telefoto<\/strong>: 10 MP (f\/2.4) sa\u00a0<strong class=\"Yjhzub\" data-sfc-cb=\"\" data-complete=\"true\">3x opti\u010dkim zumom<\/strong>.<\/span><\/li>\n<li class=\"dF3vjf\" data-sfc-cb=\"\" data-hveid=\"CAEICRAD\" data-complete=\"true\" data-sae=\"\"><span class=\"T286Pc\" data-sfc-cp=\"\" data-sfc-cb=\"\" data-complete=\"true\"><strong class=\"Yjhzub\" data-sfc-cb=\"\" data-complete=\"true\">Prednja<\/strong>: 12 MP kamera za selfije sa brzim autofokusom.<\/span><span class=\"uJ19be notranslate\" data-wiz-uids=\"N8RPgc_2m,N8RPgc_2n\" data-sfc-cb=\"\" data-complete=\"true\"><span class=\"vKEkVd\" data-animation-atomic=\"\" data-wiz-attrbind=\"class=N8RPgc_2l\/TKHnVd\" data-sae=\"\"><span aria-hidden=\"true\">\u00a0<\/span><button class=\"rBl3me IWyTpf pjvauc\" tabindex=\"0\" data-amic=\"true\" data-icl-uuid=\"483183ec-733c-4d0d-b383-a6005c63f9f0\" aria-label=\"Multitronic.fi (+3) \u2013 View related links\" data-wiz-attrbind=\"disabled=N8RPgc_2l\/C5gNJc;aria-label=N8RPgc_2l\/bOjMyf;class=N8RPgc_2l\/UpSNec\" data-ved=\"2ahUKEwjhi6GshY6TAxVxzwIHHWm1LIMQye0OegYIAQgJEAQ\" data-hveid=\"CAEICRAE\"><\/button><\/span><\/span><\/li>\n<\/ul>\n<div class=\"otQkpb\" role=\"heading\" aria-level=\"3\" data-animation-nesting=\"\" data-sfc-cp=\"\" data-sfc-cb=\"\" data-complete=\"true\" data-processed=\"true\" data-sae=\"\">Galaxy AI i Baterija<button class=\"rBl3me\" tabindex=\"0\" data-amic=\"true\" data-icl-uuid=\"c5150635-672e-4347-9a1f-3e9c6749b803\" aria-label=\"View related links\" data-wiz-attrbind=\"disabled=N8RPgc_2s\/C5gNJc;aria-label=N8RPgc_2s\/bOjMyf;class=N8RPgc_2s\/UpSNec\" data-ved=\"2ahUKEwjhi6GshY6TAxVxzwIHHWm1LIMQye0OegYIAQgKEAA\" data-hveid=\"CAEIChAA\"><\/button><\/div>\n<ul class=\"KsbFXc U6u95\" data-sfc-cb=\"\" data-processed=\"true\" data-complete=\"true\">\n<li class=\"dF3vjf\" data-sfc-cb=\"\" data-hveid=\"CAEIDBAA\" data-complete=\"true\" data-sae=\"\"><span class=\"T286Pc\" data-sfc-cp=\"\" data-sfc-cb=\"\" data-complete=\"true\"><strong class=\"Yjhzub\" data-sfc-cb=\"\" data-complete=\"true\">Pametne Funkcije<\/strong>: Novi\u00a0<strong class=\"Yjhzub\" data-sfc-cb=\"\" data-complete=\"true\">Galaxy AI<\/strong>\u00a0omogu\u0107ava intuitivno pretra\u017eivanje (Circle to Search sa vi\u0161e objekata), prevo\u0111enje u realnom vremenu i napredno ure\u0111ivanje fotografija pomo\u0107u prirodnog jezika.<\/span><\/li>\n<li class=\"dF3vjf\" data-sfc-cb=\"\" data-hveid=\"CAEIDBAB\" data-sae=\"\" data-complete=\"true\"><span class=\"T286Pc\" data-sfc-cp=\"\" data-sfc-cb=\"\" data-complete=\"true\"><strong class=\"Yjhzub\" data-sfc-cb=\"\" data-complete=\"true\">Baterija<\/strong>: Kapacitet je pove\u0107an na\u00a0<strong class=\"Yjhzub\" data-sfc-cb=\"\" data-complete=\"true\">4300 mAh<\/strong>, \u0161to omogu\u0107ava do 31 sat reprodukcije video sadr\u017eaja. Podr\u017eava 25W \u017ei\u010dno i 15W be\u017ei\u010dno punjenje.<\/span><\/li>\n<\/ul>\n","protected":false},"excerpt":{"rendered":"<ul class=\"KsbFXc U6u95\" data-sfc-cb=\"\" data-complete=\"true\" data-processed=\"true\">\n<li class=\"dF3vjf\" data-sfc-cb=\"\" data-hveid=\"CAEIAhAA\" data-complete=\"true\" data-sae=\"\"><span class=\"T286Pc\" data-sfc-cp=\"\" data-sfc-cb=\"\" data-complete=\"true\"><strong class=\"Yjhzub\" data-sfc-cb=\"\" data-complete=\"true\">Ekran:<\/strong>\u00a0Kompaktni\u00a0<strong class=\"Yjhzub\" data-sfc-cb=\"\" data-complete=\"true\">6,3-in\u010dni<\/strong>\u00a0Dynamic AMOLED 2X sa 120Hz osvje\u017eavanjem i izuzetno tankim simetri\u010dnim okvirima.<\/span><\/li>\n<li class=\"dF3vjf\" data-sfc-cb=\"\" data-hveid=\"CAEIAhAB\" data-complete=\"true\" data-sae=\"\"><span class=\"T286Pc\" data-sfc-cp=\"\" data-sfc-cb=\"\" data-complete=\"true\"><strong class=\"Yjhzub\" data-sfc-cb=\"\" data-complete=\"true\">Memorija:<\/strong>\u00a0Nadogra\u0111enih\u00a0<strong class=\"Yjhzub\" data-sfc-cb=\"\" data-complete=\"true\">12 GB RAM-a<\/strong>\u00a0(standard za fluidan rad AI funkcija) i\u00a0<strong class=\"Yjhzub\" data-sfc-cb=\"\" data-complete=\"true\">256 GB<\/strong>\u00a0ultra-brze interne memorije.<\/span><\/li>\n<li class=\"dF3vjf\" data-sfc-cb=\"\" data-hveid=\"CAEIAhAC\" data-complete=\"true\" data-sae=\"\"><span class=\"T286Pc\" data-sfc-cp=\"\" data-sfc-cb=\"\" data-complete=\"true\"><strong class=\"Yjhzub\" data-sfc-cb=\"\" data-complete=\"true\">Boja:<\/strong>\u00a0<strong class=\"Yjhzub\" data-sfc-cb=\"\" data-complete=\"true\">White (Bijela)<\/strong>\u00a0\u2013 \u010dista, klasi\u010dna nijansa sa mat zavr\u0161nom obradom koja minimalizuje vidljivost otisaka prstiju.<\/span><\/li>\n<li class=\"dF3vjf\" data-sfc-cb=\"\" data-hveid=\"CAEIAhAD\" data-complete=\"true\" data-sae=\"\"><span class=\"T286Pc\" data-sfc-cp=\"\" data-sfc-cb=\"\" data-complete=\"true\"><strong class=\"Yjhzub\" data-sfc-cb=\"\" data-complete=\"true\">Softver:<\/strong>\u00a0Pokre\u0107e ga najnoviji\u00a0<strong class=\"Yjhzub\" data-sfc-cb=\"\" data-complete=\"true\">Android 16<\/strong>\u00a0uz\u00a0<strong class=\"Yjhzub\" data-sfc-cb=\"\" data-complete=\"true\">One UI 8<\/strong>\u00a0(sa naprednim Galaxy AI alatima za prevo\u0111enje i obradu fotografija).<\/span><\/li>\n<li class=\"dF3vjf\" data-sfc-cb=\"\" data-hveid=\"CAEIAhAE\" data-complete=\"true\" data-sae=\"\"><span class=\"T286Pc\" data-sfc-cp=\"\" data-sfc-cb=\"\" data-complete=\"true\"><strong class=\"Yjhzub\" data-sfc-cb=\"\" data-complete=\"true\">Kamere:<\/strong>\u00a0Trostruki sistem \u2014\u00a0<strong class=\"Yjhzub\" data-sfc-cb=\"\" data-complete=\"true\">50 MP<\/strong>\u00a0(glavna sa OIS) +\u00a0<strong class=\"Yjhzub\" data-sfc-cb=\"\" data-complete=\"true\">10 MP<\/strong>\u00a0(telefoto sa 3x opti\u010dkim zumom) +\u00a0<strong class=\"Yjhzub\" data-sfc-cb=\"\" data-complete=\"true\">12 MP<\/strong>\u00a0(ultra-\u0161iroka); naprijed\u00a0<strong class=\"Yjhzub\" data-sfc-cb=\"\" data-complete=\"true\">12 MP<\/strong>\u00a0Dual Pixel kamera.<\/span><\/li>\n<li class=\"dF3vjf\" data-sfc-cb=\"\" data-hveid=\"CAEIAhAF\" data-complete=\"true\" data-sae=\"\"><span class=\"T286Pc\" data-sfc-cp=\"\" data-sfc-cb=\"\" data-complete=\"true\"><strong class=\"Yjhzub\" data-sfc-cb=\"\" data-complete=\"true\">Performanse:<\/strong>\u00a0Najnoviji\u00a0<strong class=\"Yjhzub\" data-sfc-cb=\"\" data-complete=\"true\">Snapdragon 8 Gen 5<\/strong>\u00a0\u010dipset (ili Exynos 2600 zavisno od regije), koji nudi vrhunsku brzinu i energetsku efikasnost.<\/span><\/li>\n<li class=\"dF3vjf\" data-sfc-cb=\"\" data-hveid=\"CAEIAhAG\" data-complete=\"true\" data-sae=\"\"><span class=\"T286Pc\" data-sfc-cp=\"\" data-sfc-cb=\"\" data-complete=\"true\"><strong class=\"Yjhzub\" data-sfc-cb=\"\" data-complete=\"true\">Dugovje\u010dnost:<\/strong>\u00a0<strong class=\"Yjhzub\" data-sfc-cb=\"\" data-complete=\"true\">IP68<\/strong>\u00a0otpornost na vodu i pra\u0161inu uz Samsungovo obe\u0107anje o\u00a0<strong class=\"Yjhzub\" data-sfc-cb=\"\" data-complete=\"true\">7 godina<\/strong>\u00a0softverskih a\u017euriranja.<\/span><span class=\"uJ19be notranslate\" data-wiz-uids=\"fduxQd_1f,fduxQd_1g\" data-sfc-cb=\"\" data-complete=\"true\"><span class=\"vKEkVd\" data-animation-atomic=\"\" data-wiz-attrbind=\"class=fduxQd_1e\/TKHnVd\" data-sae=\"\"><span aria-hidden=\"true\" aria-owns=\"action-menu-parent-container\">\u00a0<\/span><\/span><\/span><\/li>\n<li class=\"dF3vjf\" data-sfc-cb=\"\" data-hveid=\"CAEIBRAA\" data-complete=\"true\" data-sae=\"\"><strong>Garancija<\/strong>: 2 godine<\/li>\n<\/ul>\n","protected":false},"featured_media":53126,"template":"","meta":[],"product_cat":[475],"product_tag":[],"class_list":{"0":"post-53083","1":"product","2":"type-product","3":"status-publish","4":"has-post-thumbnail","6":"product_brand-samsung","7":"product_cat-ct-smartphone","9":"first","10":"outofstock","11":"shipping-taxable","12":"purchasable","13":"product-type-simple"},"_links":{"self":[{"href":"https:\/\/techstore.ba\/shop\/wp-json\/wp\/v2\/product\/53083","targetHints":{"allow":["GET"]}}],"collection":[{"href":"https:\/\/techstore.ba\/shop\/wp-json\/wp\/v2\/product"}],"about":[{"href":"https:\/\/techstore.ba\/shop\/wp-json\/wp\/v2\/types\/product"}],"wp:featuredmedia":[{"embeddable":true,"href":"https:\/\/techstore.ba\/shop\/wp-json\/wp\/v2\/media\/53126"}],"wp:attachment":[{"href":"https:\/\/techstore.ba\/shop\/wp-json\/wp\/v2\/media?parent=53083"}],"wp:term":[{"taxonomy":"product_cat","embeddable":true,"href":"https:\/\/techstore.ba\/shop\/wp-json\/wp\/v2\/product_cat?post=53083"},{"taxonomy":"product_tag","embeddable":true,"href":"https:\/\/techstore.ba\/shop\/wp-json\/wp\/v2\/product_tag?post=53083"}],"curies":[{"name":"wp","href":"https:\/\/api.w.org\/{rel}","templated":true}]}}