{"id":52907,"date":"2026-02-27T10:32:46","date_gmt":"2026-02-27T09:32:46","guid":{"rendered":"https:\/\/techstore.ba\/shop\/product\/xiaomi-pametna-uticnica-2-wifi-kontrola-preko-mi-home-app-timer-pracenje-trosenja-el-energije\/"},"modified":"2026-04-04T10:50:16","modified_gmt":"2026-04-04T08:50:16","slug":"xiaomi-pametna-uticnica-2-wifi-kontrola-preko-mi-home-app-timer-pracenje-trosenja-el-energije","status":"publish","type":"product","link":"https:\/\/techstore.ba\/shop\/product\/xiaomi-pametna-uticnica-2-wifi-kontrola-preko-mi-home-app-timer-pracenje-trosenja-el-energije\/","title":{"rendered":"Xiaomi pametna uti\u010dnica 2 WiFi kontrola preko Mi Home app, timer, pra\u0107enje tro\u0161enja el.energije"},"content":{"rendered":"","protected":false},"excerpt":{"rendered":"<p>Xiaomi pametna uti\u010dnica 2 WiFi kontrola preko Mi Home app, timer, pra\u0107enje tro\u0161enja el.energije<\/p>\n","protected":false},"featured_media":52908,"template":"","meta":[],"product_cat":[281,554],"product_tag":[],"class_list":{"0":"post-52907","1":"product","2":"type-product","3":"status-publish","4":"has-post-thumbnail","6":"product_cat-ct-adapters","7":"product_cat-brend-xiaomi","8":"pa_brend-adapteri","10":"first","11":"outofstock","12":"shipping-taxable","13":"purchasable","14":"product-type-simple"},"_links":{"self":[{"href":"https:\/\/techstore.ba\/shop\/wp-json\/wp\/v2\/product\/52907","targetHints":{"allow":["GET"]}}],"collection":[{"href":"https:\/\/techstore.ba\/shop\/wp-json\/wp\/v2\/product"}],"about":[{"href":"https:\/\/techstore.ba\/shop\/wp-json\/wp\/v2\/types\/product"}],"wp:featuredmedia":[{"embeddable":true,"href":"https:\/\/techstore.ba\/shop\/wp-json\/wp\/v2\/media\/52908"}],"wp:attachment":[{"href":"https:\/\/techstore.ba\/shop\/wp-json\/wp\/v2\/media?parent=52907"}],"wp:term":[{"taxonomy":"product_cat","embeddable":true,"href":"https:\/\/techstore.ba\/shop\/wp-json\/wp\/v2\/product_cat?post=52907"},{"taxonomy":"product_tag","embeddable":true,"href":"https:\/\/techstore.ba\/shop\/wp-json\/wp\/v2\/product_tag?post=52907"}],"curies":[{"name":"wp","href":"https:\/\/api.w.org\/{rel}","templated":true}]}}