{"id":52858,"date":"2026-02-26T19:36:30","date_gmt":"2026-02-26T18:36:30","guid":{"rendered":"https:\/\/techstore.ba\/shop\/?post_type=product&#038;p=52858"},"modified":"2026-02-26T19:36:31","modified_gmt":"2026-02-26T18:36:31","slug":"lenovo-ideapad-slim-3-15iru8-laptop-82x700huus","status":"publish","type":"product","link":"https:\/\/techstore.ba\/shop\/product\/lenovo-ideapad-slim-3-15iru8-laptop-82x700huus\/","title":{"rendered":"LENOVO IdeaPad Slim 3 15IRU8 laptop 82X700HUUS"},"content":{"rendered":"<p>Intel Core i7-1355U, 16GB LPDDR5 RAM, 1TB SSD, Intel Iris Xe Graphics, 15.6&#8221; 1920 x 1080 Touchscreen display, WebCam HD 720p, Wi-Fi 6, Bluetooth 5.2, 1 \u00d7 USB-C 3.2 Gen 1 (Data, PD, DisplayPort), 2 \u00d7 USB-A 3.2 Gen 1, 1 \u00d7 HDMI 1.4b, 1 \u00d7 3.5 mm audio jack, 1x Card Reader, Battery: 47Wh, Tastatura: US sa jednobojnim osvjetljenjem, Te\u017eina: 1.62kg, Boja: Siva, Windows 11 Home i Office paket (licencirani)<\/p>\n","protected":false},"excerpt":{"rendered":"<div class=\"nsbb\">\n<div class=\"row equal\">\n<div class=\"col-md-11 col-xs-10\">\n<div class=\"row\">\n<div class=\"col-md-3 nsbb-item-label\"><strong>Ekran:<\/strong> 15.6&#8221; 1920 x 1080px, Full HD, IPS LCD, 16:9, 300 nita, Anti-glare, 45 % NTSC, 60 Hz, touchscreen<\/div>\n<\/div>\n<\/div>\n<\/div>\n<\/div>\n<div class=\"nsbb\">\n<div class=\"row equal\">\n<div class=\"col-md-1 col-xs-2 nsbb-icon\"><strong>Procesor:<\/strong> Intel Core i7-1355U (3700-5000MHz, broj jezgri: 10\/12 (fizi\u010dke\/logi\u010dke), Cache: 12MB)<\/div>\n<\/div>\n<\/div>\n<div class=\"nsbb\">\n<div class=\"row equal\">\n<div class=\"col-md-1 col-xs-2 nsbb-icon\"><strong>Memorija:<\/strong> 16GB DDR5<\/div>\n<\/div>\n<\/div>\n<div class=\"nsbb\">\n<div class=\"row equal\">\n<div class=\"col-md-1 col-xs-2 nsbb-icon\"><strong>SSD:<\/strong> 1000GB<\/div>\n<\/div>\n<\/div>\n<div class=\"nsbb\">\n<div class=\"row equal\">\n<div class=\"col-md-1 col-xs-2 nsbb-icon\"><strong>Grafi\u010dka karta:<\/strong> Intel Iris Xe Graphics, Vrsta: Integrisana<\/div>\n<\/div>\n<\/div>\n<div class=\"nsbb\">\n<div class=\"row equal\">\n<div class=\"col-md-1 col-xs-2 nsbb-icon\"><strong>Operativni sistem:<\/strong> Windows 11 Home i Office paket (licencirani)<\/div>\n<\/div>\n<\/div>\n<div class=\"nsbb\">\n<div class=\"row equal\">\n<div class=\"col-md-1 col-xs-2 nsbb-icon\"><strong>Tastatura<\/strong>: Lokalizacija: US-Internacionalna, Pozadinsko osvjetljenje: Jednobojno<\/div>\n<\/div>\n<\/div>\n<div class=\"nsbb\">\n<div class=\"row equal\">\n<div class=\"col-md-1 col-xs-2 nsbb-icon\"><strong>Garancija<\/strong>: 12 mjeseci<\/div>\n<\/div>\n<\/div>\n<div class=\"nsbb\">\n<div class=\"row equal\">\n<div class=\"col-md-1 col-xs-2 nsbb-icon\"><strong>Te\u017eina<\/strong>: 1.62kg<\/div>\n<\/div>\n<\/div>\n<div class=\"nsbb nsbb-border\">\n<div class=\"row equal\">\n<div class=\"col-md-1 col-xs-2 nsbb-icon\"><strong>Boja:<\/strong> Siva<\/div>\n<\/div>\n<\/div>\n<div class=\"nsbb nsbb-border\">\n<div class=\"row equal\">\n<div class=\"col-md-1 col-xs-2 nsbb-icon\"><strong>Ostalo:<\/strong> WebCam HD 720p, Wi-Fi 6, Bluetooth 5.2, 1 \u00d7 USB-C 3.2 Gen 1 (Data, PD, DisplayPort), 2 \u00d7 USB-A 3.2 Gen 1, 1 \u00d7 HDMI 1.4b, 1 \u00d7 3.5 mm audio jack, 1x Card Reader, Battery: 47Wh<\/div>\n<\/div>\n<\/div>\n","protected":false},"featured_media":52859,"template":"","meta":[],"product_cat":[635,1012],"product_tag":[],"class_list":{"0":"post-52858","1":"product","2":"type-product","3":"status-publish","4":"has-post-thumbnail","6":"product_brand-lenovo","7":"product_cat-brend-lenovo","8":"product_cat-poslovni-laptopi-15-16","9":"pa_brend-lenovo","11":"first","12":"instock","13":"shipping-taxable","14":"purchasable","15":"product-type-simple"},"_links":{"self":[{"href":"https:\/\/techstore.ba\/shop\/wp-json\/wp\/v2\/product\/52858","targetHints":{"allow":["GET"]}}],"collection":[{"href":"https:\/\/techstore.ba\/shop\/wp-json\/wp\/v2\/product"}],"about":[{"href":"https:\/\/techstore.ba\/shop\/wp-json\/wp\/v2\/types\/product"}],"wp:featuredmedia":[{"embeddable":true,"href":"https:\/\/techstore.ba\/shop\/wp-json\/wp\/v2\/media\/52859"}],"wp:attachment":[{"href":"https:\/\/techstore.ba\/shop\/wp-json\/wp\/v2\/media?parent=52858"}],"wp:term":[{"taxonomy":"product_cat","embeddable":true,"href":"https:\/\/techstore.ba\/shop\/wp-json\/wp\/v2\/product_cat?post=52858"},{"taxonomy":"product_tag","embeddable":true,"href":"https:\/\/techstore.ba\/shop\/wp-json\/wp\/v2\/product_tag?post=52858"}],"curies":[{"name":"wp","href":"https:\/\/api.w.org\/{rel}","templated":true}]}}