{"id":52831,"date":"2026-02-26T17:35:32","date_gmt":"2026-02-26T16:35:32","guid":{"rendered":"https:\/\/techstore.ba\/shop\/?post_type=product&#038;p=52831"},"modified":"2026-02-26T17:37:17","modified_gmt":"2026-02-26T16:37:17","slug":"asus-zenbook-duo-14-oled-laptop-ux8406ca-pz005w","status":"publish","type":"product","link":"https:\/\/techstore.ba\/shop\/product\/asus-zenbook-duo-14-oled-laptop-ux8406ca-pz005w\/","title":{"rendered":"ASUS Zenbook Duo 14 OLED laptop UX8406CA-PZ005W"},"content":{"rendered":"<div class=\"nsbb\">\n<div class=\"row equal\">\n<div class=\"col-md-11 col-xs-10\">\n<div class=\"row\">\n<div class=\"col-md-3 nsbb-item-label\"><strong>Ekran:\u00a0<\/strong>14&#8221; 2880 x 1800px, 3K (2880 x 1800) OLED 16:10, Touch screen, 120Hz, 500nits HDR peak brightness, 0.2ms response time touchscreen<\/div>\n<\/div>\n<\/div>\n<\/div>\n<\/div>\n<div class=\"nsbb\">\n<div class=\"row equal\">\n<div class=\"col-md-1 col-xs-2 nsbb-icon\"><strong>Procesor:<\/strong> Intel Core Ultra 9 285H (2900-5400MHz, broj jezgri: 16\/16 (fizi\u010dke\/logi\u010dke), Cache: 24MB)<\/div>\n<\/div>\n<\/div>\n<div class=\"nsbb\">\n<div class=\"row equal\">\n<div class=\"col-md-1 col-xs-2 nsbb-icon\"><strong>Memorija:<\/strong> 32GB DDR5<\/div>\n<\/div>\n<\/div>\n<div class=\"nsbb\">\n<div class=\"row equal\">\n<div class=\"col-md-1 col-xs-2 nsbb-icon\"><strong>SSD:<\/strong> 2000GB<\/div>\n<\/div>\n<\/div>\n<div class=\"nsbb\">\n<div class=\"row equal\">\n<div class=\"col-md-1 col-xs-2 nsbb-icon\"><strong>Grafi\u010dka karta:<\/strong> Intel Arc Graphics, Vrsta: Integrisana<\/div>\n<\/div>\n<\/div>\n<div class=\"nsbb\">\n<div class=\"row equal\">\n<div class=\"col-md-1 col-xs-2 nsbb-icon\"><strong>Operativni sistem:<\/strong> Windows 11 Home i Office paket (licencirani)<\/div>\n<\/div>\n<\/div>\n<div class=\"nsbb\">\n<div class=\"row equal\">\n<div class=\"col-md-1 col-xs-2 nsbb-icon\"><strong>Tastatura:<\/strong> Lokalizacija: BiH, Pozadinsko osvjetljenje: Jednobojno<\/div>\n<\/div>\n<\/div>\n<div class=\"nsbb\">\n<div class=\"row equal\">\n<div class=\"col-md-1 col-xs-2 nsbb-icon\"><strong>Garancija:<\/strong> 24 mjeseci<\/div>\n<\/div>\n<\/div>\n<div class=\"nsbb\">\n<div class=\"row equal\">\n<div class=\"col-md-1 col-xs-2 nsbb-icon\"><strong>Te\u017eina:<\/strong> 1.65kg<\/div>\n<\/div>\n<\/div>\n<div class=\"nsbb nsbb-border\">\n<div class=\"row equal\">\n<div class=\"col-md-1 col-xs-2 nsbb-icon\"><strong>Boja:<\/strong> Crna<\/div>\n<\/div>\n<\/div>\n<div class=\"nsbb nsbb-border\">\n<div class=\"row equal\">\n<div class=\"col-md-1 col-xs-2 nsbb-icon\"><strong>Ostalo:<\/strong> Webcam FHD camera with IR function, Wi-Fi 7 2&#215;2 AX &amp; Bluetooth 5.4, 1x USB 3.2 Gen 1 Type-A (data speed up to 5Gbps), 2x Thunderbolt 4 with support for display \/ power delivery (data speed up to 40Gbps), 1x HDMI 2.1 TMDS, Headphone \/ mic combo, Harmon Cardon Audio, Battery: 75Wh, Ku\u0107i\u0161te Manesiumg-Alloy, Lokalizacija: US Internacionalna, Te\u017eina: 1.65kg, Pozadinsko osvjetljenje: Jednobojno, Detachable full-size ErgoSense keyboard and precision touchpad, Boja: Crna<\/div>\n<\/div>\n<\/div>\n","protected":false},"excerpt":{"rendered":"<p>Intel Core Ultra 9 285H, 32GB LPDDR5X RAM, 2TB SSD, Intel Arc Graphics, 14&#8221; 2880 x 1800 3K OLED, HDR, 120Hz Touchscreen display, 360\u00b0 display, Dual Touch Screen, Webcam FHD camera with IR function, Wi-Fi 7 2&#215;2 AX &amp; Bluetooth 5.4, 1x USB 3.2 Gen 1 Type-A (data speed up to 5Gbps), 2x Thunderbolt 4 with support for display \/ power delivery (data speed up to 40Gbps), 1x HDMI 2.1 TMDS, Headphone \/ mic combo, Harmon Cardon Audio, Battery: 75Wh, Ku\u0107i\u0161te Manesiumg-Alloy, Lokalizacija: BiH, Te\u017eina: 1.65kg, Pozadinsko osvjetljenje: Jednobojno, Detachable full-size ErgoSense keyboard and precision touchpad, Boja: Crna, Windows 11 Home i Office paket (licencirani)<\/p>\n","protected":false},"featured_media":52832,"template":"","meta":[],"product_cat":[582,1011],"product_tag":[],"class_list":{"0":"post-52831","1":"product","2":"type-product","3":"status-publish","4":"has-post-thumbnail","6":"product_brand-asus","7":"product_cat-brend-asus","8":"product_cat-poslovni-laptopi-14","9":"pa_brend-asus","11":"first","12":"instock","13":"shipping-taxable","14":"purchasable","15":"product-type-simple"},"_links":{"self":[{"href":"https:\/\/techstore.ba\/shop\/wp-json\/wp\/v2\/product\/52831","targetHints":{"allow":["GET"]}}],"collection":[{"href":"https:\/\/techstore.ba\/shop\/wp-json\/wp\/v2\/product"}],"about":[{"href":"https:\/\/techstore.ba\/shop\/wp-json\/wp\/v2\/types\/product"}],"wp:featuredmedia":[{"embeddable":true,"href":"https:\/\/techstore.ba\/shop\/wp-json\/wp\/v2\/media\/52832"}],"wp:attachment":[{"href":"https:\/\/techstore.ba\/shop\/wp-json\/wp\/v2\/media?parent=52831"}],"wp:term":[{"taxonomy":"product_cat","embeddable":true,"href":"https:\/\/techstore.ba\/shop\/wp-json\/wp\/v2\/product_cat?post=52831"},{"taxonomy":"product_tag","embeddable":true,"href":"https:\/\/techstore.ba\/shop\/wp-json\/wp\/v2\/product_tag?post=52831"}],"curies":[{"name":"wp","href":"https:\/\/api.w.org\/{rel}","templated":true}]}}