{"id":52695,"date":"2026-02-26T10:09:26","date_gmt":"2026-02-26T09:09:26","guid":{"rendered":"https:\/\/techstore.ba\/shop\/?post_type=product&#038;p=52695"},"modified":"2026-02-26T10:10:08","modified_gmt":"2026-02-26T09:10:08","slug":"dell-15-dc15250-laptop-ldc15250-7292blk","status":"publish","type":"product","link":"https:\/\/techstore.ba\/shop\/product\/dell-15-dc15250-laptop-ldc15250-7292blk\/","title":{"rendered":"DELL 15 DC15250 laptop LDC15250-7292BLK"},"content":{"rendered":"<div class=\"col-md-3 nsbb-item-label\">Ekran: 15.6&#8221; 1920 x 1080px, Full HD, IPS, 16:9, Anti-glare screen, 220 cd\/m\u00b2, 141 ppi, NTSC, 45 %, 35 ms, 60 Hz, 700:1 touchscreen<\/div>\n<div><\/div>\n<div>\n<div class=\"col-md-3 nsbb-item-label\">Procesor: Intel Core i7-1355U (3700-5000MHz, broj jezgri: 10\/12 (fizi\u010dke\/logi\u010dke), Cache: 12MB)<\/div>\n<div><\/div>\n<div>\n<div class=\"col-md-3 nsbb-item-label\">Memorija: 16GB DDR4<\/div>\n<div><\/div>\n<div class=\"col-md-3 nsbb-item-label\">SSD: 1000GB<\/div>\n<div><\/div>\n<div>\n<div>\n<div class=\"col-md-3 nsbb-item-label\">Grafi\u010dka karta: Intel UHD Graphics, Vrsta: Integrisana<\/div>\n<div><\/div>\n<div>\n<div class=\"col-md-3 nsbb-item-label\">Operativni sistem: Windows 11 Home<\/div>\n<div><\/div>\n<div>\n<div class=\"col-md-3 nsbb-item-label\">Tastatura: Lokalizacija: US-Internacionalna<\/div>\n<div><\/div>\n<div>\n<div class=\"col-md-3 nsbb-item-label\">Garancija: 12 mjeseci<\/div>\n<div><\/div>\n<div>\n<div class=\"col-md-3 nsbb-item-label\">Ostalo: WebCam, Wi-Fi6, Bluetooth, 1 \u00d7 USB 3.2 Gen 1 Type-A (5 Gbps), 1 \u00d7 USB 2.0 (480 Mbps), 1 \u00d7 SB 3.2 Gen 1 (5 Gbps) Type-C (data only), 1 x USB 3.2 Gen 1 (5 Gbps) Type-C port with displayport 1.4, 1 x Universal Audio Jack, 1 x HDMI, 1X Card Reader, Battery: 41 Wh<\/div>\n<\/div>\n<\/div>\n<\/div>\n<\/div>\n<\/div>\n<\/div>\n<\/div>\n<\/div>\n","protected":false},"excerpt":{"rendered":"<p>Ekran: 15.6&#8221; 1920 x 1080px, Full HD, IPS, 16:9, Anti-glare screen, 220 cd\/m\u00b2, 141 ppi, NTSC, 45 %, 35 ms, 60 Hz, 700:1 touchscreen Procesor: Intel Core i7-1355U (3700-5000MHz, broj jezgri: 10\/12 (fizi\u010dke\/logi\u010dke), Cache: 12MB) Memorija: 16GB DDR4 SSD: 1000GB Grafi\u010dka karta: Intel UHD Graphics, Vrsta: Integrisana Operativni sistem: Windows 11 Home Tastatura: Lokalizacija: US-Internacionalna [&hellip;]<\/p>\n","protected":false},"featured_media":52698,"template":"","meta":[],"product_cat":[599,409,1012,808],"product_tag":[],"class_list":{"0":"post-52695","1":"product","2":"type-product","3":"status-publish","4":"has-post-thumbnail","6":"product_brand-dell","7":"product_cat-brend-dell","8":"product_cat-ct-notebooks","9":"product_cat-poslovni-laptopi-15-16","10":"product_cat-ct-notebookpr","11":"pa_brend-dell","13":"first","14":"instock","15":"shipping-taxable","16":"purchasable","17":"product-type-simple"},"_links":{"self":[{"href":"https:\/\/techstore.ba\/shop\/wp-json\/wp\/v2\/product\/52695","targetHints":{"allow":["GET"]}}],"collection":[{"href":"https:\/\/techstore.ba\/shop\/wp-json\/wp\/v2\/product"}],"about":[{"href":"https:\/\/techstore.ba\/shop\/wp-json\/wp\/v2\/types\/product"}],"wp:featuredmedia":[{"embeddable":true,"href":"https:\/\/techstore.ba\/shop\/wp-json\/wp\/v2\/media\/52698"}],"wp:attachment":[{"href":"https:\/\/techstore.ba\/shop\/wp-json\/wp\/v2\/media?parent=52695"}],"wp:term":[{"taxonomy":"product_cat","embeddable":true,"href":"https:\/\/techstore.ba\/shop\/wp-json\/wp\/v2\/product_cat?post=52695"},{"taxonomy":"product_tag","embeddable":true,"href":"https:\/\/techstore.ba\/shop\/wp-json\/wp\/v2\/product_tag?post=52695"}],"curies":[{"name":"wp","href":"https:\/\/api.w.org\/{rel}","templated":true}]}}