{"id":52573,"date":"2026-02-25T13:17:38","date_gmt":"2026-02-25T12:17:38","guid":{"rendered":"https:\/\/techstore.ba\/shop\/?post_type=product&#038;p=52573"},"modified":"2026-02-25T13:18:40","modified_gmt":"2026-02-25T12:18:40","slug":"brother-dcp-t230","status":"publish","type":"product","link":"https:\/\/techstore.ba\/shop\/product\/brother-dcp-t230\/","title":{"rendered":"Brother DCP-T230"},"content":{"rendered":"","protected":false},"excerpt":{"rendered":"<p>Brother DCP-T230yj1 je kompaktni 3-u-1 tintni multifunkcijski ure\u0111aj iz InkBenefit Plus serije, dizajniran za ku\u0107nu upotrebu i male urede koji zahtijevaju visoku ekonomi\u010dnost \u0161tampe. Ure\u0111aj koristi sistem rezervoara za tintu (ink-tank) koji se lako dopunjavaju, omogu\u0107avaju\u0107i ispis velikog broja stranica uz niske tro\u0161kove.<\/p>\n<p>Glavne karakteristike i specifikacije:<\/p>\n<ul class=\"KsbFXc U6u95\" data-complete=\"true\" data-processed=\"true\">\n<li class=\"dF3vjf\" data-hveid=\"CAEIBRAA\" data-complete=\"true\" data-sae=\"\"><span class=\"T286Pc\" data-sfc-cp=\"\" data-complete=\"true\"><strong class=\"Yjhzub\" data-complete=\"true\">Funkcije:<\/strong>\u00a0\u0160tampanje, kopiranje i skeniranje (3-u-1).<\/span><\/li>\n<li class=\"dF3vjf\" data-hveid=\"CAEIBRAB\" data-complete=\"true\" data-sae=\"\"><span class=\"T286Pc\" data-sfc-cp=\"\" data-complete=\"true\"><strong class=\"Yjhzub\" data-complete=\"true\">Brzina \u0161tampe:<\/strong>\u00a0Do 16 stranica u minuti (mono) i do 9 stranica u minuti (u boji).<\/span><\/li>\n<li class=\"dF3vjf\" data-hveid=\"CAEIBRAC\" data-complete=\"true\" data-sae=\"\"><span class=\"T286Pc\" data-sfc-cp=\"\" data-complete=\"true\"><strong class=\"Yjhzub\" data-complete=\"true\">Rezolucija:<\/strong>\u00a0Visoka rezolucija \u0161tampe do 1.200 x 6.000 dpi.<\/span><\/li>\n<li class=\"dF3vjf\" data-hveid=\"CAEIBRAD\" data-complete=\"true\" data-sae=\"\"><span class=\"T286Pc\" data-sfc-cp=\"\" data-complete=\"true\"><strong class=\"Yjhzub\" data-complete=\"true\">Kapacitet papira:<\/strong>\u00a0Standardna ladica mo\u017ee primiti do 150 listova.<\/span><\/li>\n<li class=\"dF3vjf\" data-hveid=\"CAEIBRAE\" data-complete=\"true\" data-sae=\"\"><span class=\"T286Pc\" data-sfc-cp=\"\" data-complete=\"true\"><strong class=\"Yjhzub\" data-complete=\"true\">Povezivanje:<\/strong>\u00a0Isklju\u010divo putem\u00a0<strong class=\"Yjhzub\" data-complete=\"true\">Hi-Speed USB 2.0<\/strong>\u00a0porta; ovaj model nema ugra\u0111en Wi-Fi.<\/span><\/li>\n<li class=\"dF3vjf\" data-hveid=\"CAEIBRAF\" data-complete=\"true\" data-sae=\"\"><span class=\"T286Pc\" data-sfc-cp=\"\" data-complete=\"true\"><strong class=\"Yjhzub\" data-complete=\"true\">Memorija:<\/strong>\u00a0Ure\u0111aj posjeduje 64 MB interne memorije.<\/span><\/li>\n<li class=\"dF3vjf\" data-hveid=\"CAEIBRAG\" data-complete=\"true\" data-sae=\"\"><span class=\"T286Pc\" data-sfc-cp=\"\" data-complete=\"true\"><strong class=\"Yjhzub\" data-complete=\"true\">Garancija:<\/strong> 3 godine.<\/span><span class=\"uJ19be notranslate\" data-wiz-uids=\"JxkH0d_1l,JxkH0d_1m\" data-complete=\"true\"><span class=\"vKEkVd\" data-animation-atomic=\"\" data-wiz-attrbind=\"class=JxkH0d_1k\/TKHnVd\" data-sae=\"\"><span aria-hidden=\"true\" aria-owns=\"action-menu-parent-container\">\u00a0<\/span><\/span><\/span><\/li>\n<\/ul>\n","protected":false},"featured_media":52574,"template":"","meta":[],"product_cat":[1023,440,444],"product_tag":[],"class_list":{"0":"post-52573","1":"product","2":"type-product","3":"status-publish","4":"has-post-thumbnail","6":"product_cat-brother","7":"product_cat-ct-printerij","8":"product_cat-ct-printmfpij","9":"pa_brend-printeri-ink-jet","11":"first","12":"instock","13":"shipping-taxable","14":"purchasable","15":"product-type-simple"},"_links":{"self":[{"href":"https:\/\/techstore.ba\/shop\/wp-json\/wp\/v2\/product\/52573","targetHints":{"allow":["GET"]}}],"collection":[{"href":"https:\/\/techstore.ba\/shop\/wp-json\/wp\/v2\/product"}],"about":[{"href":"https:\/\/techstore.ba\/shop\/wp-json\/wp\/v2\/types\/product"}],"wp:featuredmedia":[{"embeddable":true,"href":"https:\/\/techstore.ba\/shop\/wp-json\/wp\/v2\/media\/52574"}],"wp:attachment":[{"href":"https:\/\/techstore.ba\/shop\/wp-json\/wp\/v2\/media?parent=52573"}],"wp:term":[{"taxonomy":"product_cat","embeddable":true,"href":"https:\/\/techstore.ba\/shop\/wp-json\/wp\/v2\/product_cat?post=52573"},{"taxonomy":"product_tag","embeddable":true,"href":"https:\/\/techstore.ba\/shop\/wp-json\/wp\/v2\/product_tag?post=52573"}],"curies":[{"name":"wp","href":"https:\/\/api.w.org\/{rel}","templated":true}]}}