{"id":52530,"date":"2026-02-25T10:42:28","date_gmt":"2026-02-25T09:42:28","guid":{"rendered":"https:\/\/techstore.ba\/shop\/?post_type=product&#038;p=52530"},"modified":"2026-02-25T10:42:29","modified_gmt":"2026-02-25T09:42:29","slug":"apple-iphone-kabal-60w-1m-type-c-na-type-c","status":"publish","type":"product","link":"https:\/\/techstore.ba\/shop\/product\/apple-iphone-kabal-60w-1m-type-c-na-type-c\/","title":{"rendered":"Apple Iphone kabal 60w 1m Type-c na Type-c"},"content":{"rendered":"","protected":false},"excerpt":{"rendered":"<p><span class=\"T286Pc\" data-sfc-cp=\"\" data-complete=\"true\"><strong class=\"Yjhzub\" data-complete=\"true\">Apple 60W USB-C Charge Cable (1 m)<\/strong><\/span><\/p>\n<ul class=\"KsbFXc U6u95\" data-complete=\"true\">\n<li class=\"dF3vjf\" data-hveid=\"CAUQAQ\" data-complete=\"true\" data-sae=\"\"><span class=\"T286Pc\" data-sfc-cp=\"\" data-complete=\"true\"><strong class=\"Yjhzub\" data-complete=\"true\">Dizajn:<\/strong>\u00a0Pleteni (woven) materijal sa USB-C konektorima na oba kraja.<\/span><\/li>\n<li class=\"dF3vjf\" data-hveid=\"CAUQAg\" data-complete=\"true\" data-sae=\"\"><span class=\"T286Pc\" data-sfc-cp=\"\" data-complete=\"true\"><strong class=\"Yjhzub\" data-complete=\"true\">Performanse:<\/strong>\u00a0Podr\u017eava brzo punjenje do 60W i prenos podataka do 480 Mbps (USB 2.0).<\/span><\/li>\n<li class=\"dF3vjf\" data-hveid=\"CAUQAw\" data-complete=\"true\" data-sae=\"\"><span class=\"T286Pc\" data-sfc-cp=\"\" data-complete=\"true\"><strong class=\"Yjhzub\" data-complete=\"true\">Kompatibilnost:<\/strong>\u00a0Radi sa svim iPhone 15 i iPhone 16 modelima, kao i sa novijim iPad i Mac ure\u0111ajima.<\/span><\/li>\n<li class=\"dF3vjf\" data-hveid=\"CAUQBA\" data-complete=\"true\" data-sae=\"\"><span class=\"T286Pc\" data-sfc-cp=\"\" data-complete=\"true\"><strong class=\"Yjhzub\" data-complete=\"true\">Napomena:<\/strong>\u00a0Apple preporu\u010duje kori\u0161tenje originalnih ili sertifikovanih punja\u010da kako bi se osigurala sigurnost i optimalna brzina punjenja.<\/span><span class=\"uJ19be notranslate\" data-wiz-uids=\"q5GMP_1h,q5GMP_1i\" data-complete=\"true\"><span class=\"vKEkVd\" data-animation-atomic=\"\" data-wiz-attrbind=\"class=q5GMP_1g\/TKHnVd\" data-sae=\"\"><span aria-hidden=\"true\" aria-owns=\"action-menu-parent-container\">\u00a0<\/span><\/span><\/span><\/li>\n<\/ul>\n","protected":false},"featured_media":52531,"template":"","meta":[],"product_cat":[354,1008,894],"product_tag":[],"class_list":{"0":"post-52530","1":"product","2":"type-product","3":"status-publish","4":"has-post-thumbnail","6":"product_brand-apple","7":"product_cat-ct-kablovi","8":"product_cat-punjaci-za-telefone","9":"product_cat-smart-uredjaji-oprema","10":"pa_brend-apple","12":"first","13":"instock","14":"shipping-taxable","15":"purchasable","16":"product-type-simple"},"_links":{"self":[{"href":"https:\/\/techstore.ba\/shop\/wp-json\/wp\/v2\/product\/52530","targetHints":{"allow":["GET"]}}],"collection":[{"href":"https:\/\/techstore.ba\/shop\/wp-json\/wp\/v2\/product"}],"about":[{"href":"https:\/\/techstore.ba\/shop\/wp-json\/wp\/v2\/types\/product"}],"wp:featuredmedia":[{"embeddable":true,"href":"https:\/\/techstore.ba\/shop\/wp-json\/wp\/v2\/media\/52531"}],"wp:attachment":[{"href":"https:\/\/techstore.ba\/shop\/wp-json\/wp\/v2\/media?parent=52530"}],"wp:term":[{"taxonomy":"product_cat","embeddable":true,"href":"https:\/\/techstore.ba\/shop\/wp-json\/wp\/v2\/product_cat?post=52530"},{"taxonomy":"product_tag","embeddable":true,"href":"https:\/\/techstore.ba\/shop\/wp-json\/wp\/v2\/product_tag?post=52530"}],"curies":[{"name":"wp","href":"https:\/\/api.w.org\/{rel}","templated":true}]}}