{"id":52300,"date":"2026-02-18T19:21:49","date_gmt":"2026-02-18T18:21:49","guid":{"rendered":"https:\/\/techstore.ba\/shop\/product\/asus-rog-strix-scope-ii-mehanicka-tastatura-zicana\/"},"modified":"2026-04-04T11:52:55","modified_gmt":"2026-04-04T09:52:55","slug":"asus-rog-strix-scope-ii-mehanicka-tastatura-zicana","status":"publish","type":"product","link":"https:\/\/techstore.ba\/shop\/product\/asus-rog-strix-scope-ii-mehanicka-tastatura-zicana\/","title":{"rendered":"Asus ROG Strix Scope II, mehani\u010dka tastatura, \u017ei\u010dana"},"content":{"rendered":"","protected":false},"excerpt":{"rendered":"<p>Asus ROG Strix Scope II, mehani\u010dka tastatura, \u017ei\u010dana<\/p>\n","protected":false},"featured_media":52513,"template":"","meta":[],"product_cat":[582,1015,1017,506],"product_tag":[],"class_list":{"0":"post-52300","1":"product","2":"type-product","3":"status-publish","4":"has-post-thumbnail","6":"product_cat-brend-asus","7":"product_cat-gaming-periferija","8":"product_cat-gaming-tastature","9":"product_cat-ct-tastature","10":"pa_brend-tastature","12":"first","13":"instock","14":"shipping-taxable","15":"purchasable","16":"product-type-simple"},"_links":{"self":[{"href":"https:\/\/techstore.ba\/shop\/wp-json\/wp\/v2\/product\/52300","targetHints":{"allow":["GET"]}}],"collection":[{"href":"https:\/\/techstore.ba\/shop\/wp-json\/wp\/v2\/product"}],"about":[{"href":"https:\/\/techstore.ba\/shop\/wp-json\/wp\/v2\/types\/product"}],"wp:featuredmedia":[{"embeddable":true,"href":"https:\/\/techstore.ba\/shop\/wp-json\/wp\/v2\/media\/52513"}],"wp:attachment":[{"href":"https:\/\/techstore.ba\/shop\/wp-json\/wp\/v2\/media?parent=52300"}],"wp:term":[{"taxonomy":"product_cat","embeddable":true,"href":"https:\/\/techstore.ba\/shop\/wp-json\/wp\/v2\/product_cat?post=52300"},{"taxonomy":"product_tag","embeddable":true,"href":"https:\/\/techstore.ba\/shop\/wp-json\/wp\/v2\/product_tag?post=52300"}],"curies":[{"name":"wp","href":"https:\/\/api.w.org\/{rel}","templated":true}]}}