{"id":52252,"date":"2026-02-18T18:52:45","date_gmt":"2026-02-18T17:52:45","guid":{"rendered":"https:\/\/techstore.ba\/shop\/product\/sony-vlog-camera-zv-e10-body\/"},"modified":"2026-04-04T11:00:36","modified_gmt":"2026-04-04T09:00:36","slug":"sony-vlog-camera-zv-e10-body","status":"publish","type":"product","link":"https:\/\/techstore.ba\/shop\/product\/sony-vlog-camera-zv-e10-body\/","title":{"rendered":"Sony Vlog-Camera ZV-E10 BODY"},"content":{"rendered":"<h3>Specifikacije<\/h3>\n<table style=\"border-collapse:collapse;width:100%\">\n<tr>\n<th style=\"text-align:left;padding:6px 10px;border:1px solid #eee\">SENSOR_PH<\/th>\n<td style=\"padding:6px 10px;border:1px solid #eee\">CMOS<\/td>\n<\/tr>\n<tr>\n<th style=\"text-align:left;padding:6px 10px;border:1px solid #eee\">RESOLUTION_PH<\/th>\n<td style=\"padding:6px 10px;border:1px solid #eee\">24Mp<\/td>\n<\/tr>\n<tr>\n<th style=\"text-align:left;padding:6px 10px;border:1px solid #eee\">STABIL_PH<\/th>\n<td style=\"padding:6px 10px;border:1px solid #eee\">Ne<\/td>\n<\/tr>\n<tr>\n<th style=\"text-align:left;padding:6px 10px;border:1px solid #eee\">VIDEO_PH<\/th>\n<td style=\"padding:6px 10px;border:1px solid #eee\">UHD\/4K<\/td>\n<\/tr>\n<\/table>\n","protected":false},"excerpt":{"rendered":"<p>Sony Vlog-Camera ZV-E10 BODY; punjiva baterija NP-FW50; mogu\u010dnost \u0161irokog raspona objektiva za E-priklju\u010dak; senzor APS-C; snimanje 4K; automacki fokus; 3 mikrofona; baterija do 125 minuta snimanja ili 440 slika; boja crna<\/p>\n","protected":false},"featured_media":52253,"template":"","meta":[],"product_cat":[318,561],"product_tag":[],"class_list":{"0":"post-52252","1":"product","2":"type-product","3":"status-publish","4":"has-post-thumbnail","6":"product_cat-ct-digitcam","7":"product_cat-brend-sony","8":"pa_brend-foto-digitalne-kamere","10":"first","11":"instock","12":"shipping-taxable","13":"purchasable","14":"product-type-simple"},"_links":{"self":[{"href":"https:\/\/techstore.ba\/shop\/wp-json\/wp\/v2\/product\/52252","targetHints":{"allow":["GET"]}}],"collection":[{"href":"https:\/\/techstore.ba\/shop\/wp-json\/wp\/v2\/product"}],"about":[{"href":"https:\/\/techstore.ba\/shop\/wp-json\/wp\/v2\/types\/product"}],"wp:featuredmedia":[{"embeddable":true,"href":"https:\/\/techstore.ba\/shop\/wp-json\/wp\/v2\/media\/52253"}],"wp:attachment":[{"href":"https:\/\/techstore.ba\/shop\/wp-json\/wp\/v2\/media?parent=52252"}],"wp:term":[{"taxonomy":"product_cat","embeddable":true,"href":"https:\/\/techstore.ba\/shop\/wp-json\/wp\/v2\/product_cat?post=52252"},{"taxonomy":"product_tag","embeddable":true,"href":"https:\/\/techstore.ba\/shop\/wp-json\/wp\/v2\/product_tag?post=52252"}],"curies":[{"name":"wp","href":"https:\/\/api.w.org\/{rel}","templated":true}]}}