{"id":51936,"date":"2026-02-16T21:00:23","date_gmt":"2026-02-16T20:00:23","guid":{"rendered":"https:\/\/techstore.ba\/shop\/?post_type=product&#038;p=51936"},"modified":"2026-02-16T21:10:10","modified_gmt":"2026-02-16T20:10:10","slug":"logilink-usb-cable-type-a-to-type-b-2m","status":"publish","type":"product","link":"https:\/\/techstore.ba\/shop\/product\/logilink-usb-cable-type-a-to-type-b-2m\/","title":{"rendered":"LogiLink usb cable Type A to Type B 2m"},"content":{"rendered":"<ul class=\"KsbFXc U6u95\" data-complete=\"true\" data-processed=\"true\">\n<li data-hveid=\"CAQQAA\" data-complete=\"true\" data-sae=\"\"><span class=\"T286Pc\" data-sfc-cp=\"\" data-complete=\"true\"><strong class=\"Yjhzub\" data-complete=\"true\">Tip konektora:<\/strong>\u00a0Konektor 1: USB tip A (mu\u0161ki), Konektor 2: USB tip B (mu\u0161ki).<\/span><\/li>\n<li data-hveid=\"CAQQAQ\" data-complete=\"true\" data-sae=\"\"><span class=\"T286Pc\" data-sfc-cp=\"\" data-complete=\"true\"><strong class=\"Yjhzub\" data-complete=\"true\">Du\u017eina kabla:<\/strong>\u00a02 metra.<\/span><\/li>\n<li data-hveid=\"CAQQAg\" data-complete=\"true\" data-sae=\"\"><span class=\"T286Pc\" data-sfc-cp=\"\" data-complete=\"true\"><strong class=\"Yjhzub\" data-complete=\"true\">Verzija USB-a:<\/strong>\u00a0USB 2.0 Hi-Speed.<\/span><\/li>\n<li data-hveid=\"CAQQAw\" data-complete=\"true\" data-sae=\"\"><span class=\"T286Pc\" data-sfc-cp=\"\" data-complete=\"true\"><strong class=\"Yjhzub\" data-complete=\"true\">Brzina prijenosa podataka:<\/strong>\u00a0Maksimalno 480 Mbps.<\/span><\/li>\n<li data-hveid=\"CAQQBA\" data-complete=\"true\" data-sae=\"\"><span class=\"T286Pc\" data-sfc-cp=\"\" data-complete=\"true\"><strong class=\"Yjhzub\" data-complete=\"true\">Ostale specifikacije:<\/strong>\u00a0UL-2725, AWG 30.<\/span><\/li>\n<li data-hveid=\"CAQQBQ\" data-complete=\"true\" data-sae=\"\"><span class=\"T286Pc\" data-sfc-cp=\"\" data-complete=\"true\"><strong class=\"Yjhzub\" data-complete=\"true\">Boja:<\/strong>\u00a0Crna.<\/span><\/li>\n<li data-hveid=\"CAQQBg\" data-complete=\"true\" data-sae=\"\"><span class=\"T286Pc\" data-sfc-cp=\"\" data-complete=\"true\"><strong class=\"Yjhzub\" data-complete=\"true\">\u0160ifra proizvoda (SKU):<\/strong>\u00a0CU0007 ili CU0007B.<\/span><span class=\"uJ19be notranslate\" data-wiz-uids=\"Cr2mH_19,Cr2mH_1a\" data-complete=\"true\"><span class=\"vKEkVd\" data-animation-atomic=\"\" data-wiz-attrbind=\"class=Cr2mH_18\/TKHnVd\" data-sae=\"\"><span aria-hidden=\"true\" aria-owns=\"action-menu-parent-container\">\u00a0<\/span><\/span><\/span><\/li>\n<\/ul>\n","protected":false},"excerpt":{"rendered":"<p>Tip konektora:\u00a0Konektor 1: USB tip A (mu\u0161ki), Konektor 2: USB tip B (mu\u0161ki). Du\u017eina kabla:\u00a02 metra. Verzija USB-a:\u00a0USB 2.0 Hi-Speed. Brzina prijenosa podataka:\u00a0Maksimalno 480 Mbps. Ostale specifikacije:\u00a0UL-2725, AWG 30. Boja:\u00a0Crna. \u0160ifra proizvoda (SKU):\u00a0CU0007 ili CU0007B.\u00a0<\/p>\n","protected":false},"featured_media":51937,"template":"","meta":[],"product_cat":[354,949],"product_tag":[],"class_list":{"0":"post-51936","1":"product","2":"type-product","3":"status-publish","4":"has-post-thumbnail","6":"product_cat-ct-kablovi","7":"product_cat-logilink","8":"pa_brend-kablovi","10":"first","11":"instock","12":"shipping-taxable","13":"purchasable","14":"product-type-simple"},"_links":{"self":[{"href":"https:\/\/techstore.ba\/shop\/wp-json\/wp\/v2\/product\/51936","targetHints":{"allow":["GET"]}}],"collection":[{"href":"https:\/\/techstore.ba\/shop\/wp-json\/wp\/v2\/product"}],"about":[{"href":"https:\/\/techstore.ba\/shop\/wp-json\/wp\/v2\/types\/product"}],"wp:featuredmedia":[{"embeddable":true,"href":"https:\/\/techstore.ba\/shop\/wp-json\/wp\/v2\/media\/51937"}],"wp:attachment":[{"href":"https:\/\/techstore.ba\/shop\/wp-json\/wp\/v2\/media?parent=51936"}],"wp:term":[{"taxonomy":"product_cat","embeddable":true,"href":"https:\/\/techstore.ba\/shop\/wp-json\/wp\/v2\/product_cat?post=51936"},{"taxonomy":"product_tag","embeddable":true,"href":"https:\/\/techstore.ba\/shop\/wp-json\/wp\/v2\/product_tag?post=51936"}],"curies":[{"name":"wp","href":"https:\/\/api.w.org\/{rel}","templated":true}]}}