{"id":51919,"date":"2026-02-16T19:19:07","date_gmt":"2026-02-16T18:19:07","guid":{"rendered":"https:\/\/techstore.ba\/shop\/?post_type=product&#038;p=51919"},"modified":"2026-02-16T19:19:08","modified_gmt":"2026-02-16T18:19:08","slug":"logilink-modularni-spojnik-utp","status":"publish","type":"product","link":"https:\/\/techstore.ba\/shop\/product\/logilink-modularni-spojnik-utp\/","title":{"rendered":"LogiLink modularni spojnik UTP"},"content":{"rendered":"<ul class=\"KsbFXc U6u95\" data-complete=\"true\" data-processed=\"true\">\n<li data-hveid=\"CAQQAA\" data-complete=\"true\" data-sae=\"\"><span class=\"T286Pc\" data-sfc-cp=\"\" data-complete=\"true\"><strong class=\"Yjhzub\" data-complete=\"true\">Funkcija<\/strong>: Ovaj modularni in-line spojnik (coupler) omogu\u0107ava jednostavno i pouzdano spajanje dva standardna\u00a0<strong class=\"Yjhzub\" data-complete=\"true\">RJ45<\/strong>\u00a0mre\u017ena kabla, efikasno ih pretvaraju\u0107i u jedan du\u017ei kabl bez potrebe za sje\u010denjem ili novim terminiranjem.<\/span><\/li>\n<li data-hveid=\"CAQQAQ\" data-complete=\"true\" data-sae=\"\"><span class=\"T286Pc\" data-sfc-cp=\"\" data-complete=\"true\"><strong class=\"Yjhzub\" data-complete=\"true\">Kompatibilnost<\/strong>: Dizajniran je za upotrebu sa UTP (neoklopljenim) i STP (oklopljenim) kablovima, pru\u017eaju\u0107i svestranost za razli\u010dite mre\u017ene postavke.<\/span><\/li>\n<li data-hveid=\"CAQQAg\" data-complete=\"true\" data-sae=\"\"><span class=\"T286Pc\" data-sfc-cp=\"\" data-complete=\"true\"><strong class=\"Yjhzub\" data-complete=\"true\">Upotreba<\/strong>: Idealan je za situacije kada postoji potreba za produ\u017eavanjem postoje\u0107eg mre\u017enog kabla, na primjer u ku\u0107nim ili uredskim mre\u017eama, bez gubitka kvalitete signala.<\/span><\/li>\n<li data-hveid=\"CAQQAw\" data-complete=\"true\" data-sae=\"\"><span class=\"T286Pc\" data-sfc-cp=\"\" data-complete=\"true\"><strong class=\"Yjhzub\" data-complete=\"true\">Materijal\/Dizajn<\/strong>: Ure\u0111aj je obi\u010dno kompaktan i napravljen od izdr\u017eljive plastike, \u010desto u bijeloj boji, kako bi se uklopio u standardnu mre\u017enu opremu.<\/span><\/li>\n<li data-hveid=\"CAQQBA\" data-complete=\"true\" data-sae=\"\"><span class=\"T286Pc\" data-sfc-cp=\"\" data-complete=\"true\"><strong class=\"Yjhzub\" data-complete=\"true\">Instalacija<\/strong>: Instalacija je vrlo jednostavna: samo se ubodu krajevi dva mre\u017ena kabla u za to predvi\u0111ene RJ45 portove na spojniku.<\/span><\/li>\n<\/ul>\n","protected":false},"excerpt":{"rendered":"<p>Funkcija: Ovaj modularni in-line spojnik (coupler) omogu\u0107ava jednostavno i pouzdano spajanje dva standardna\u00a0RJ45\u00a0mre\u017ena kabla, efikasno ih pretvaraju\u0107i u jedan du\u017ei kabl bez potrebe za sje\u010denjem ili novim terminiranjem. Kompatibilnost: Dizajniran je za upotrebu sa UTP (neoklopljenim) i STP (oklopljenim) kablovima, pru\u017eaju\u0107i svestranost za razli\u010dite mre\u017ene postavke. Upotreba: Idealan je za situacije kada postoji potreba za [&hellip;]<\/p>\n","protected":false},"featured_media":51920,"template":"","meta":[],"product_cat":[861,354,949,394],"product_tag":[],"class_list":{"0":"post-51919","1":"product","2":"type-product","3":"status-publish","4":"has-post-thumbnail","6":"product_cat-internet-kablovi","7":"product_cat-ct-kablovi","8":"product_cat-logilink","9":"product_cat-ct-networkacc","10":"pa_brend-kablovi","12":"first","13":"instock","14":"shipping-taxable","15":"purchasable","16":"product-type-simple"},"_links":{"self":[{"href":"https:\/\/techstore.ba\/shop\/wp-json\/wp\/v2\/product\/51919","targetHints":{"allow":["GET"]}}],"collection":[{"href":"https:\/\/techstore.ba\/shop\/wp-json\/wp\/v2\/product"}],"about":[{"href":"https:\/\/techstore.ba\/shop\/wp-json\/wp\/v2\/types\/product"}],"wp:featuredmedia":[{"embeddable":true,"href":"https:\/\/techstore.ba\/shop\/wp-json\/wp\/v2\/media\/51920"}],"wp:attachment":[{"href":"https:\/\/techstore.ba\/shop\/wp-json\/wp\/v2\/media?parent=51919"}],"wp:term":[{"taxonomy":"product_cat","embeddable":true,"href":"https:\/\/techstore.ba\/shop\/wp-json\/wp\/v2\/product_cat?post=51919"},{"taxonomy":"product_tag","embeddable":true,"href":"https:\/\/techstore.ba\/shop\/wp-json\/wp\/v2\/product_tag?post=51919"}],"curies":[{"name":"wp","href":"https:\/\/api.w.org\/{rel}","templated":true}]}}