{"id":51722,"date":"2026-02-16T12:37:26","date_gmt":"2026-02-16T11:37:26","guid":{"rendered":"https:\/\/techstore.ba\/shop\/product\/tesla-klima-tt67x81-2432a\/"},"modified":"2026-02-16T12:42:31","modified_gmt":"2026-02-16T11:42:31","slug":"tesla-klima-tt67x81-2432a","status":"publish","type":"product","link":"https:\/\/techstore.ba\/shop\/product\/tesla-klima-tt67x81-2432a\/","title":{"rendered":"TESLA Klima TT67X81-2432A"},"content":{"rendered":"","protected":false},"excerpt":{"rendered":"<p>On\/Off, R32, Snaga 7.0kW, kapacitet 24000Btu, Energetska klasa A, kapacitet hla\u0111enja 6,45kW, grijanja 6,74kW, COP 3.61, EER 3.21, radni opseg hla\u0111enje od15Cdo43C, grijanja od -7Cdo24C pogodno za prostore od 27 do 45m2, WiFi nije ugra\u0111en.<\/p>\n","protected":false},"featured_media":51723,"template":"","meta":[],"product_cat":[799,845],"product_tag":[],"class_list":{"0":"post-51722","1":"product","2":"type-product","3":"status-publish","4":"has-post-thumbnail","6":"product_cat-ct-klime","7":"product_cat-brend-tesla","8":"pa_brend-klime","10":"first","11":"outofstock","12":"shipping-taxable","13":"purchasable","14":"product-type-simple"},"_links":{"self":[{"href":"https:\/\/techstore.ba\/shop\/wp-json\/wp\/v2\/product\/51722","targetHints":{"allow":["GET"]}}],"collection":[{"href":"https:\/\/techstore.ba\/shop\/wp-json\/wp\/v2\/product"}],"about":[{"href":"https:\/\/techstore.ba\/shop\/wp-json\/wp\/v2\/types\/product"}],"wp:featuredmedia":[{"embeddable":true,"href":"https:\/\/techstore.ba\/shop\/wp-json\/wp\/v2\/media\/51723"}],"wp:attachment":[{"href":"https:\/\/techstore.ba\/shop\/wp-json\/wp\/v2\/media?parent=51722"}],"wp:term":[{"taxonomy":"product_cat","embeddable":true,"href":"https:\/\/techstore.ba\/shop\/wp-json\/wp\/v2\/product_cat?post=51722"},{"taxonomy":"product_tag","embeddable":true,"href":"https:\/\/techstore.ba\/shop\/wp-json\/wp\/v2\/product_tag?post=51722"}],"curies":[{"name":"wp","href":"https:\/\/api.w.org\/{rel}","templated":true}]}}