{"id":51687,"date":"2026-02-16T12:24:47","date_gmt":"2026-02-16T11:24:47","guid":{"rendered":"https:\/\/techstore.ba\/shop\/product\/xiaomi-filter-za-4-compact\/"},"modified":"2026-02-18T18:47:54","modified_gmt":"2026-02-18T17:47:54","slug":"xiaomi-filter-za-4-compact","status":"publish","type":"product","link":"https:\/\/techstore.ba\/shop\/product\/xiaomi-filter-za-4-compact\/","title":{"rendered":"Xiaomi filter za 4 Compact"},"content":{"rendered":"","protected":false},"excerpt":{"rendered":"<p>Xiaomi filter za pre\u010di\u0161\u0107iva\u010d 4 Compact<\/p>\n","protected":false},"featured_media":51688,"template":"","meta":[],"product_cat":[644,554],"product_tag":[],"class_list":{"0":"post-51687","1":"product","2":"type-product","3":"status-publish","4":"has-post-thumbnail","6":"product_cat-ct-airpurifop","7":"product_cat-brend-xiaomi","8":"pa_brend-preciscivaci-zraka-opcije","10":"first","11":"outofstock","12":"shipping-taxable","13":"purchasable","14":"product-type-simple"},"_links":{"self":[{"href":"https:\/\/techstore.ba\/shop\/wp-json\/wp\/v2\/product\/51687","targetHints":{"allow":["GET"]}}],"collection":[{"href":"https:\/\/techstore.ba\/shop\/wp-json\/wp\/v2\/product"}],"about":[{"href":"https:\/\/techstore.ba\/shop\/wp-json\/wp\/v2\/types\/product"}],"wp:featuredmedia":[{"embeddable":true,"href":"https:\/\/techstore.ba\/shop\/wp-json\/wp\/v2\/media\/51688"}],"wp:attachment":[{"href":"https:\/\/techstore.ba\/shop\/wp-json\/wp\/v2\/media?parent=51687"}],"wp:term":[{"taxonomy":"product_cat","embeddable":true,"href":"https:\/\/techstore.ba\/shop\/wp-json\/wp\/v2\/product_cat?post=51687"},{"taxonomy":"product_tag","embeddable":true,"href":"https:\/\/techstore.ba\/shop\/wp-json\/wp\/v2\/product_tag?post=51687"}],"curies":[{"name":"wp","href":"https:\/\/api.w.org\/{rel}","templated":true}]}}