{"id":51651,"date":"2026-02-16T11:21:12","date_gmt":"2026-02-16T10:21:12","guid":{"rendered":"https:\/\/techstore.ba\/shop\/?post_type=product&#038;p=51651"},"modified":"2026-02-16T13:13:53","modified_gmt":"2026-02-16T12:13:53","slug":"gigatech-hdmi-kabal-5m","status":"publish","type":"product","link":"https:\/\/techstore.ba\/shop\/product\/gigatech-hdmi-kabal-5m\/","title":{"rendered":"GIGATECH HDMI KABAL 5m"},"content":{"rendered":"<div class=\"flex flex-col text-sm pb-25\">\n<article class=\"text-token-text-primary w-full focus:outline-none [--shadow-height:45px] has-data-writing-block:pointer-events-none has-data-writing-block:-mt-(--shadow-height) has-data-writing-block:pt-(--shadow-height) [&amp;:has([data-writing-block])&gt;*]:pointer-events-auto scroll-mt-[calc(var(--header-height)+min(200px,max(70px,20svh)))]\" dir=\"auto\" tabindex=\"-1\" data-turn-id=\"request-WEB:49ca8bcf-7ba8-4327-ab0c-da112f2e4436-4\" data-testid=\"conversation-turn-10\" data-scroll-anchor=\"true\" data-turn=\"assistant\">\n<div class=\"text-base my-auto mx-auto pb-10 [--thread-content-margin:--spacing(4)] @w-sm\/main:[--thread-content-margin:--spacing(6)] @w-lg\/main:[--thread-content-margin:--spacing(16)] px-(--thread-content-margin)\">\n<div class=\"[--thread-content-max-width:40rem] @w-lg\/main:[--thread-content-max-width:48rem] mx-auto max-w-(--thread-content-max-width) flex-1 group\/turn-messages focus-visible:outline-hidden relative flex w-full min-w-0 flex-col agent-turn\" tabindex=\"-1\">\n<div class=\"flex max-w-full flex-col grow\">\n<div class=\"min-h-8 text-message relative flex w-full flex-col items-end gap-2 text-start break-words whitespace-normal [.text-message+&amp;]:mt-1\" dir=\"auto\" data-message-author-role=\"assistant\" data-message-id=\"2106cc8a-097a-4a05-9062-8aa8d8c19006\" data-message-model-slug=\"gpt-5-2\">\n<div class=\"flex w-full flex-col gap-1 empty:hidden first:pt-[1px]\">\n<div class=\"markdown prose dark:prose-invert w-full wrap-break-word light markdown-new-styling\">\n<p data-start=\"671\" data-end=\"1019\">Gigatech HDMI kabal du\u017eine 5 metara predstavlja pouzdano rje\u0161enje za situacije kada trebate povezati ure\u0111aje na ve\u0107oj udaljenosti bez gubitka kvaliteta signala. Sa standardnim HDMI priklju\u010dcima sa obje strane, omogu\u0107ava jednostavno i direktno povezivanje ure\u0111aja poput televizora, monitora, projektora, igra\u0107ih konzola, ra\u010dunara i Blu-ray plejera.<\/p>\n<p data-start=\"1021\" data-end=\"1330\">Ovaj kabal podr\u017eava HDMI standarde koji omogu\u0107avaju prenos video i audio signala u visokoj rezoluciji, uklju\u010duju\u0107i 4K\u00a0 prikaz sa \u017eivim bojama i o\u0161trim detaljima. Zahvaljuju\u0107i oklopljenim vodi\u010dima, smanjene su elektromagnetne smetnje, \u0161to doprinosi stabilnijem signalu i boljem kvalitetu slike i zvuka.<\/p>\n<p data-start=\"1332\" data-end=\"1678\">Du\u017eina od 5 metara \u010dini ovaj HDMI kabal idealnim za ku\u0107ne bioskope, konferencijske sale, u\u010dionice i druge prostore gdje je potrebno pouzdano i fleksibilno povezivanje ure\u0111aja bez ograni\u010denja zbog distance. Kabl je izra\u0111en od kvalitetnih materijala, sa \u010dvrstim HDMI konektorima, \u0161to garantuje dugotrajan rad i otpornost na svakodnevno kori\u0161tenje.<\/p>\n<p data-start=\"1680\" data-end=\"1899\" data-is-last-node=\"\" data-is-only-node=\"\">Bez obzira da li \u017eelite gledati filmove, prezentovati sadr\u017eaje ili reprodukovati multimedijalne datoteke na velikom ekranu, Gigatech HDMI kabal od 15 metara predstavlja prakti\u010dno i efikasno rje\u0161enje za sve va\u0161e potrebe.<\/p>\n<\/div>\n<\/div>\n<\/div>\n<\/div>\n<div class=\"z-0 flex min-h-[46px] justify-start\"><\/div>\n<\/div>\n<\/div>\n<\/article>\n<\/div>\n<div class=\"pointer-events-none h-px w-px absolute bottom-0\" aria-hidden=\"true\" data-edge=\"true\"><\/div>\n","protected":false},"excerpt":{"rendered":"<p data-start=\"345\" data-end=\"401\"><strong>Tip kabla:<\/strong> HDMI (High-Definition Multimedia Interface)<\/p>\n<p data-start=\"404\" data-end=\"423\"><strong>Du\u017eina:<\/strong> 5 metara<\/p>\n<p data-start=\"426\" data-end=\"452\"><strong>Konektori:<\/strong> 2\u00d7 mu\u0161ki HDMI<\/p>\n<p data-start=\"455\" data-end=\"504\"><strong>Podr\u017eane rezolucije:<\/strong>\u00a0 HD 4K (3840\u00d72160)<\/p>\n<p data-start=\"507\" data-end=\"537\">Prenos audio i video signala<\/p>\n<p data-start=\"540\" data-end=\"580\">Oklopljeni vodi\u010di za smanjenje smetnji<\/p>\n<p data-start=\"583\" data-end=\"632\">Kompatibilnost sa HDMI-om 1.4 \/ 2.0 standardima<\/p>\n","protected":false},"featured_media":51652,"template":"","meta":[],"product_cat":[856,354],"product_tag":[],"class_list":{"0":"post-51651","1":"product","2":"type-product","3":"status-publish","4":"has-post-thumbnail","6":"product_brand-gigatech","7":"product_cat-hdmi","8":"product_cat-ct-kablovi","9":"pa_brend-gigatech","11":"first","12":"instock","13":"shipping-taxable","14":"purchasable","15":"product-type-simple"},"_links":{"self":[{"href":"https:\/\/techstore.ba\/shop\/wp-json\/wp\/v2\/product\/51651","targetHints":{"allow":["GET"]}}],"collection":[{"href":"https:\/\/techstore.ba\/shop\/wp-json\/wp\/v2\/product"}],"about":[{"href":"https:\/\/techstore.ba\/shop\/wp-json\/wp\/v2\/types\/product"}],"wp:featuredmedia":[{"embeddable":true,"href":"https:\/\/techstore.ba\/shop\/wp-json\/wp\/v2\/media\/51652"}],"wp:attachment":[{"href":"https:\/\/techstore.ba\/shop\/wp-json\/wp\/v2\/media?parent=51651"}],"wp:term":[{"taxonomy":"product_cat","embeddable":true,"href":"https:\/\/techstore.ba\/shop\/wp-json\/wp\/v2\/product_cat?post=51651"},{"taxonomy":"product_tag","embeddable":true,"href":"https:\/\/techstore.ba\/shop\/wp-json\/wp\/v2\/product_tag?post=51651"}],"curies":[{"name":"wp","href":"https:\/\/api.w.org\/{rel}","templated":true}]}}