{"id":51598,"date":"2026-02-14T16:53:21","date_gmt":"2026-02-14T15:53:21","guid":{"rendered":"https:\/\/techstore.ba\/shop\/?post_type=product&#038;p=51598"},"modified":"2026-02-16T15:46:47","modified_gmt":"2026-02-16T14:46:47","slug":"samsung-galaxy-tav-s6-lite-gray-2024","status":"publish","type":"product","link":"https:\/\/techstore.ba\/shop\/product\/samsung-galaxy-tav-s6-lite-gray-2024\/","title":{"rendered":"SAMSUNG GALAXY TAV S6 LITE GRAY (2024)"},"content":{"rendered":"<div class=\"flex flex-col text-sm pb-25\">\n<article class=\"text-token-text-primary w-full focus:outline-none [--shadow-height:45px] has-data-writing-block:pointer-events-none has-data-writing-block:-mt-(--shadow-height) has-data-writing-block:pt-(--shadow-height) [&amp;:has([data-writing-block])&gt;*]:pointer-events-auto scroll-mt-[calc(var(--header-height)+min(200px,max(70px,20svh)))]\" dir=\"auto\" tabindex=\"-1\" data-turn-id=\"request-WEB:5599fff6-b6f7-4a98-81a9-7801c6c5d65f-4\" data-testid=\"conversation-turn-10\" data-scroll-anchor=\"true\" data-turn=\"assistant\">\n<div class=\"text-base my-auto mx-auto pb-10 [--thread-content-margin:--spacing(4)] @w-sm\/main:[--thread-content-margin:--spacing(6)] @w-lg\/main:[--thread-content-margin:--spacing(16)] px-(--thread-content-margin)\">\n<div class=\"[--thread-content-max-width:40rem] @w-lg\/main:[--thread-content-max-width:48rem] mx-auto max-w-(--thread-content-max-width) flex-1 group\/turn-messages focus-visible:outline-hidden relative flex w-full min-w-0 flex-col agent-turn\" tabindex=\"-1\">\n<div class=\"flex max-w-full flex-col grow\">\n<div class=\"min-h-8 text-message relative flex w-full flex-col items-end gap-2 text-start break-words whitespace-normal [.text-message+&amp;]:mt-1\" dir=\"auto\" data-message-author-role=\"assistant\" data-message-id=\"961b9804-b450-457b-a9c7-020e7d3c7bcb\" data-message-model-slug=\"gpt-5-2\">\n<div class=\"flex w-full flex-col gap-1 empty:hidden first:pt-[1px]\">\n<div class=\"markdown prose dark:prose-invert w-full wrap-break-word light markdown-new-styling\">\n<p data-start=\"1156\" data-end=\"1637\"><strong data-start=\"1156\" data-end=\"1198\">Samsung Galaxy Tab S6 Lite (2024) Gray<\/strong> je svestran i mo\u0107an tablet koji objedinjuje produktivnost, zabavu i mobilnost u elegantnom i modernom ure\u0111aju. Sa svojim <strong data-start=\"1320\" data-end=\"1343\">10,4-in\u010dnim ekranom<\/strong> visoke rezolucije, ovaj tablet pru\u017ea jasno\u0107u i detalje prilikom gledanja filmova, pregledavanja fotografija ili rada u aplikacijama. Zaslon je dovoljno veliki da omogu\u0107i udobno \u010ditanje i multitasking, ali i dovoljno kompaktan da se lako koristi u pokretu.<\/p>\n<p data-start=\"1639\" data-end=\"2074\">Performanse ure\u0111aja osigurava <strong data-start=\"1669\" data-end=\"1694\">osmojezgreni procesor<\/strong> u kombinaciji sa 4 GB RAM-a, \u0161to je dovoljno za svakodnevne zadatke poput pregledavanja interneta, rada s dokumentima, gledanja videa i upravljanja vi\u0161e aplikacija istovremeno. Interna memorija od 64 GB ili 128 GB mo\u017ee se dodatno pro\u0161iriti microSD karticom do 1 TB, pa imate dovoljno prostora za fotografije, video zapise, aplikacije i igre.<\/p>\n<p data-start=\"2076\" data-end=\"2439\">Jedna od klju\u010dnih prednosti <strong data-start=\"2104\" data-end=\"2133\">Galaxy Tab S6 Lite (2024)<\/strong> je <strong data-start=\"2137\" data-end=\"2153\">S Pen olovka<\/strong> koja dolazi uz tablet. S Pen omogu\u0107ava precizno pisanje bilje\u0161ki, crtanje, ure\u0111ivanje dokumenata ili jednostavno kreativno izra\u017eavanje bez potrebe za dodatnim punjenjem baterije, \u0161to je posebno korisno studentima, kreatorima ili profesionalcima.<\/p>\n<p data-start=\"2441\" data-end=\"2780\">Velika baterija kapaciteta 7040 mAh osigurava dugotrajnu autonomiju, pa mo\u017eete gledati video sadr\u017eaje ili surfati internetom tokom cijelog dana bez u\u010destalog punjenja. Uz to, zadnja kamera od 8 MP i prednja kamera od 5 MP omogu\u0107avaju snimanje fotografija i video poziva u kvalitetnoj FHD rezoluciji.<\/p>\n<p data-start=\"2782\" data-end=\"3206\">Tablet radi na <strong data-start=\"2797\" data-end=\"2831\">Android 14 operativnom sistemu<\/strong> sa Samsung One UI interfejsom, koji je intuitivan i jednostavan za kori\u0161tenje, a u kombinaciji sa stereo zvu\u010dnicima pru\u017ea odli\u010dan multimedijalni do\u017eivljaj. Lagano aluminijsko ku\u0107i\u0161te u sivoj boji daje mu premium izgled i izdr\u017eljivost, dok je kompaktna veli\u010dina \u010dini odli\u010dnim suputnikom za svakodnevne zadatke, posao, \u0161kolu ili zabavu.<\/p>\n<p data-start=\"3208\" data-end=\"3406\"><strong data-start=\"3208\" data-end=\"3250\">Samsung Galaxy Tab S6 Lite (2024) Gray<\/strong> je idealan izbor za sve koji tra\u017ee pouzdan, funkcionalan i elegantan tablet za rad, u\u010denje i zabavu bez kompromisa.<\/p>\n<\/div>\n<\/div>\n<\/div>\n<\/div>\n<div class=\"z-0 flex min-h-[46px] justify-start\"><\/div>\n<\/div>\n<\/div>\n<\/article>\n<\/div>\n<div class=\"pointer-events-none h-px w-px absolute bottom-0\" aria-hidden=\"true\" data-edge=\"true\"><\/div>\n","protected":false},"excerpt":{"rendered":"<ul>\n<li data-start=\"67\" data-end=\"229\">\n<p data-start=\"69\" data-end=\"229\">Tablet sa 10,4-in\u010dnim TFT LCD ekranom rezolucije 2000 \u00d7 1200 piksela pogodnim za gledanje multimedije i radne aplikacije<\/p>\n<\/li>\n<li data-start=\"230\" data-end=\"404\">\n<p data-start=\"232\" data-end=\"404\">Pokre\u0107e ga osmojezgreni procesor uz 4 GB RAM-a i 64 GB ili 128 GB interne memorije, uz mogu\u0107nost pro\u0161irenja microSD karticom do 1 TB<\/p>\n<\/li>\n<li data-start=\"405\" data-end=\"549\">\n<p data-start=\"407\" data-end=\"549\">Velika baterija kapaciteta 7040 mAh omogu\u0107ava do 13\u201314 sati reprodukcije videa ili surfanja internetom<\/p>\n<\/li>\n<li data-start=\"550\" data-end=\"680\">\n<p data-start=\"552\" data-end=\"680\">Podr\u0161ka za <strong data-start=\"563\" data-end=\"579\">S Pen olovku<\/strong> uklju\u010denu u paket za jednostavno pisanje, crtanje i bilje\u0161ke<\/p>\n<\/li>\n<li data-start=\"681\" data-end=\"824\">\n<p data-start=\"683\" data-end=\"824\">Prednja kamera od 5 MP i zadnja kamera od 8 MP sa automatskim fokusom i mogu\u0107no\u0161\u0107u snimanja FHD videa<\/p>\n<\/li>\n<li data-start=\"825\" data-end=\"973\">\n<p data-start=\"827\" data-end=\"973\">Android 14 operativni sistem sa Samsung One UI interfejsom za intuitivno i responzivno korisni\u010dko iskustvo<\/p>\n<\/li>\n<li data-start=\"974\" data-end=\"1106\">\n<p data-start=\"976\" data-end=\"1106\">Tanak i lagan dizajn sa aluminijskim ku\u0107i\u0161tem u sivoj boji, idealan za svakodnevno no\u0161enje<\/p>\n<\/li>\n<\/ul>\n","protected":false},"featured_media":51599,"template":"","meta":[],"product_cat":[560,762],"product_tag":[],"class_list":{"0":"post-51598","1":"product","2":"type-product","3":"status-publish","4":"has-post-thumbnail","6":"product_brand-samsung","7":"product_cat-brend-samsung","8":"product_cat-tableti","9":"pa_brend-samsung","11":"first","12":"instock","13":"shipping-taxable","14":"purchasable","15":"product-type-simple"},"_links":{"self":[{"href":"https:\/\/techstore.ba\/shop\/wp-json\/wp\/v2\/product\/51598","targetHints":{"allow":["GET"]}}],"collection":[{"href":"https:\/\/techstore.ba\/shop\/wp-json\/wp\/v2\/product"}],"about":[{"href":"https:\/\/techstore.ba\/shop\/wp-json\/wp\/v2\/types\/product"}],"wp:featuredmedia":[{"embeddable":true,"href":"https:\/\/techstore.ba\/shop\/wp-json\/wp\/v2\/media\/51599"}],"wp:attachment":[{"href":"https:\/\/techstore.ba\/shop\/wp-json\/wp\/v2\/media?parent=51598"}],"wp:term":[{"taxonomy":"product_cat","embeddable":true,"href":"https:\/\/techstore.ba\/shop\/wp-json\/wp\/v2\/product_cat?post=51598"},{"taxonomy":"product_tag","embeddable":true,"href":"https:\/\/techstore.ba\/shop\/wp-json\/wp\/v2\/product_tag?post=51598"}],"curies":[{"name":"wp","href":"https:\/\/api.w.org\/{rel}","templated":true}]}}