{"id":51526,"date":"2026-02-13T20:02:32","date_gmt":"2026-02-13T19:02:32","guid":{"rendered":"https:\/\/techstore.ba\/shop\/?post_type=product&#038;p=51526"},"modified":"2026-02-16T15:52:42","modified_gmt":"2026-02-16T14:52:42","slug":"hp-victus-15-fb3005nm-2","status":"publish","type":"product","link":"https:\/\/techstore.ba\/shop\/product\/hp-victus-15-fb3005nm-2\/","title":{"rendered":"HP VICTUS 15-fb3005nm"},"content":{"rendered":"<div class=\"AdPoic\" role=\"heading\" aria-level=\"3\" data-animation-nesting=\"\" data-sfc-cp=\"\" data-complete=\"true\" data-processed=\"true\" data-sae=\"\">Dominirajte Igrama uz HP Victus 15-fb3005nm<button class=\"rBl3me\" tabindex=\"0\" data-amic=\"true\" data-icl-uuid=\"0a5748b2-8758-4db9-b5d3-716d1c8d0f25\" aria-label=\"View related links\" data-wiz-attrbind=\"disabled=pMqx0b_21\/C5gNJc;aria-label=pMqx0b_21\/bOjMyf;class=pMqx0b_21\/UpSNec\" data-ved=\"2ahUKEwisuKumk9eSAxUH0AIHHc7TPKIQye0OegYIAQgGEAA\"><\/button><\/div>\n<div class=\"Y3BBE\" data-sfc-cp=\"\" data-hveid=\"CAEIBxAA\" data-complete=\"true\" data-processed=\"true\">Uronite u svijet gaminga sa stilom uz\u00a0<strong class=\"Yjhzub\" data-complete=\"true\">HP Victus 15-fb3005nm<\/strong>, laptopom dizajniranim da pru\u017ei impresivne performanse i beskompromisno iskustvo igranja. Ovaj ure\u0111aj spaja mo\u0107an hardver sa elegantnim dizajnom, stvaraju\u0107i savr\u0161enu platformu za savladavanje najnovijih igara.<button class=\"rBl3me\" tabindex=\"0\" data-amic=\"true\" data-icl-uuid=\"b3986c1b-ad94-4e0f-bc04-7757fc45da4f\" aria-label=\"View related links\" data-wiz-attrbind=\"disabled=pMqx0b_26\/C5gNJc;aria-label=pMqx0b_26\/bOjMyf;class=pMqx0b_26\/UpSNec\" data-ved=\"2ahUKEwisuKumk9eSAxUH0AIHHc7TPKIQye0OegYIAQgHEAE\"><\/button><\/div>\n<p><span class=\"T286Pc\" data-sfc-cp=\"\" data-complete=\"true\"><strong class=\"Yjhzub\" data-complete=\"true\">Procesor visokih performansi<\/strong>: Pokretan\u00a0<strong class=\"Yjhzub\" data-complete=\"true\">AMD Ryzen\u2122 7 7445HS procesorom<\/strong>\u00a0sa 6 jezgara, ovaj laptop nudi izuzetnu brzinu i odzivnost, omogu\u0107avaju\u0107i vam da lako prelazite izme\u0111u intenzivnog igranja, obavljanja vi\u0161e zadataka istovremeno i zahtjevnih kreativnih projekata.<\/span><\/p>\n<p><span class=\"T286Pc\" data-sfc-cp=\"\" data-complete=\"true\"><strong class=\"Yjhzub\" data-complete=\"true\">Realisti\u010dna grafika<\/strong>: Sa\u00a0<strong class=\"Yjhzub\" data-complete=\"true\">NVIDIA\u00ae GeForce RTX\u2122 3050 Laptop GPU-om<\/strong>\u00a0(sa 6 GB namjenske GDDR6 memorije), u\u017eiva\u0107ete u zapanjuju\u0107im vizualima sa ray tracingom i fluidnim frejmratovima. Ova grafi\u010dka kartica pru\u017ea snagu potrebnu za igranje modernih igara u Full HD rezoluciji.<\/span><\/p>\n<p><span class=\"T286Pc\" data-sfc-cp=\"\" data-complete=\"true\"><strong class=\"Yjhzub\" data-complete=\"true\">Ekran spreman za akciju<\/strong>:\u00a0<strong class=\"Yjhzub\" data-complete=\"true\">15.6-in\u010dni Full HD ekran<\/strong>\u00a0sa\u00a0<strong class=\"Yjhzub\" data-complete=\"true\">144 Hz<\/strong>\u00a0brzinom osvje\u017eavanja smanjuje ka\u0161njenje i zamu\u0107enje pokreta, pru\u017eaju\u0107i vam konkurentsku prednost u brzim scenama. IPS panel osigurava \u017eivopisne boje i \u0161iroke uglove gledanja.<\/span><\/p>\n<p><span class=\"T286Pc\" data-sfc-cp=\"\" data-complete=\"true\"><strong class=\"Yjhzub\" data-complete=\"true\">Brza memorija i pohrana<\/strong>:\u00a0<strong class=\"Yjhzub\" data-complete=\"true\">16 GB DDR5 RAM-a<\/strong>\u00a0garantuje brzo u\u010ditavanje i neometan rad, dok munjevito brzi\u00a0<strong class=\"Yjhzub\" data-complete=\"true\">512 GB PCIe\u00ae Gen4 NVMe\u2122 M.2 SSD<\/strong>\u00a0osigurava da se sistem i igre pokre\u0107u u tren oka.<\/span><\/p>\n<p><span class=\"T286Pc\" data-sfc-cp=\"\" data-complete=\"true\"><strong class=\"Yjhzub\" data-complete=\"true\">Moderan dizajn<\/strong>: Victus 15 ima minimalisti\u010dki, elegantan dizajn u &#8220;Mica Silver&#8221; boji, sa \u010dvrstom, ali laganom plasti\u010dnom konstrukcijom koja je i izdr\u017eljiva i prenosiva. Tastatura sa pozadinskim osvjetljenjem dodaje da\u0161ak stila i omogu\u0107ava igranje u uslovima slabijeg osvjetljenja.<\/span><\/p>\n<p><span class=\"T286Pc\" data-sfc-cp=\"\" data-complete=\"true\"><strong class=\"Yjhzub\" data-complete=\"true\">Povezivost bez zastoja<\/strong>: Ostanite povezani uz\u00a0<strong class=\"Yjhzub\" data-complete=\"true\">Wi-Fi 6<\/strong>\u00a0i Bluetooth\u00ae 5.4, kao i\u00a0<strong class=\"Yjhzub\" data-complete=\"true\">Gigabit Ethernet<\/strong>\u00a0port, osiguravaju\u0107i stabilnu i brzu mre\u017enu vezu za online igranje i streaming.<\/span><\/p>\n","protected":false},"excerpt":{"rendered":"<table class=\"NRefec\" data-animation-nesting=\"\" data-sae=\"\">\n<tbody>\n<tr class=\"cZCYO\" data-sfc-cp=\"\" data-complete=\"true\">\n<th class=\"iry6k\" colspan=\"undefined\" data-sfc-cp=\"\" data-complete=\"true\"><strong class=\"Yjhzub\" data-complete=\"true\">Komponenta<\/strong><button class=\"rBl3me\" tabindex=\"0\" data-amic=\"true\" data-icl-uuid=\"cf966e7d-7b2a-472e-bba3-442160879efc\" aria-label=\"View related links\" data-wiz-attrbind=\"disabled=nhqfzf_o\/C5gNJc;aria-label=nhqfzf_o\/bOjMyf;class=nhqfzf_o\/UpSNec\" data-ved=\"2ahUKEwjY0fyvk9eSAxXu0gIHHefDAXQQye0OegYIAQgDEAE\"><\/button><\/th>\n<th class=\"iry6k\" colspan=\"undefined\" data-sfc-cp=\"\" data-complete=\"true\"><strong class=\"Yjhzub\" data-complete=\"true\">Detalj<\/strong><\/th>\n<\/tr>\n<tr class=\"cZCYO\" data-sfc-cp=\"\" data-complete=\"true\">\n<td class=\"cOeeGf\" colspan=\"undefined\" data-sfc-cp=\"\" data-complete=\"true\"><strong class=\"Yjhzub\" data-complete=\"true\">Procesor<\/strong><\/td>\n<td class=\"cOeeGf\" colspan=\"undefined\" data-sfc-cp=\"\" data-complete=\"true\">AMD Ryzen\u2122 7 7445HS (6 jezgri, do 4.7 GHz max boost takt)<\/td>\n<\/tr>\n<tr class=\"cZCYO\" data-sfc-cp=\"\" data-complete=\"true\">\n<td class=\"cOeeGf\" colspan=\"undefined\" data-sfc-cp=\"\" data-complete=\"true\"><strong class=\"Yjhzub\" data-complete=\"true\">Grafika<\/strong><\/td>\n<td class=\"cOeeGf\" colspan=\"undefined\" data-sfc-cp=\"\" data-complete=\"true\">NVIDIA\u00ae GeForce RTX\u2122 3050 sa 6 GB GDDR6 memorije<\/td>\n<\/tr>\n<tr class=\"cZCYO\" data-sfc-cp=\"\" data-complete=\"true\">\n<td class=\"cOeeGf\" colspan=\"undefined\" data-sfc-cp=\"\" data-complete=\"true\"><strong class=\"Yjhzub\" data-complete=\"true\">Memorija (RAM)<\/strong><\/td>\n<td class=\"cOeeGf\" colspan=\"undefined\" data-sfc-cp=\"\" data-complete=\"true\">16 GB DDR5-5600 MHz RAM-a (sa jednim slobodnim slotom za pro\u0161irenje)<\/td>\n<\/tr>\n<tr class=\"cZCYO\" data-sfc-cp=\"\" data-complete=\"true\">\n<td class=\"cOeeGf\" colspan=\"undefined\" data-sfc-cp=\"\" data-complete=\"true\"><strong class=\"Yjhzub\" data-complete=\"true\">Pohrana<\/strong><\/td>\n<td class=\"cOeeGf\" colspan=\"undefined\" data-sfc-cp=\"\" data-complete=\"true\">512 GB PCIe\u00ae Gen4 NVMe\u2122 M.2 SSD<\/td>\n<\/tr>\n<tr class=\"cZCYO\" data-sfc-cp=\"\" data-complete=\"true\">\n<td class=\"cOeeGf\" colspan=\"undefined\" data-sfc-cp=\"\" data-complete=\"true\"><strong class=\"Yjhzub\" data-complete=\"true\">Ekran<\/strong><\/td>\n<td class=\"cOeeGf\" colspan=\"undefined\" data-sfc-cp=\"\" data-complete=\"true\">15.6-in\u010dni Full HD (1920 x 1080), 144 Hz, IPS, anti-glare (protiv odsjaja)<\/td>\n<\/tr>\n<tr class=\"cZCYO\" data-sfc-cp=\"\" data-complete=\"true\">\n<td class=\"cOeeGf\" colspan=\"undefined\" data-sfc-cp=\"\" data-complete=\"true\"><strong class=\"Yjhzub\" data-complete=\"true\">Operativni Sistem<\/strong><\/td>\n<td class=\"cOeeGf\" colspan=\"undefined\" data-sfc-cp=\"\" data-complete=\"true\">Windows Pro 11<\/td>\n<\/tr>\n<tr class=\"cZCYO\" data-sfc-cp=\"\" data-complete=\"true\">\n<td class=\"cOeeGf\" colspan=\"undefined\" data-sfc-cp=\"\" data-complete=\"true\"><strong class=\"Yjhzub\" data-complete=\"true\">Povezivanje<\/strong><\/td>\n<td class=\"cOeeGf\" colspan=\"undefined\" data-sfc-cp=\"\" data-complete=\"true\">Wi-Fi 6 (2&#215;2) i Bluetooth\u00ae 5.4, integrisani 10\/100\/1000 GbE LAN<\/td>\n<\/tr>\n<tr class=\"cZCYO\" data-sfc-cp=\"\" data-complete=\"true\">\n<td class=\"cOeeGf\" colspan=\"undefined\" data-sfc-cp=\"\" data-complete=\"true\"><strong class=\"Yjhzub\" data-complete=\"true\">Portovi<\/strong><\/td>\n<td class=\"cOeeGf\" colspan=\"undefined\" data-sfc-cp=\"\" data-complete=\"true\">1x USB Type-C (DisplayPort\u2122 1.4, HP Sleep and Charge), 2x USB Type-A, 1x HDMI 2.1, Ethernet (RJ-45), kombinovani audio priklju\u010dak, \u010dita\u010d SD kartica<\/td>\n<\/tr>\n<tr class=\"cZCYO\" data-sfc-cp=\"\" data-complete=\"true\">\n<td class=\"cOeeGf\" colspan=\"undefined\" data-sfc-cp=\"\" data-complete=\"true\"><strong class=\"Yjhzub\" data-complete=\"true\">Tastatura<\/strong><\/td>\n<td class=\"cOeeGf\" colspan=\"undefined\" data-sfc-cp=\"\" data-complete=\"true\">Tastatura pune veli\u010dine sa pozadinskim osvjetljenjem i numeri\u010dkom tastaturom<\/td>\n<\/tr>\n<tr class=\"cZCYO\" data-sfc-cp=\"\" data-complete=\"true\">\n<td class=\"cOeeGf\" colspan=\"undefined\" data-sfc-cp=\"\" data-complete=\"true\"><strong class=\"Yjhzub\" data-complete=\"true\">Garancija<\/strong><\/td>\n<td class=\"cOeeGf\" colspan=\"undefined\" data-sfc-cp=\"\" data-complete=\"true\" aria-owns=\"action-menu-parent-container\"><strong class=\"Yjhzub\" data-complete=\"true\">12 mjeseci<\/strong><\/td>\n<\/tr>\n<\/tbody>\n<\/table>\n","protected":false},"featured_media":51527,"template":"","meta":[],"product_cat":[564,409],"product_tag":[753],"class_list":{"0":"post-51526","1":"product","2":"type-product","3":"status-publish","4":"has-post-thumbnail","6":"product_brand-hp","7":"product_cat-brend-hp","8":"product_cat-ct-notebooks","9":"product_tag-top","10":"pa_brend-hp","12":"first","13":"instock","14":"shipping-taxable","15":"purchasable","16":"product-type-simple"},"_links":{"self":[{"href":"https:\/\/techstore.ba\/shop\/wp-json\/wp\/v2\/product\/51526","targetHints":{"allow":["GET"]}}],"collection":[{"href":"https:\/\/techstore.ba\/shop\/wp-json\/wp\/v2\/product"}],"about":[{"href":"https:\/\/techstore.ba\/shop\/wp-json\/wp\/v2\/types\/product"}],"wp:featuredmedia":[{"embeddable":true,"href":"https:\/\/techstore.ba\/shop\/wp-json\/wp\/v2\/media\/51527"}],"wp:attachment":[{"href":"https:\/\/techstore.ba\/shop\/wp-json\/wp\/v2\/media?parent=51526"}],"wp:term":[{"taxonomy":"product_cat","embeddable":true,"href":"https:\/\/techstore.ba\/shop\/wp-json\/wp\/v2\/product_cat?post=51526"},{"taxonomy":"product_tag","embeddable":true,"href":"https:\/\/techstore.ba\/shop\/wp-json\/wp\/v2\/product_tag?post=51526"}],"curies":[{"name":"wp","href":"https:\/\/api.w.org\/{rel}","templated":true}]}}