{"id":51500,"date":"2026-02-13T18:22:55","date_gmt":"2026-02-13T17:22:55","guid":{"rendered":"https:\/\/techstore.ba\/shop\/?post_type=product&#038;p=51500"},"modified":"2026-02-13T18:22:55","modified_gmt":"2026-02-13T17:22:55","slug":"apacer-fd-32gb-usb-3-1-ah355","status":"publish","type":"product","link":"https:\/\/techstore.ba\/shop\/product\/apacer-fd-32gb-usb-3-1-ah355\/","title":{"rendered":"APACER FD 32GB USB 3.1 AH355"},"content":{"rendered":"","protected":false},"excerpt":{"rendered":"<p><span class=\"T286Pc\" data-sfc-cp=\"\" data-complete=\"true\"><strong class=\"Yjhzub\" data-complete=\"true\">Kapacitet<\/strong>: Stick ima\u00a0<strong class=\"Yjhzub\" data-complete=\"true\">kapacitet od 32 GB<\/strong>, \u0161to omogu\u0107ava pohranu zna\u010dajne koli\u010dine dokumenata, fotografija i video zapisa.<\/span><\/p>\n<p><span class=\"T286Pc\" data-sfc-cp=\"\" data-complete=\"true\"><strong class=\"Yjhzub\" data-complete=\"true\">Brzi interfejs<\/strong>: Koristi\u00a0<strong class=\"Yjhzub\" data-complete=\"true\">USB 3.2 Gen 1 interfejs<\/strong>\u00a0(\u010desto ozna\u010den kao USB 3.1), koji nudi br\u017ei prijenos podataka u odnosu na stariji USB 2.0 standard.<\/span><\/p>\n<p><span class=\"T286Pc\" data-sfc-cp=\"\" data-complete=\"true\"><strong class=\"Yjhzub\" data-complete=\"true\">Plug &amp; Play<\/strong>: Ure\u0111aj podr\u017eava\u00a0<strong class=\"Yjhzub\" data-complete=\"true\">&#8220;uklju\u010di i radi&#8221; (Plug &amp; Play)<\/strong>\u00a0funkcionalnost, \u0161to zna\u010di da nije potrebna instalacija posebnih drajvera za kori\u0161tenje.<\/span><\/p>\n<p><span class=\"T286Pc\" data-sfc-cp=\"\" data-complete=\"true\"><strong class=\"Yjhzub\" data-complete=\"true\">Dizajn i prenosivost<\/strong>: Odlikuje se kompaktnim dimenzijama i malom te\u017einom.\u00a0<strong class=\"Yjhzub\" data-complete=\"true\">Rupa za remen<\/strong>\u00a0(ili privezak za klju\u010deve) na kraju olak\u0161ava no\u0161enje i smanjuje rizik od gubitka.<\/span><\/p>\n<p><span class=\"T286Pc\" data-sfc-cp=\"\" data-complete=\"true\"><strong class=\"Yjhzub\" data-complete=\"true\">Kompatibilnost<\/strong>: Potpuno je\u00a0<strong class=\"Yjhzub\" data-complete=\"true\">kompatibilan sa USB 2.0<\/strong>\u00a0portovima, kao i sa modernijim USB 3.x, te radi na razli\u010ditim operativnim sistemima uklju\u010duju\u0107i Windows i Mac OS.<\/span><\/p>\n<p><span class=\"T286Pc\" data-sfc-cp=\"\" data-complete=\"true\"><strong class=\"Yjhzub\" data-complete=\"true\">Izgled<\/strong>: Ku\u0107i\u0161te je u\u00a0<strong class=\"Yjhzub\" data-complete=\"true\">&#8220;tajanstvenoj crnoj&#8221; boji<\/strong>, sa jedinstvenom ukrasnom trakom u rubin plavoj boji.<\/span><\/p>\n<p><span class=\"T286Pc\" data-sfc-cp=\"\" data-complete=\"true\" aria-owns=\"action-menu-parent-container\"><strong class=\"Yjhzub\" data-complete=\"true\">Garancija<\/strong>: 36 mjeseci\u00a0<\/span><\/p>\n","protected":false},"featured_media":51501,"template":"","meta":[],"product_cat":[331],"product_tag":[],"class_list":{"0":"post-51500","1":"product","2":"type-product","3":"status-publish","4":"has-post-thumbnail","6":"product_brand-apacer","7":"product_cat-ct-flashmem","8":"pa_brend-apacer","10":"first","11":"instock","12":"shipping-taxable","13":"purchasable","14":"product-type-simple"},"_links":{"self":[{"href":"https:\/\/techstore.ba\/shop\/wp-json\/wp\/v2\/product\/51500","targetHints":{"allow":["GET"]}}],"collection":[{"href":"https:\/\/techstore.ba\/shop\/wp-json\/wp\/v2\/product"}],"about":[{"href":"https:\/\/techstore.ba\/shop\/wp-json\/wp\/v2\/types\/product"}],"wp:featuredmedia":[{"embeddable":true,"href":"https:\/\/techstore.ba\/shop\/wp-json\/wp\/v2\/media\/51501"}],"wp:attachment":[{"href":"https:\/\/techstore.ba\/shop\/wp-json\/wp\/v2\/media?parent=51500"}],"wp:term":[{"taxonomy":"product_cat","embeddable":true,"href":"https:\/\/techstore.ba\/shop\/wp-json\/wp\/v2\/product_cat?post=51500"},{"taxonomy":"product_tag","embeddable":true,"href":"https:\/\/techstore.ba\/shop\/wp-json\/wp\/v2\/product_tag?post=51500"}],"curies":[{"name":"wp","href":"https:\/\/api.w.org\/{rel}","templated":true}]}}