{"id":51498,"date":"2026-02-13T18:18:53","date_gmt":"2026-02-13T17:18:53","guid":{"rendered":"https:\/\/techstore.ba\/shop\/?post_type=product&#038;p=51498"},"modified":"2026-02-13T18:18:53","modified_gmt":"2026-02-13T17:18:53","slug":"apacer-fd-64gb-usb-2-0-ah111","status":"publish","type":"product","link":"https:\/\/techstore.ba\/shop\/product\/apacer-fd-64gb-usb-2-0-ah111\/","title":{"rendered":"APACER FD 64GB USB 2.0 AH111"},"content":{"rendered":"","protected":false},"excerpt":{"rendered":"<p><span class=\"T286Pc\" data-sfc-cp=\"\" data-complete=\"true\"><strong class=\"Yjhzub\" data-complete=\"true\">Kapacitet i interfejs<\/strong>: Nudi\u00a0<strong class=\"Yjhzub\" data-complete=\"true\">64 GB<\/strong>\u00a0prostora za pohranu podataka i koristi\u00a0<strong class=\"Yjhzub\" data-complete=\"true\">USB 2.0<\/strong>\u00a0interfejs.<\/span><\/p>\n<p><span class=\"T286Pc\" data-sfc-cp=\"\" data-complete=\"true\"><strong class=\"Yjhzub\" data-complete=\"true\">Super-mini dizajn<\/strong>: Izuzetno je\u00a0<strong class=\"Yjhzub\" data-complete=\"true\">kompaktan<\/strong>\u00a0(dimenzija 24.7 x 12.2 x 4.6 mm prema\u00a0<span data-sfc-cp=\"\" data-complete=\"true\"><a class=\"H23r4e\" href=\"https:\/\/www.apacer.com\/en\/product\/personal-product\/personbussinesssearch\/personal_usb\/all\/2\" target=\"_blank\" rel=\"noopener\" data-hveid=\"CAEIAxAC\">Apacer.com<\/a><\/span>), te\u017ei samo 2.5 g, \u0161to ga \u010dini vrlo prenosivim.<\/span><\/p>\n<p><span class=\"T286Pc\" data-sfc-cp=\"\" data-complete=\"true\"><strong class=\"Yjhzub\" data-complete=\"true\">Izdr\u017eljivost<\/strong>: Napravljen je pomo\u0107u napredne COB (Chip on Board) tehnologije, \u0161to ga \u010dini\u00a0<strong class=\"Yjhzub\" data-complete=\"true\">vodootpornim, otpornim na pra\u0161inu i udarce<\/strong>.<\/span><\/p>\n<p><span class=\"T286Pc\" data-sfc-cp=\"\" data-complete=\"true\"><strong class=\"Yjhzub\" data-complete=\"true\">Estetika<\/strong>: Karakterizira ga\u00a0<strong class=\"Yjhzub\" data-complete=\"true\">elegantan dizajn<\/strong>\u00a0sa zaobljenim rubovima i kristalno prozirnim ku\u0107i\u0161tem u plavoj\/srebrnoj boji, podsje\u0107aju\u0107i na plavi kristal.<\/span><\/p>\n<p><span class=\"T286Pc\" data-sfc-cp=\"\" data-complete=\"true\"><strong class=\"Yjhzub\" data-complete=\"true\">Prakti\u010dnost<\/strong>: Funkcija\u00a0<strong class=\"Yjhzub\" data-complete=\"true\">&#8220;Plug &amp; Play&#8221;<\/strong>\u00a0omogu\u0107ava trenutno kori\u0161tenje bez potrebe za instalacijom dodatnog softvera.<\/span><\/p>\n<p><span class=\"T286Pc\" data-sfc-cp=\"\" data-complete=\"true\"><strong class=\"Yjhzub\" data-complete=\"true\">Kompatibilnost<\/strong>: Podr\u017eava razli\u010dite operativne sisteme, uklju\u010duju\u0107i Windows 10\/8.1\/8\/7, Mac OS 10.6.X ili noviji, i Linux Kernel 2.6.X ili noviji.<\/span><\/p>\n<p><span class=\"T286Pc\" data-sfc-cp=\"\" data-complete=\"true\"><strong class=\"Yjhzub\" data-complete=\"true\">Jednostavno no\u0161enje<\/strong>: Dolazi sa dodacima za ka\u010denje na privezak za klju\u010deve ili traku, \u0161to olak\u0161ava njegovo no\u0161enje svuda sa sobom.<\/span><span class=\"uJ19be notranslate\" data-wiz-uids=\"mAEUWb_1b,mAEUWb_1c\" data-complete=\"true\"><span class=\"vKEkVd\" data-animation-atomic=\"\" data-wiz-attrbind=\"class=mAEUWb_1a\/TKHnVd\" data-sae=\"\"><span aria-hidden=\"true\" aria-owns=\"action-menu-parent-container\"><br \/>\n<strong>Grancija:<\/strong> 36 mjeseci<\/span><\/span><\/span><\/p>\n","protected":false},"featured_media":51499,"template":"","meta":[],"product_cat":[331],"product_tag":[],"class_list":{"0":"post-51498","1":"product","2":"type-product","3":"status-publish","4":"has-post-thumbnail","6":"product_brand-apacer","7":"product_cat-ct-flashmem","8":"pa_brend-apacer","10":"first","11":"instock","12":"shipping-taxable","13":"purchasable","14":"product-type-simple"},"_links":{"self":[{"href":"https:\/\/techstore.ba\/shop\/wp-json\/wp\/v2\/product\/51498","targetHints":{"allow":["GET"]}}],"collection":[{"href":"https:\/\/techstore.ba\/shop\/wp-json\/wp\/v2\/product"}],"about":[{"href":"https:\/\/techstore.ba\/shop\/wp-json\/wp\/v2\/types\/product"}],"wp:featuredmedia":[{"embeddable":true,"href":"https:\/\/techstore.ba\/shop\/wp-json\/wp\/v2\/media\/51499"}],"wp:attachment":[{"href":"https:\/\/techstore.ba\/shop\/wp-json\/wp\/v2\/media?parent=51498"}],"wp:term":[{"taxonomy":"product_cat","embeddable":true,"href":"https:\/\/techstore.ba\/shop\/wp-json\/wp\/v2\/product_cat?post=51498"},{"taxonomy":"product_tag","embeddable":true,"href":"https:\/\/techstore.ba\/shop\/wp-json\/wp\/v2\/product_tag?post=51498"}],"curies":[{"name":"wp","href":"https:\/\/api.w.org\/{rel}","templated":true}]}}