{"id":51496,"date":"2026-02-13T18:14:09","date_gmt":"2026-02-13T17:14:09","guid":{"rendered":"https:\/\/techstore.ba\/shop\/?post_type=product&#038;p=51496"},"modified":"2026-02-13T18:15:35","modified_gmt":"2026-02-13T17:15:35","slug":"apacer-fd-64gb-usb-2-0-ah11j","status":"publish","type":"product","link":"https:\/\/techstore.ba\/shop\/product\/apacer-fd-64gb-usb-2-0-ah11j\/","title":{"rendered":"APACER FD 64GB USB 2.0 AH11J"},"content":{"rendered":"","protected":false},"excerpt":{"rendered":"<p><span class=\"T286Pc\" data-sfc-cp=\"\" data-complete=\"true\"><strong class=\"Yjhzub\" data-complete=\"true\">Kapacitet<\/strong>: Ure\u0111aj nudi\u00a0<strong class=\"Yjhzub\" data-complete=\"true\">64 GB<\/strong>\u00a0prostora za pohranu, \u0161to je dovoljno za prenos dokumenata, muzike, fotografija i manjih videozapisa.<\/span><\/p>\n<p><span class=\"T286Pc\" data-sfc-cp=\"\" data-complete=\"true\"><strong class=\"Yjhzub\" data-complete=\"true\">Interfejs<\/strong>: Koristi\u00a0<strong class=\"Yjhzub\" data-complete=\"true\">USB 2.0<\/strong>\u00a0interfejs, koji pru\u017ea dovoljnu brzinu za svakodnevnu upotrebu, iako je sporiji od novijih USB 3.0 standarda.<\/span><\/p>\n<p><span class=\"T286Pc\" data-sfc-cp=\"\" data-complete=\"true\"><strong class=\"Yjhzub\" data-complete=\"true\">Dizajn i prenosivost<\/strong>:\u00a0<strong class=\"Yjhzub\" data-complete=\"true\">Kompaktan<\/strong>\u00a0je i lagan (te\u017eine oko 3,5 g, prema BigBang.ba), sa dizajnom u\u00a0<strong class=\"Yjhzub\" data-complete=\"true\">tirkizno zelenoj<\/strong>\u00a0boji, \u0161to ga \u010dini lakim za no\u0161enje.<\/span><\/p>\n<p><span class=\"T286Pc\" data-sfc-cp=\"\" data-complete=\"true\"><strong class=\"Yjhzub\" data-complete=\"true\">Plug and Play<\/strong>: Radi na principu &#8220;uklju\u010di i koristi&#8221; (Plug and Play), \u0161to zna\u010di da\u00a0<strong class=\"Yjhzub\" data-complete=\"true\">ne zahtijeva instalaciju posebnih drajvera<\/strong>\u00a0ili softvera na ve\u0107ini operativnih sistema.<\/span><\/p>\n<p><span class=\"T286Pc\" data-sfc-cp=\"\" data-complete=\"true\"><strong class=\"Yjhzub\" data-complete=\"true\">Kompatibilnost<\/strong>: Podr\u017eava \u0161irok spektar operativnih sistema, uklju\u010duju\u0107i Windows, Linux i Mac OS, omogu\u0107avaju\u0107i jednostavan prenos podataka izme\u0111u razli\u010ditih ure\u0111aja.<\/span><\/p>\n<p><span class=\"T286Pc\" data-sfc-cp=\"\" data-complete=\"true\"><strong class=\"Yjhzub\" data-complete=\"true\">Garancija<\/strong>: 36mjeseci<\/span><\/p>\n<p><span class=\"T286Pc\" data-sfc-cp=\"\" data-complete=\"true\" aria-owns=\"action-menu-parent-container\"><strong class=\"Yjhzub\" data-complete=\"true\">Jednostavnost<\/strong>: Fokusiran je na\u00a0<strong class=\"Yjhzub\" data-complete=\"true\">jednostavnost i funkcionalnost<\/strong>, bez dodatnih naprednih funkcija, \u0161to ga \u010dini cjenovno pristupa\u010dnim rje\u0161enjem za osnovne potrebe skladi\u0161tenja.<\/span><\/p>\n","protected":false},"featured_media":51497,"template":"","meta":[],"product_cat":[331],"product_tag":[],"class_list":{"0":"post-51496","1":"product","2":"type-product","3":"status-publish","4":"has-post-thumbnail","6":"product_brand-apacer","7":"product_cat-ct-flashmem","8":"pa_brend-apacer","10":"first","11":"instock","12":"shipping-taxable","13":"purchasable","14":"product-type-simple"},"_links":{"self":[{"href":"https:\/\/techstore.ba\/shop\/wp-json\/wp\/v2\/product\/51496","targetHints":{"allow":["GET"]}}],"collection":[{"href":"https:\/\/techstore.ba\/shop\/wp-json\/wp\/v2\/product"}],"about":[{"href":"https:\/\/techstore.ba\/shop\/wp-json\/wp\/v2\/types\/product"}],"wp:featuredmedia":[{"embeddable":true,"href":"https:\/\/techstore.ba\/shop\/wp-json\/wp\/v2\/media\/51497"}],"wp:attachment":[{"href":"https:\/\/techstore.ba\/shop\/wp-json\/wp\/v2\/media?parent=51496"}],"wp:term":[{"taxonomy":"product_cat","embeddable":true,"href":"https:\/\/techstore.ba\/shop\/wp-json\/wp\/v2\/product_cat?post=51496"},{"taxonomy":"product_tag","embeddable":true,"href":"https:\/\/techstore.ba\/shop\/wp-json\/wp\/v2\/product_tag?post=51496"}],"curies":[{"name":"wp","href":"https:\/\/api.w.org\/{rel}","templated":true}]}}