{"id":51485,"date":"2026-02-13T17:50:38","date_gmt":"2026-02-13T16:50:38","guid":{"rendered":"https:\/\/techstore.ba\/shop\/?post_type=product&#038;p=51485"},"modified":"2026-02-13T17:50:38","modified_gmt":"2026-02-13T16:50:38","slug":"usb-memorijski-stik-64gb-verbatim-pinstripe","status":"publish","type":"product","link":"https:\/\/techstore.ba\/shop\/product\/usb-memorijski-stik-64gb-verbatim-pinstripe\/","title":{"rendered":"USB MEMORIJSKI STIK 64GB VERBATIM PINSTRIPE"},"content":{"rendered":"","protected":false},"excerpt":{"rendered":"<p><span class=\"T286Pc\" data-sfc-cp=\"\" data-complete=\"true\"><strong class=\"Yjhzub\" data-complete=\"true\">Kapacitet<\/strong>: Verbatim PinStripe nudi\u00a0<strong class=\"Yjhzub\" data-complete=\"true\">64 GB<\/strong>\u00a0prostora za pohranu podataka.<\/span><\/p>\n<p><span class=\"T286Pc\" data-sfc-cp=\"\" data-complete=\"true\"><strong class=\"Yjhzub\" data-complete=\"true\">Dizajn<\/strong>: Odlikuje ga lagan, prugasti dizajn sa &#8220;push-and-pull&#8221; kliznim mehanizmom koji elimini\u0161e potrebu za poklopcem, \u010dime se sprje\u010dava njegov gubitak.<\/span><\/p>\n<p><span class=\"T286Pc\" data-sfc-cp=\"\" data-complete=\"true\"><strong class=\"Yjhzub\" data-complete=\"true\">Kompatibilnost<\/strong>: Ure\u0111aj je kompatibilan sa operativnim sistemima Windows Vista\/7\/8\/8.1\/10, Mac OS X od 10.4, i Linux od 2.4.0.<\/span><\/p>\n<p><span class=\"T286Pc\" data-sfc-cp=\"\" data-complete=\"true\"><strong class=\"Yjhzub\" data-complete=\"true\">Brzina su\u010delja<\/strong>: <\/span><span class=\"T286Pc\" data-sfc-cp=\"\" data-complete=\"true\"><strong class=\"Yjhzub\" data-complete=\"true\">USB 2.0 verzija<\/strong>: Nudi brzine \u010ditanja do\u00a0<strong class=\"Yjhzub\" data-complete=\"true\">10 MB\/s<\/strong>\u00a0i brzine pisanja do\u00a0<strong class=\"Yjhzub\" data-complete=\"true\">4 MB\/s<\/strong>. <\/span><span class=\"T286Pc\" data-sfc-cp=\"\" data-complete=\"true\"><strong class=\"Yjhzub\" data-complete=\"true\">USB 3.0\/3.2 Gen 1 verzija<\/strong>: Pru\u017ea znatno ve\u0107e brzine prijenosa (do 10 puta br\u017ee od USB 2.0 prema Galaxus.de), \u0161to je korisno za ve\u0107e datoteke. Ova verzija je u potpunosti unazad kompatibilna sa USB 2.0 portovima.<\/span><\/p>\n","protected":false},"featured_media":51486,"template":"","meta":[],"product_cat":[331],"product_tag":[],"class_list":{"0":"post-51485","1":"product","2":"type-product","3":"status-publish","4":"has-post-thumbnail","6":"product_brand-verbatim","7":"product_cat-ct-flashmem","8":"pa_brend-verbatim","10":"first","11":"instock","12":"shipping-taxable","13":"purchasable","14":"product-type-simple"},"_links":{"self":[{"href":"https:\/\/techstore.ba\/shop\/wp-json\/wp\/v2\/product\/51485","targetHints":{"allow":["GET"]}}],"collection":[{"href":"https:\/\/techstore.ba\/shop\/wp-json\/wp\/v2\/product"}],"about":[{"href":"https:\/\/techstore.ba\/shop\/wp-json\/wp\/v2\/types\/product"}],"wp:featuredmedia":[{"embeddable":true,"href":"https:\/\/techstore.ba\/shop\/wp-json\/wp\/v2\/media\/51486"}],"wp:attachment":[{"href":"https:\/\/techstore.ba\/shop\/wp-json\/wp\/v2\/media?parent=51485"}],"wp:term":[{"taxonomy":"product_cat","embeddable":true,"href":"https:\/\/techstore.ba\/shop\/wp-json\/wp\/v2\/product_cat?post=51485"},{"taxonomy":"product_tag","embeddable":true,"href":"https:\/\/techstore.ba\/shop\/wp-json\/wp\/v2\/product_tag?post=51485"}],"curies":[{"name":"wp","href":"https:\/\/api.w.org\/{rel}","templated":true}]}}