{"id":51483,"date":"2026-02-13T17:47:05","date_gmt":"2026-02-13T16:47:05","guid":{"rendered":"https:\/\/techstore.ba\/shop\/?post_type=product&#038;p=51483"},"modified":"2026-02-13T17:47:05","modified_gmt":"2026-02-13T16:47:05","slug":"dual-usb-c-usb-a-memorisjki-stik-64gb-verbatim","status":"publish","type":"product","link":"https:\/\/techstore.ba\/shop\/product\/dual-usb-c-usb-a-memorisjki-stik-64gb-verbatim\/","title":{"rendered":"DUAL USB-C\/USB-A MEMORISJKI STIK 64GB VERBATIM"},"content":{"rendered":"","protected":false},"excerpt":{"rendered":"<p><span class=\"T286Pc\" data-sfc-cp=\"\" data-complete=\"true\"><strong class=\"Yjhzub\" data-complete=\"true\">Kapacitet<\/strong>: 64 GB.<\/span><\/p>\n<p><span class=\"T286Pc\" data-sfc-cp=\"\" data-complete=\"true\"><strong class=\"Yjhzub\" data-complete=\"true\">Konektori<\/strong>: Opremljen je sa\u00a0<strong class=\"Yjhzub\" data-complete=\"true\">USB-C i USB-A konektorima<\/strong>.<\/span><\/p>\n<p><span class=\"T286Pc\" data-sfc-cp=\"\" data-complete=\"true\"><strong class=\"Yjhzub\" data-complete=\"true\">Interfejs<\/strong>: Koristi\u00a0<strong class=\"Yjhzub\" data-complete=\"true\">USB 3.2 Gen 1<\/strong>\u00a0(prethodno poznat kao USB 3.0) za brzi prijenos podataka, \u0161to je do 10 puta br\u017ee od USB 2.0 (pod uslovom da i host ure\u0111aj podr\u017eava USB 3.0\/3.2 Gen 1).<\/span><\/p>\n<p><span class=\"T286Pc\" data-sfc-cp=\"\" data-complete=\"true\"><strong class=\"Yjhzub\" data-complete=\"true\">Kompatibilnost<\/strong>: Podr\u017eava operativne sisteme Windows, Mac OS, Linux i Android (sa OTG podr\u0161kom).<\/span><\/p>\n<p><span class=\"T286Pc\" data-sfc-cp=\"\" data-complete=\"true\"><strong class=\"Yjhzub\" data-complete=\"true\">Dizajn<\/strong>: Kompaktan je i prenosiv, sa prakti\u010dnom kapicom koja se mo\u017ee zaka\u010diti za privezak kako se ne bi izgubila.<\/span><\/p>\n<p><span class=\"T286Pc\" data-sfc-cp=\"\" data-complete=\"true\" aria-owns=\"action-menu-parent-container\"><strong class=\"Yjhzub\" data-complete=\"true\">Jednostavnost Kori\u0161tenja<\/strong>: Omogu\u0107ava direktan pristup datotekama sa pametnog telefona ili tableta bez potrebe za Wi-Fi konekcijom ili prijenosom na ure\u0111aj<\/span><\/p>\n","protected":false},"featured_media":51484,"template":"","meta":[],"product_cat":[331],"product_tag":[],"class_list":{"0":"post-51483","1":"product","2":"type-product","3":"status-publish","4":"has-post-thumbnail","6":"product_brand-verbatim","7":"product_cat-ct-flashmem","8":"pa_brend-verbatim","10":"first","11":"instock","12":"shipping-taxable","13":"purchasable","14":"product-type-simple"},"_links":{"self":[{"href":"https:\/\/techstore.ba\/shop\/wp-json\/wp\/v2\/product\/51483","targetHints":{"allow":["GET"]}}],"collection":[{"href":"https:\/\/techstore.ba\/shop\/wp-json\/wp\/v2\/product"}],"about":[{"href":"https:\/\/techstore.ba\/shop\/wp-json\/wp\/v2\/types\/product"}],"wp:featuredmedia":[{"embeddable":true,"href":"https:\/\/techstore.ba\/shop\/wp-json\/wp\/v2\/media\/51484"}],"wp:attachment":[{"href":"https:\/\/techstore.ba\/shop\/wp-json\/wp\/v2\/media?parent=51483"}],"wp:term":[{"taxonomy":"product_cat","embeddable":true,"href":"https:\/\/techstore.ba\/shop\/wp-json\/wp\/v2\/product_cat?post=51483"},{"taxonomy":"product_tag","embeddable":true,"href":"https:\/\/techstore.ba\/shop\/wp-json\/wp\/v2\/product_tag?post=51483"}],"curies":[{"name":"wp","href":"https:\/\/api.w.org\/{rel}","templated":true}]}}